{"id":1010,"date":"2019-03-05T10:27:47","date_gmt":"2019-03-05T09:27:47","guid":{"rendered":"http:\/\/adevie.com\/?page_id=1010"},"modified":"2019-03-05T10:27:47","modified_gmt":"2019-03-05T09:27:47","slug":"hoverboard-trottinette-electrique-gyropode","status":"publish","type":"page","link":"https:\/\/adevie.com\/index.php\/produits-2\/vehicule\/hoverboard-trottinette-electrique-gyropode\/","title":{"rendered":"Hoverboard, Trottinette \u00e9lectrique, Gyropode"},"content":{"rendered":"\n<div class=\"wp-block-image\"><figure class=\"aligncenter\"><img loading=\"lazy\" decoding=\"async\" width=\"224\" height=\"224\" src=\"http:\/\/adevie.com\/wp-content\/uploads\/2019\/03\/trotinette.png\" alt=\"\" class=\"wp-image-1011\" srcset=\"https:\/\/adevie.com\/wp-content\/uploads\/2019\/03\/trotinette.png 224w, https:\/\/adevie.com\/wp-content\/uploads\/2019\/03\/trotinette-150x150.png 150w\" sizes=\"(max-width: 224px) 100vw, 224px\" \/><\/figure><\/div>\n\n\n\n<p> Ces nouveaux modes de transport urbain sont autonomes et sont donc soumis \u00e0 une obligation d&rsquo;assurance en Responsabilit\u00e9 Civile.<br> Nous avons une solution d&rsquo;assurance \u00e0 vous proposer.<br> Pour information : <br> Si vous blessez un pi\u00e9ton avec votre engin de d\u00e9placement personnel motoris\u00e9 (EDP) alors que vous n\u2019\u00eates pas assur\u00e9, le Fonds de Garantie des Assurances Obligatoires (FGAO) intervient pour indemniser la victime mais se retournera contre vous pour r\u00e9cup\u00e9rer les sommes vers\u00e9es \u00e0 la victime, major\u00e9es de 10 %.<\/p>\n\n\n\n<div class=\"wp-block-image\"><figure class=\"aligncenter\"><a href=\"http:\/\/adevie.com\/index.php\/formulaires\/contact\/\"><img loading=\"lazy\" decoding=\"async\" width=\"300\" height=\"107\" src=\"http:\/\/adevie.com\/wp-content\/uploads\/2018\/02\/contact-300x107.jpg\" alt=\"\" class=\"wp-image-645\" srcset=\"https:\/\/adevie.com\/wp-content\/uploads\/2018\/02\/contact-300x107.jpg 300w, https:\/\/adevie.com\/wp-content\/uploads\/2018\/02\/contact.jpg 674w\" sizes=\"(max-width: 300px) 100vw, 300px\" \/><\/a><\/figure><\/div>\n","protected":false},"excerpt":{"rendered":"<p>Ces nouveaux modes de transport urbain sont autonomes et sont donc soumis \u00e0 une obligation d&rsquo;assurance en Responsabilit\u00e9 Civile. Nous avons une solution d&rsquo;assurance \u00e0 vous proposer. Pour information : Si vous blessez un pi\u00e9ton avec votre engin de d\u00e9placement personnel motoris\u00e9 (EDP) alors que vous n\u2019\u00eates pas assur\u00e9, le Fonds de Garantie des Assurances [&hellip;]<\/p>\n","protected":false},"author":1,"featured_media":1011,"parent":330,"menu_order":0,"comment_status":"closed","ping_status":"closed","template":"","meta":{"footnotes":""},"_links":{"self":[{"href":"https:\/\/adevie.com\/index.php\/wp-json\/wp\/v2\/pages\/1010"}],"collection":[{"href":"https:\/\/adevie.com\/index.php\/wp-json\/wp\/v2\/pages"}],"about":[{"href":"https:\/\/adevie.com\/index.php\/wp-json\/wp\/v2\/types\/page"}],"author":[{"embeddable":true,"href":"https:\/\/adevie.com\/index.php\/wp-json\/wp\/v2\/users\/1"}],"replies":[{"embeddable":true,"href":"https:\/\/adevie.com\/index.php\/wp-json\/wp\/v2\/comments?post=1010"}],"version-history":[{"count":1,"href":"https:\/\/adevie.com\/index.php\/wp-json\/wp\/v2\/pages\/1010\/revisions"}],"predecessor-version":[{"id":1012,"href":"https:\/\/adevie.com\/index.php\/wp-json\/wp\/v2\/pages\/1010\/revisions\/1012"}],"up":[{"embeddable":true,"href":"https:\/\/adevie.com\/index.php\/wp-json\/wp\/v2\/pages\/330"}],"wp:featuredmedia":[{"embeddable":true,"href":"https:\/\/adevie.com\/index.php\/wp-json\/wp\/v2\/media\/1011"}],"wp:attachment":[{"href":"https:\/\/adevie.com\/index.php\/wp-json\/wp\/v2\/media?parent=1010"}],"curies":[{"name":"wp","href":"https:\/\/api.w.org\/{rel}","templated":true}]}}