{"id":202,"date":"2018-02-01T15:08:47","date_gmt":"2018-02-01T14:08:47","guid":{"rendered":"http:\/\/adevie.com\/?page_id=202"},"modified":"2018-02-01T15:41:15","modified_gmt":"2018-02-01T14:41:15","slug":"axa","status":"publish","type":"page","link":"https:\/\/adevie.com\/index.php\/partenaires\/axa\/","title":{"rendered":"Axa"},"content":{"rendered":"<p style=\"text-align: center;\"><img loading=\"lazy\" decoding=\"async\" class=\"alignnone wp-image-96 aligncenter\" src=\"http:\/\/adevie.com\/wp-content\/uploads\/2018\/02\/Axa-300x300.jpg\" alt=\"\" width=\"190\" height=\"190\" \/><\/p>\n<p>&nbsp;<\/p>\n<blockquote>\n<p style=\"text-align: left;\">Aujourd\u2019hui, le groupe AXA est leader mondial de son secteur et rassemble plus de 214 000 collaborateurs, pr\u00e9sents dans soixante et un pays. Il travaille \u00e0 devenir ce qu\u2019il a r\u00eav\u00e9 d\u2019\u00eatre il y a quelques ann\u00e9es : un groupe d\u2019entrepreneurs, pionniers, innovants, toujours en alerte et pr\u00eats \u00e0 se relever de tous les combats. C\u2019est aussi cela la force d\u2019AXA : un \u00e9tat d\u2019esprit hors normes, une culture du d\u00e9fi permanent, des valeurs partag\u00e9es, une perp\u00e9tuelle exigence&#8230;<\/p>\n<\/blockquote>\n","protected":false},"excerpt":{"rendered":"<p>&nbsp; Aujourd\u2019hui, le groupe AXA est leader mondial de son secteur et rassemble plus de 214 000 collaborateurs, pr\u00e9sents dans soixante et un pays. Il travaille \u00e0 devenir ce qu\u2019il a r\u00eav\u00e9 d\u2019\u00eatre il y a quelques ann\u00e9es : un groupe d\u2019entrepreneurs, pionniers, innovants, toujours en alerte et pr\u00eats \u00e0 se relever de tous les [&hellip;]<\/p>\n","protected":false},"author":1,"featured_media":0,"parent":76,"menu_order":0,"comment_status":"closed","ping_status":"closed","template":"","meta":{"footnotes":""},"_links":{"self":[{"href":"https:\/\/adevie.com\/index.php\/wp-json\/wp\/v2\/pages\/202"}],"collection":[{"href":"https:\/\/adevie.com\/index.php\/wp-json\/wp\/v2\/pages"}],"about":[{"href":"https:\/\/adevie.com\/index.php\/wp-json\/wp\/v2\/types\/page"}],"author":[{"embeddable":true,"href":"https:\/\/adevie.com\/index.php\/wp-json\/wp\/v2\/users\/1"}],"replies":[{"embeddable":true,"href":"https:\/\/adevie.com\/index.php\/wp-json\/wp\/v2\/comments?post=202"}],"version-history":[{"count":4,"href":"https:\/\/adevie.com\/index.php\/wp-json\/wp\/v2\/pages\/202\/revisions"}],"predecessor-version":[{"id":217,"href":"https:\/\/adevie.com\/index.php\/wp-json\/wp\/v2\/pages\/202\/revisions\/217"}],"up":[{"embeddable":true,"href":"https:\/\/adevie.com\/index.php\/wp-json\/wp\/v2\/pages\/76"}],"wp:attachment":[{"href":"https:\/\/adevie.com\/index.php\/wp-json\/wp\/v2\/media?parent=202"}],"curies":[{"name":"wp","href":"https:\/\/api.w.org\/{rel}","templated":true}]}}