{"id":251,"date":"2018-02-01T17:32:51","date_gmt":"2018-02-01T16:32:51","guid":{"rendered":"http:\/\/adevie.com\/?page_id=251"},"modified":"2019-03-05T10:15:27","modified_gmt":"2019-03-05T09:15:27","slug":"particuliers","status":"publish","type":"page","link":"https:\/\/adevie.com\/index.php\/accueil\/particuliers\/","title":{"rendered":"Particuliers"},"content":{"rendered":"<p>Nous vous accompagnons dans le choix de toutes vos assurances &#8230;<\/p>\n<p>&nbsp;<\/p>\n<blockquote class=\"wp-embedded-content\" data-secret=\"bD46DNAvbb\"><p><a href=\"http:\/\/adevie.com\/index.php\/produits-2\/sante\/complementaire-sante\/\">Compl\u00e9mentaire Sant\u00e9<\/a><\/p><\/blockquote>\n<p><iframe class=\"wp-embedded-content\" sandbox=\"allow-scripts\" security=\"restricted\" style=\"position: absolute; clip: rect(1px, 1px, 1px, 1px);\" src=\"http:\/\/adevie.com\/index.php\/produits-2\/sante\/complementaire-sante\/embed\/#?secret=bD46DNAvbb\" data-secret=\"bD46DNAvbb\" width=\"600\" height=\"338\" title=\"\u00ab\u00a0Compl\u00e9mentaire Sant\u00e9\u00a0\u00bb &#8212; Ad\u00e9vie\" frameborder=\"0\" marginwidth=\"0\" marginheight=\"0\" scrolling=\"no\"><\/iframe><\/p>\n<blockquote class=\"wp-embedded-content\" data-secret=\"eQZMyfiAps\"><p><a href=\"http:\/\/adevie.com\/index.php\/produits-2\/sante\/chirurgicale\/\">Chirurgicale<\/a><\/p><\/blockquote>\n<p><iframe class=\"wp-embedded-content\" sandbox=\"allow-scripts\" security=\"restricted\" style=\"position: absolute; clip: rect(1px, 1px, 1px, 1px);\" src=\"http:\/\/adevie.com\/index.php\/produits-2\/sante\/chirurgicale\/embed\/#?secret=eQZMyfiAps\" data-secret=\"eQZMyfiAps\" width=\"600\" height=\"338\" title=\"\u00ab\u00a0Chirurgicale\u00a0\u00bb &#8212; Ad\u00e9vie\" frameborder=\"0\" marginwidth=\"0\" marginheight=\"0\" scrolling=\"no\"><\/iframe><\/p>\n<blockquote class=\"wp-embedded-content\" data-secret=\"PhJoY1JoCR\"><p><a href=\"http:\/\/adevie.com\/index.php\/produits-2\/sante\/garantie-additionnelle\/\">Garantie Additionnelle<\/a><\/p><\/blockquote>\n<p><iframe class=\"wp-embedded-content\" sandbox=\"allow-scripts\" security=\"restricted\" style=\"position: absolute; clip: rect(1px, 1px, 1px, 1px);\" src=\"http:\/\/adevie.com\/index.php\/produits-2\/sante\/garantie-additionnelle\/embed\/#?secret=PhJoY1JoCR\" data-secret=\"PhJoY1JoCR\" width=\"600\" height=\"338\" title=\"\u00ab\u00a0Garantie Additionnelle\u00a0\u00bb &#8212; Ad\u00e9vie\" frameborder=\"0\" marginwidth=\"0\" marginheight=\"0\" scrolling=\"no\"><\/iframe><\/p>\n<blockquote class=\"wp-embedded-content\" data-secret=\"DD5vIzd1te\"><p><a href=\"http:\/\/adevie.com\/index.php\/produits-2\/sante\/contrat-aide\/\">Contrat Aid\u00e9 &#8211; ACS Aide \u00e0 la Compl\u00e9mentaire Sant\u00e9<\/a><\/p><\/blockquote>\n<p><iframe class=\"wp-embedded-content\" sandbox=\"allow-scripts\" security=\"restricted\" style=\"position: absolute; clip: rect(1px, 1px, 1px, 1px);\" src=\"http:\/\/adevie.com\/index.php\/produits-2\/sante\/contrat-aide\/embed\/#?secret=DD5vIzd1te\" data-secret=\"DD5vIzd1te\" width=\"600\" height=\"338\" title=\"\u00ab\u00a0Contrat Aid\u00e9 &#8211; ACS Aide \u00e0 la Compl\u00e9mentaire Sant\u00e9\u00a0\u00bb &#8212; Ad\u00e9vie\" frameborder=\"0\" marginwidth=\"0\" marginheight=\"0\" scrolling=\"no\"><\/iframe><\/p>\n<blockquote class=\"wp-embedded-content\" data-secret=\"5oxghkM6VW\"><p><a href=\"http:\/\/adevie.com\/index.php\/produits-2\/sante\/contrat-sante-labellise\/\">Contrat Sant\u00e9 Labellis\u00e9<\/a><\/p><\/blockquote>\n<p><iframe class=\"wp-embedded-content\" sandbox=\"allow-scripts\" security=\"restricted\" style=\"position: absolute; clip: rect(1px, 1px, 1px, 1px);\" src=\"http:\/\/adevie.com\/index.php\/produits-2\/sante\/contrat-sante-labellise\/embed\/#?secret=5oxghkM6VW\" data-secret=\"5oxghkM6VW\" width=\"600\" height=\"338\" title=\"\u00ab\u00a0Contrat Sant\u00e9 Labellis\u00e9\u00a0\u00bb &#8212; Ad\u00e9vie\" frameborder=\"0\" marginwidth=\"0\" marginheight=\"0\" scrolling=\"no\"><\/iframe><\/p>\n<blockquote class=\"wp-embedded-content\" data-secret=\"HjYnmN6bDq\"><p><a href=\"http:\/\/adevie.com\/index.php\/produits-2\/sante\/sante-a-letranger\/\">Sant\u00e9 \u00e0 l&rsquo;Etranger<\/a><\/p><\/blockquote>\n<p><iframe class=\"wp-embedded-content\" sandbox=\"allow-scripts\" security=\"restricted\" style=\"position: absolute; clip: rect(1px, 1px, 1px, 1px);\" src=\"http:\/\/adevie.com\/index.php\/produits-2\/sante\/sante-a-letranger\/embed\/#?secret=HjYnmN6bDq\" data-secret=\"HjYnmN6bDq\" width=\"600\" height=\"338\" title=\"\u00ab\u00a0Sant\u00e9 \u00e0 l&rsquo;Etranger\u00a0\u00bb &#8212; Ad\u00e9vie\" frameborder=\"0\" marginwidth=\"0\" marginheight=\"0\" scrolling=\"no\"><\/iframe><\/p>\n<blockquote class=\"wp-embedded-content\" data-secret=\"LYS3r9vfwD\"><p><a href=\"http:\/\/adevie.com\/index.php\/produits-2\/prevoyance\/maintien-de-revenu\/\">Maintien de Revenu<\/a><\/p><\/blockquote>\n<p><iframe class=\"wp-embedded-content\" sandbox=\"allow-scripts\" security=\"restricted\" style=\"position: absolute; clip: rect(1px, 1px, 1px, 1px);\" src=\"http:\/\/adevie.com\/index.php\/produits-2\/prevoyance\/maintien-de-revenu\/embed\/#?secret=LYS3r9vfwD\" data-secret=\"LYS3r9vfwD\" width=\"600\" height=\"338\" title=\"\u00ab\u00a0Maintien de Revenu\u00a0\u00bb &#8212; Ad\u00e9vie\" frameborder=\"0\" marginwidth=\"0\" marginheight=\"0\" scrolling=\"no\"><\/iframe><\/p>\n<blockquote class=\"wp-embedded-content\" data-secret=\"KGgNKlTQJU\"><p><a href=\"http:\/\/adevie.com\/index.php\/produits-2\/prevoyance\/frais-dobseques\/\">Frais d&rsquo;Obs\u00e8ques<\/a><\/p><\/blockquote>\n<p><iframe class=\"wp-embedded-content\" sandbox=\"allow-scripts\" security=\"restricted\" style=\"position: absolute; clip: rect(1px, 1px, 1px, 1px);\" src=\"http:\/\/adevie.com\/index.php\/produits-2\/prevoyance\/frais-dobseques\/embed\/#?secret=KGgNKlTQJU\" data-secret=\"KGgNKlTQJU\" width=\"600\" height=\"338\" title=\"\u00ab\u00a0Frais d&rsquo;Obs\u00e8ques\u00a0\u00bb &#8212; Ad\u00e9vie\" frameborder=\"0\" marginwidth=\"0\" marginheight=\"0\" scrolling=\"no\"><\/iframe><\/p>\n<blockquote class=\"wp-embedded-content\" data-secret=\"mZeYCUOdWk\"><p><a href=\"http:\/\/adevie.com\/index.php\/produits-2\/prevoyance\/dependance\/\">D\u00e9pendance<\/a><\/p><\/blockquote>\n<p><iframe class=\"wp-embedded-content\" sandbox=\"allow-scripts\" security=\"restricted\" style=\"position: absolute; clip: rect(1px, 1px, 1px, 1px);\" src=\"http:\/\/adevie.com\/index.php\/produits-2\/prevoyance\/dependance\/embed\/#?secret=mZeYCUOdWk\" data-secret=\"mZeYCUOdWk\" width=\"600\" height=\"338\" title=\"\u00ab\u00a0D\u00e9pendance\u00a0\u00bb &#8212; Ad\u00e9vie\" frameborder=\"0\" marginwidth=\"0\" marginheight=\"0\" scrolling=\"no\"><\/iframe><\/p>\n<blockquote class=\"wp-embedded-content\" data-secret=\"bQboZ8jriu\"><p><a href=\"http:\/\/adevie.com\/index.php\/produits-2\/prevoyance\/capital-deces\/\">Capital D\u00e9c\u00e8s<\/a><\/p><\/blockquote>\n<p><iframe class=\"wp-embedded-content\" sandbox=\"allow-scripts\" security=\"restricted\" style=\"position: absolute; clip: rect(1px, 1px, 1px, 1px);\" src=\"http:\/\/adevie.com\/index.php\/produits-2\/prevoyance\/capital-deces\/embed\/#?secret=bQboZ8jriu\" data-secret=\"bQboZ8jriu\" width=\"600\" height=\"338\" title=\"\u00ab\u00a0Capital D\u00e9c\u00e8s\u00a0\u00bb &#8212; Ad\u00e9vie\" frameborder=\"0\" marginwidth=\"0\" marginheight=\"0\" scrolling=\"no\"><\/iframe><\/p>\n<blockquote class=\"wp-embedded-content\" data-secret=\"CLH7fF1hB6\"><p><a href=\"http:\/\/adevie.com\/index.php\/produits-2\/prevoyance\/indemnites-journalieres-hospitalieres\/\">Indemnit\u00e9s Journali\u00e8res Hospitali\u00e8res<\/a><\/p><\/blockquote>\n<p><iframe class=\"wp-embedded-content\" sandbox=\"allow-scripts\" security=\"restricted\" style=\"position: absolute; clip: rect(1px, 1px, 1px, 1px);\" src=\"http:\/\/adevie.com\/index.php\/produits-2\/prevoyance\/indemnites-journalieres-hospitalieres\/embed\/#?secret=CLH7fF1hB6\" data-secret=\"CLH7fF1hB6\" width=\"600\" height=\"338\" title=\"\u00ab\u00a0Indemnit\u00e9s Journali\u00e8res Hospitali\u00e8res\u00a0\u00bb &#8212; Ad\u00e9vie\" frameborder=\"0\" marginwidth=\"0\" marginheight=\"0\" scrolling=\"no\"><\/iframe><\/p>\n<blockquote class=\"wp-embedded-content\" data-secret=\"MZBdZfFw16\"><p><a href=\"http:\/\/adevie.com\/index.php\/produits-2\/prevoyance\/garantie-accident-de-la-vie\/\">Garantie Accident de la Vie<\/a><\/p><\/blockquote>\n<p><iframe class=\"wp-embedded-content\" sandbox=\"allow-scripts\" security=\"restricted\" style=\"position: absolute; clip: rect(1px, 1px, 1px, 1px);\" src=\"http:\/\/adevie.com\/index.php\/produits-2\/prevoyance\/garantie-accident-de-la-vie\/embed\/#?secret=MZBdZfFw16\" data-secret=\"MZBdZfFw16\" width=\"600\" height=\"338\" title=\"\u00ab\u00a0Garantie Accident de la Vie\u00a0\u00bb &#8212; Ad\u00e9vie\" frameborder=\"0\" marginwidth=\"0\" marginheight=\"0\" scrolling=\"no\"><\/iframe><\/p>\n<blockquote class=\"wp-embedded-content\" data-secret=\"eQcNOpVI0c\"><p><a href=\"http:\/\/adevie.com\/index.php\/produits-2\/epargne\/assurance-vie\/\">Assurance Vie<\/a><\/p><\/blockquote>\n<p><iframe class=\"wp-embedded-content\" sandbox=\"allow-scripts\" security=\"restricted\" style=\"position: absolute; clip: rect(1px, 1px, 1px, 1px);\" src=\"http:\/\/adevie.com\/index.php\/produits-2\/epargne\/assurance-vie\/embed\/#?secret=eQcNOpVI0c\" data-secret=\"eQcNOpVI0c\" width=\"600\" height=\"338\" title=\"\u00ab\u00a0Assurance Vie\u00a0\u00bb &#8212; Ad\u00e9vie\" frameborder=\"0\" marginwidth=\"0\" marginheight=\"0\" scrolling=\"no\"><\/iframe><\/p>\n<blockquote class=\"wp-embedded-content\" data-secret=\"RHb5YjTIhG\"><p><a href=\"http:\/\/adevie.com\/index.php\/produits-2\/retraite\/complementaire-retraite\/\">Compl\u00e9mentaire Retraite<\/a><\/p><\/blockquote>\n<p><iframe class=\"wp-embedded-content\" sandbox=\"allow-scripts\" security=\"restricted\" style=\"position: absolute; clip: rect(1px, 1px, 1px, 1px);\" src=\"http:\/\/adevie.com\/index.php\/produits-2\/retraite\/complementaire-retraite\/embed\/#?secret=RHb5YjTIhG\" data-secret=\"RHb5YjTIhG\" width=\"600\" height=\"338\" title=\"\u00ab\u00a0Compl\u00e9mentaire Retraite\u00a0\u00bb &#8212; Ad\u00e9vie\" frameborder=\"0\" marginwidth=\"0\" marginheight=\"0\" scrolling=\"no\"><\/iframe><\/p>\n<blockquote class=\"wp-embedded-content\" data-secret=\"tRHal1w4Ot\"><p><a href=\"http:\/\/adevie.com\/index.php\/produits-2\/habitation\/multirisque-habitation\/\">Multirisque Habitation<\/a><\/p><\/blockquote>\n<p><iframe class=\"wp-embedded-content\" sandbox=\"allow-scripts\" security=\"restricted\" style=\"position: absolute; clip: rect(1px, 1px, 1px, 1px);\" src=\"http:\/\/adevie.com\/index.php\/produits-2\/habitation\/multirisque-habitation\/embed\/#?secret=tRHal1w4Ot\" data-secret=\"tRHal1w4Ot\" width=\"600\" height=\"338\" title=\"\u00ab\u00a0Multirisque Habitation\u00a0\u00bb &#8212; Ad\u00e9vie\" frameborder=\"0\" marginwidth=\"0\" marginheight=\"0\" scrolling=\"no\"><\/iframe><\/p>\n<blockquote class=\"wp-embedded-content\" data-secret=\"oDltbNz0aA\"><p><a href=\"http:\/\/adevie.com\/index.php\/produits-2\/habitation\/proprietaire-non-occupant\/\">Propri\u00e9taire Non Occupant<\/a><\/p><\/blockquote>\n<p><iframe class=\"wp-embedded-content\" sandbox=\"allow-scripts\" security=\"restricted\" style=\"position: absolute; clip: rect(1px, 1px, 1px, 1px);\" src=\"http:\/\/adevie.com\/index.php\/produits-2\/habitation\/proprietaire-non-occupant\/embed\/#?secret=oDltbNz0aA\" data-secret=\"oDltbNz0aA\" width=\"600\" height=\"338\" title=\"\u00ab\u00a0Propri\u00e9taire Non Occupant\u00a0\u00bb &#8212; Ad\u00e9vie\" frameborder=\"0\" marginwidth=\"0\" marginheight=\"0\" scrolling=\"no\"><\/iframe><\/p>\n<blockquote class=\"wp-embedded-content\" data-secret=\"bFhzGi2Ywh\"><p><a href=\"http:\/\/adevie.com\/index.php\/produits-2\/habitation\/loyer-impaye\/\">Loyer Impay\u00e9<\/a><\/p><\/blockquote>\n<p><iframe class=\"wp-embedded-content\" sandbox=\"allow-scripts\" security=\"restricted\" style=\"position: absolute; clip: rect(1px, 1px, 1px, 1px);\" src=\"http:\/\/adevie.com\/index.php\/produits-2\/habitation\/loyer-impaye\/embed\/#?secret=bFhzGi2Ywh\" data-secret=\"bFhzGi2Ywh\" width=\"600\" height=\"338\" title=\"\u00ab\u00a0Loyer Impay\u00e9\u00a0\u00bb &#8212; Ad\u00e9vie\" frameborder=\"0\" marginwidth=\"0\" marginheight=\"0\" scrolling=\"no\"><\/iframe><\/p>\n<blockquote class=\"wp-embedded-content\" data-secret=\"xTt88QXnGX\"><p><a href=\"http:\/\/adevie.com\/index.php\/produits-2\/habitation\/mobil-home\/\">Mobil-Home<\/a><\/p><\/blockquote>\n<p><iframe class=\"wp-embedded-content\" sandbox=\"allow-scripts\" security=\"restricted\" style=\"position: absolute; clip: rect(1px, 1px, 1px, 1px);\" src=\"http:\/\/adevie.com\/index.php\/produits-2\/habitation\/mobil-home\/embed\/#?secret=xTt88QXnGX\" data-secret=\"xTt88QXnGX\" width=\"600\" height=\"338\" title=\"\u00ab\u00a0Mobil-Home\u00a0\u00bb &#8212; Ad\u00e9vie\" frameborder=\"0\" marginwidth=\"0\" marginheight=\"0\" scrolling=\"no\"><\/iframe><\/p>\n<blockquote class=\"wp-embedded-content\" data-secret=\"j8342vPBQj\"><p><a href=\"http:\/\/adevie.com\/index.php\/produits-2\/prevoyance\/assurance-de-pret\/\">Assurance de Pr\u00eat<\/a><\/p><\/blockquote>\n<p><iframe class=\"wp-embedded-content\" sandbox=\"allow-scripts\" security=\"restricted\" style=\"position: absolute; clip: rect(1px, 1px, 1px, 1px);\" src=\"http:\/\/adevie.com\/index.php\/produits-2\/prevoyance\/assurance-de-pret\/embed\/#?secret=j8342vPBQj\" data-secret=\"j8342vPBQj\" width=\"600\" height=\"338\" title=\"\u00ab\u00a0Assurance de Pr\u00eat\u00a0\u00bb &#8212; Ad\u00e9vie\" frameborder=\"0\" marginwidth=\"0\" marginheight=\"0\" scrolling=\"no\"><\/iframe><\/p>\n<blockquote class=\"wp-embedded-content\" data-secret=\"0iw8vM8zrp\"><p><a href=\"http:\/\/adevie.com\/index.php\/produits-2\/vehicule\/automobile\/\">Automobile<\/a><\/p><\/blockquote>\n<p><iframe class=\"wp-embedded-content\" sandbox=\"allow-scripts\" security=\"restricted\" style=\"position: absolute; clip: rect(1px, 1px, 1px, 1px);\" src=\"http:\/\/adevie.com\/index.php\/produits-2\/vehicule\/automobile\/embed\/#?secret=0iw8vM8zrp\" data-secret=\"0iw8vM8zrp\" width=\"600\" height=\"338\" title=\"\u00ab\u00a0Automobile\u00a0\u00bb &#8212; Ad\u00e9vie\" frameborder=\"0\" marginwidth=\"0\" marginheight=\"0\" scrolling=\"no\"><\/iframe><\/p>\n<blockquote class=\"wp-embedded-content\" data-secret=\"2eMpRlGp1E\"><p><a href=\"http:\/\/adevie.com\/index.php\/produits-2\/vehicule\/moto-quad\/\">Moto &#8211; Quad<\/a><\/p><\/blockquote>\n<p><iframe class=\"wp-embedded-content\" sandbox=\"allow-scripts\" security=\"restricted\" style=\"position: absolute; clip: rect(1px, 1px, 1px, 1px);\" src=\"http:\/\/adevie.com\/index.php\/produits-2\/vehicule\/moto-quad\/embed\/#?secret=2eMpRlGp1E\" data-secret=\"2eMpRlGp1E\" width=\"600\" height=\"338\" title=\"\u00ab\u00a0Moto &#8211; Quad\u00a0\u00bb &#8212; Ad\u00e9vie\" frameborder=\"0\" marginwidth=\"0\" marginheight=\"0\" scrolling=\"no\"><\/iframe><\/p>\n<blockquote class=\"wp-embedded-content\" data-secret=\"MPN9BOj3lG\"><p><a href=\"http:\/\/adevie.com\/index.php\/produits-2\/vehicule\/bateau\/\">Bateau<\/a><\/p><\/blockquote>\n<p><iframe class=\"wp-embedded-content\" sandbox=\"allow-scripts\" security=\"restricted\" style=\"position: absolute; clip: rect(1px, 1px, 1px, 1px);\" src=\"http:\/\/adevie.com\/index.php\/produits-2\/vehicule\/bateau\/embed\/#?secret=MPN9BOj3lG\" data-secret=\"MPN9BOj3lG\" width=\"600\" height=\"338\" title=\"\u00ab\u00a0Bateau\u00a0\u00bb &#8212; Ad\u00e9vie\" frameborder=\"0\" marginwidth=\"0\" marginheight=\"0\" scrolling=\"no\"><\/iframe><\/p>\n<blockquote class=\"wp-embedded-content\" data-secret=\"PTTEYfVpFx\"><p><a href=\"http:\/\/adevie.com\/index.php\/produits-2\/divers\/responsabilite-civile\/\">Responsabilit\u00e9 Civile<\/a><\/p><\/blockquote>\n<p><iframe class=\"wp-embedded-content\" sandbox=\"allow-scripts\" security=\"restricted\" style=\"position: absolute; clip: rect(1px, 1px, 1px, 1px);\" src=\"http:\/\/adevie.com\/index.php\/produits-2\/divers\/responsabilite-civile\/embed\/#?secret=PTTEYfVpFx\" data-secret=\"PTTEYfVpFx\" width=\"600\" height=\"338\" title=\"\u00ab\u00a0Responsabilit\u00e9 Civile\u00a0\u00bb &#8212; Ad\u00e9vie\" frameborder=\"0\" marginwidth=\"0\" marginheight=\"0\" scrolling=\"no\"><\/iframe><\/p>\n<blockquote class=\"wp-embedded-content\" data-secret=\"ogg8njQea7\"><p><a href=\"http:\/\/adevie.com\/index.php\/produits-2\/divers\/protection-juridique\/\">Protection Juridique<\/a><\/p><\/blockquote>\n<p><iframe class=\"wp-embedded-content\" sandbox=\"allow-scripts\" security=\"restricted\" style=\"position: absolute; clip: rect(1px, 1px, 1px, 1px);\" src=\"http:\/\/adevie.com\/index.php\/produits-2\/divers\/protection-juridique\/embed\/#?secret=ogg8njQea7\" data-secret=\"ogg8njQea7\" width=\"600\" height=\"338\" title=\"\u00ab\u00a0Protection Juridique\u00a0\u00bb &#8212; Ad\u00e9vie\" frameborder=\"0\" marginwidth=\"0\" marginheight=\"0\" scrolling=\"no\"><\/iframe><\/p>\n<blockquote class=\"wp-embedded-content\" data-secret=\"dCMa23yXaN\"><p><a href=\"http:\/\/adevie.com\/index.php\/produits-2\/divers\/scolaire-et-extra-scolaire\/\">Scolaire et Extra-Scolaire<\/a><\/p><\/blockquote>\n<p><iframe class=\"wp-embedded-content\" sandbox=\"allow-scripts\" security=\"restricted\" style=\"position: absolute; clip: rect(1px, 1px, 1px, 1px);\" src=\"http:\/\/adevie.com\/index.php\/produits-2\/divers\/scolaire-et-extra-scolaire\/embed\/#?secret=dCMa23yXaN\" data-secret=\"dCMa23yXaN\" width=\"600\" height=\"338\" title=\"\u00ab\u00a0Scolaire et Extra-Scolaire\u00a0\u00bb &#8212; Ad\u00e9vie\" frameborder=\"0\" marginwidth=\"0\" marginheight=\"0\" scrolling=\"no\"><\/iframe><\/p>\n<blockquote class=\"wp-embedded-content\" data-secret=\"xSZ1kH2tvd\"><p><a href=\"http:\/\/adevie.com\/index.php\/produits-2\/divers\/extension-de-garanties\/\">Extension de Garanties<\/a><\/p><\/blockquote>\n<p><iframe class=\"wp-embedded-content\" sandbox=\"allow-scripts\" security=\"restricted\" style=\"position: absolute; clip: rect(1px, 1px, 1px, 1px);\" src=\"http:\/\/adevie.com\/index.php\/produits-2\/divers\/extension-de-garanties\/embed\/#?secret=xSZ1kH2tvd\" data-secret=\"xSZ1kH2tvd\" width=\"600\" height=\"338\" title=\"\u00ab\u00a0Extension de Garanties\u00a0\u00bb &#8212; Ad\u00e9vie\" frameborder=\"0\" marginwidth=\"0\" marginheight=\"0\" scrolling=\"no\"><\/iframe><\/p>\n<blockquote class=\"wp-embedded-content\" data-secret=\"9srWROq9ax\"><p><a href=\"http:\/\/adevie.com\/index.php\/produits-2\/divers\/credit-immobilier\/\">Cr\u00e9dit Immobilier<\/a><\/p><\/blockquote>\n<p><iframe class=\"wp-embedded-content\" sandbox=\"allow-scripts\" security=\"restricted\" style=\"position: absolute; clip: rect(1px, 1px, 1px, 1px);\" src=\"http:\/\/adevie.com\/index.php\/produits-2\/divers\/credit-immobilier\/embed\/#?secret=9srWROq9ax\" data-secret=\"9srWROq9ax\" width=\"600\" height=\"338\" title=\"\u00ab\u00a0Cr\u00e9dit Immobilier\u00a0\u00bb &#8212; Ad\u00e9vie\" frameborder=\"0\" marginwidth=\"0\" marginheight=\"0\" scrolling=\"no\"><\/iframe><\/p>\n<blockquote class=\"wp-embedded-content\" data-secret=\"v5IRoK4IcG\"><p><a href=\"http:\/\/adevie.com\/index.php\/produits-2\/divers\/dommages-ouvrage\/\">Dommages-Ouvrage<\/a><\/p><\/blockquote>\n<p><iframe class=\"wp-embedded-content\" sandbox=\"allow-scripts\" security=\"restricted\" style=\"position: absolute; clip: rect(1px, 1px, 1px, 1px);\" src=\"http:\/\/adevie.com\/index.php\/produits-2\/divers\/dommages-ouvrage\/embed\/#?secret=v5IRoK4IcG\" data-secret=\"v5IRoK4IcG\" width=\"600\" height=\"338\" title=\"\u00ab\u00a0Dommages-Ouvrage\u00a0\u00bb &#8212; Ad\u00e9vie\" frameborder=\"0\" marginwidth=\"0\" marginheight=\"0\" scrolling=\"no\"><\/iframe><\/p>\n<blockquote class=\"wp-embedded-content\" data-secret=\"7tneZf6JYZ\"><p><a href=\"http:\/\/adevie.com\/index.php\/produits-2\/divers\/chasse\/\">Chasse<\/a><\/p><\/blockquote>\n<p><iframe class=\"wp-embedded-content\" sandbox=\"allow-scripts\" security=\"restricted\" style=\"position: absolute; clip: rect(1px, 1px, 1px, 1px);\" src=\"http:\/\/adevie.com\/index.php\/produits-2\/divers\/chasse\/embed\/#?secret=7tneZf6JYZ\" data-secret=\"7tneZf6JYZ\" width=\"600\" height=\"338\" title=\"\u00ab\u00a0Chasse\u00a0\u00bb &#8212; Ad\u00e9vie\" frameborder=\"0\" marginwidth=\"0\" marginheight=\"0\" scrolling=\"no\"><\/iframe><\/p>\n<blockquote class=\"wp-embedded-content\" data-secret=\"pnrYQdswne\"><p><a href=\"http:\/\/adevie.com\/index.php\/produits-2\/animaux\/sante-animale\/\">Sant\u00e9 Animale<\/a><\/p><\/blockquote>\n<p><iframe class=\"wp-embedded-content\" sandbox=\"allow-scripts\" security=\"restricted\" style=\"position: absolute; clip: rect(1px, 1px, 1px, 1px);\" src=\"http:\/\/adevie.com\/index.php\/produits-2\/animaux\/sante-animale\/embed\/#?secret=pnrYQdswne\" data-secret=\"pnrYQdswne\" width=\"600\" height=\"338\" title=\"\u00ab\u00a0Sant\u00e9 Animale\u00a0\u00bb &#8212; Ad\u00e9vie\" frameborder=\"0\" marginwidth=\"0\" marginheight=\"0\" scrolling=\"no\"><\/iframe><\/p>\n<blockquote class=\"wp-embedded-content\" data-secret=\"OVFI6q2N9X\"><p><a href=\"http:\/\/adevie.com\/index.php\/produits-2\/animaux\/responsabilite-civile-animale\/\">Responsabilit\u00e9 Civile Animale<\/a><\/p><\/blockquote>\n<p><iframe class=\"wp-embedded-content\" sandbox=\"allow-scripts\" security=\"restricted\" style=\"position: absolute; clip: rect(1px, 1px, 1px, 1px);\" src=\"http:\/\/adevie.com\/index.php\/produits-2\/animaux\/responsabilite-civile-animale\/embed\/#?secret=OVFI6q2N9X\" data-secret=\"OVFI6q2N9X\" width=\"600\" height=\"338\" title=\"\u00ab\u00a0Responsabilit\u00e9 Civile Animale\u00a0\u00bb &#8212; Ad\u00e9vie\" frameborder=\"0\" marginwidth=\"0\" marginheight=\"0\" scrolling=\"no\"><\/iframe><\/p>\n<p><a href=\"http:\/\/adevie.com\/index.php\/formulaires\/contact\/\"><img loading=\"lazy\" decoding=\"async\" width=\"300\" height=\"107\" class=\"aligncenter wp-image-645 size-medium\" alt=\"\" src=\"http:\/\/adevie.com\/wp-content\/uploads\/2018\/02\/contact-300x107.jpg\" srcset=\"https:\/\/adevie.com\/wp-content\/uploads\/2018\/02\/contact-300x107.jpg 300w, https:\/\/adevie.com\/wp-content\/uploads\/2018\/02\/contact.jpg 674w\" sizes=\"(max-width: 300px) 100vw, 300px\" \/><\/a><\/p>\n","protected":false},"excerpt":{"rendered":"<p>Nous vous accompagnons dans le choix de toutes vos assurances &#8230; &nbsp; Compl\u00e9mentaire Sant\u00e9 Chirurgicale Garantie Additionnelle Contrat Aid\u00e9 &#8211; ACS Aide \u00e0 la Compl\u00e9mentaire Sant\u00e9 Contrat Sant\u00e9 Labellis\u00e9 Sant\u00e9 \u00e0 l&rsquo;Etranger Maintien de Revenu Frais d&rsquo;Obs\u00e8ques D\u00e9pendance Capital D\u00e9c\u00e8s Indemnit\u00e9s Journali\u00e8res Hospitali\u00e8res Garantie Accident de la Vie Assurance Vie Compl\u00e9mentaire Retraite Multirisque Habitation Propri\u00e9taire [&hellip;]<\/p>\n","protected":false},"author":1,"featured_media":0,"parent":26,"menu_order":0,"comment_status":"closed","ping_status":"closed","template":"","meta":{"footnotes":""},"_links":{"self":[{"href":"https:\/\/adevie.com\/index.php\/wp-json\/wp\/v2\/pages\/251"}],"collection":[{"href":"https:\/\/adevie.com\/index.php\/wp-json\/wp\/v2\/pages"}],"about":[{"href":"https:\/\/adevie.com\/index.php\/wp-json\/wp\/v2\/types\/page"}],"author":[{"embeddable":true,"href":"https:\/\/adevie.com\/index.php\/wp-json\/wp\/v2\/users\/1"}],"replies":[{"embeddable":true,"href":"https:\/\/adevie.com\/index.php\/wp-json\/wp\/v2\/comments?post=251"}],"version-history":[{"count":4,"href":"https:\/\/adevie.com\/index.php\/wp-json\/wp\/v2\/pages\/251\/revisions"}],"predecessor-version":[{"id":1006,"href":"https:\/\/adevie.com\/index.php\/wp-json\/wp\/v2\/pages\/251\/revisions\/1006"}],"up":[{"embeddable":true,"href":"https:\/\/adevie.com\/index.php\/wp-json\/wp\/v2\/pages\/26"}],"wp:attachment":[{"href":"https:\/\/adevie.com\/index.php\/wp-json\/wp\/v2\/media?parent=251"}],"curies":[{"name":"wp","href":"https:\/\/api.w.org\/{rel}","templated":true}]}}