{"id":256,"date":"2018-02-01T17:34:10","date_gmt":"2018-02-01T16:34:10","guid":{"rendered":"http:\/\/adevie.com\/?page_id=256"},"modified":"2019-03-05T10:04:50","modified_gmt":"2019-03-05T09:04:50","slug":"independants","status":"publish","type":"page","link":"https:\/\/adevie.com\/index.php\/accueil\/independants\/","title":{"rendered":"Ind\u00e9pendants"},"content":{"rendered":"<p>En tant que Tavailleurs Non Salari\u00e9s, vous avez \u00e0 r\u00e9pondre \u00e0 des besoins sp\u00e9cifiques :<\/p>\n<p>Sant\u00e9, Pr\u00e9voyance, Retraite et Assurances Professionnelles.<\/p>\n<p>Nous vous accompagnons pour tous vos besoins et vous aurez un seul interlocuteur quelque soit la compagnie choisie.<\/p>\n<blockquote class=\"wp-embedded-content\" data-secret=\"QnEnk1yI4A\"><p><a href=\"http:\/\/adevie.com\/index.php\/produits-2\/vehicule\/flotte-automobile\/\">Flotte Automobile<\/a><\/p><\/blockquote>\n<p><iframe class=\"wp-embedded-content\" sandbox=\"allow-scripts\" security=\"restricted\" style=\"position: absolute; clip: rect(1px, 1px, 1px, 1px);\" src=\"http:\/\/adevie.com\/index.php\/produits-2\/vehicule\/flotte-automobile\/embed\/#?secret=QnEnk1yI4A\" data-secret=\"QnEnk1yI4A\" width=\"600\" height=\"338\" title=\"&#8220;Flotte Automobile&#8221; &#8212; Ad\u00e9vie\" frameborder=\"0\" marginwidth=\"0\" marginheight=\"0\" scrolling=\"no\"><\/iframe><\/p>\n<blockquote class=\"wp-embedded-content\" data-secret=\"mErpMRmKst\"><p><a href=\"http:\/\/adevie.com\/index.php\/produits-2\/epargne\/plan-epargne-entreprise-pee\/\">Plan Epargne Entreprise (PEE)<\/a><\/p><\/blockquote>\n<p><iframe class=\"wp-embedded-content\" sandbox=\"allow-scripts\" security=\"restricted\" style=\"position: absolute; clip: rect(1px, 1px, 1px, 1px);\" src=\"http:\/\/adevie.com\/index.php\/produits-2\/epargne\/plan-epargne-entreprise-pee\/embed\/#?secret=mErpMRmKst\" data-secret=\"mErpMRmKst\" width=\"600\" height=\"338\" title=\"&#8220;Plan Epargne Entreprise (PEE)&#8221; &#8212; Ad\u00e9vie\" frameborder=\"0\" marginwidth=\"0\" marginheight=\"0\" scrolling=\"no\"><\/iframe><\/p>\n<blockquote class=\"wp-embedded-content\" data-secret=\"BEhGrNdCsB\"><p><a href=\"http:\/\/adevie.com\/index.php\/produits-2\/divers\/protection-juridique\/\">Protection Juridique<\/a><\/p><\/blockquote>\n<p><iframe class=\"wp-embedded-content\" sandbox=\"allow-scripts\" security=\"restricted\" style=\"position: absolute; clip: rect(1px, 1px, 1px, 1px);\" src=\"http:\/\/adevie.com\/index.php\/produits-2\/divers\/protection-juridique\/embed\/#?secret=BEhGrNdCsB\" data-secret=\"BEhGrNdCsB\" width=\"600\" height=\"338\" title=\"\u00ab\u00a0Protection Juridique\u00a0\u00bb &#8212; Ad\u00e9vie\" frameborder=\"0\" marginwidth=\"0\" marginheight=\"0\" scrolling=\"no\"><\/iframe><\/p>\n<p>&nbsp;<\/p>\n<p><a href=\"http:\/\/adevie.com\/index.php\/formulaires\/contact\/\"><img loading=\"lazy\" decoding=\"async\" width=\"300\" height=\"107\" class=\"aligncenter wp-image-645 size-medium\" alt=\"\" src=\"http:\/\/adevie.com\/wp-content\/uploads\/2018\/02\/contact-300x107.jpg\" srcset=\"https:\/\/adevie.com\/wp-content\/uploads\/2018\/02\/contact-300x107.jpg 300w, https:\/\/adevie.com\/wp-content\/uploads\/2018\/02\/contact.jpg 674w\" sizes=\"(max-width: 300px) 100vw, 300px\" \/><\/a><\/p>\n","protected":false},"excerpt":{"rendered":"<p>En tant que Tavailleurs Non Salari\u00e9s, vous avez \u00e0 r\u00e9pondre \u00e0 des besoins sp\u00e9cifiques : Sant\u00e9, Pr\u00e9voyance, Retraite et Assurances Professionnelles. Nous vous accompagnons pour tous vos besoins et vous aurez un seul interlocuteur quelque soit la compagnie choisie. Flotte Automobile Plan Epargne Entreprise (PEE) Protection Juridique &nbsp;<\/p>\n","protected":false},"author":1,"featured_media":0,"parent":26,"menu_order":0,"comment_status":"closed","ping_status":"closed","template":"","meta":{"footnotes":""},"_links":{"self":[{"href":"https:\/\/adevie.com\/index.php\/wp-json\/wp\/v2\/pages\/256"}],"collection":[{"href":"https:\/\/adevie.com\/index.php\/wp-json\/wp\/v2\/pages"}],"about":[{"href":"https:\/\/adevie.com\/index.php\/wp-json\/wp\/v2\/types\/page"}],"author":[{"embeddable":true,"href":"https:\/\/adevie.com\/index.php\/wp-json\/wp\/v2\/users\/1"}],"replies":[{"embeddable":true,"href":"https:\/\/adevie.com\/index.php\/wp-json\/wp\/v2\/comments?post=256"}],"version-history":[{"count":6,"href":"https:\/\/adevie.com\/index.php\/wp-json\/wp\/v2\/pages\/256\/revisions"}],"predecessor-version":[{"id":1003,"href":"https:\/\/adevie.com\/index.php\/wp-json\/wp\/v2\/pages\/256\/revisions\/1003"}],"up":[{"embeddable":true,"href":"https:\/\/adevie.com\/index.php\/wp-json\/wp\/v2\/pages\/26"}],"wp:attachment":[{"href":"https:\/\/adevie.com\/index.php\/wp-json\/wp\/v2\/media?parent=256"}],"curies":[{"name":"wp","href":"https:\/\/api.w.org\/{rel}","templated":true}]}}