{"id":268,"date":"2018-02-01T17:47:47","date_gmt":"2018-02-01T16:47:47","guid":{"rendered":"http:\/\/adevie.com\/?page_id=268"},"modified":"2019-05-22T10:34:01","modified_gmt":"2019-05-22T08:34:01","slug":"pratique","status":"publish","type":"page","link":"https:\/\/adevie.com\/index.php\/accueil\/pratique\/","title":{"rendered":"Pratique"},"content":{"rendered":"<table width=\"777\">\n<tbody>\n<tr>\n<td colspan=\"2\">\n<div align=\"center\" class=\"Style8\"><u>Espace Pratique &#8230; Liens Utiles<\/u><\/div>\n<\/td>\n<\/tr>\n<tr>\n<td colspan=\"2\">&nbsp;<\/td>\n<\/tr>\n<tr>\n<td colspan=\"2\">&nbsp;<\/td>\n<\/tr>\n<tr>\n<td colspan=\"2\">\n<div align=\"center\"><strong>Pour Tous :<br \/>\nSite Internet de L&rsquo;Assurance Maladie : Ameli.fr<\/strong><\/div>\n<\/td>\n<\/tr>\n<tr>\n<td colspan=\"2\">&nbsp;<\/td>\n<\/tr>\n<tr>\n<td height=\"21\" colspan=\"2\"><img loading=\"lazy\" decoding=\"async\" width=\"12\" height=\"12\" alt=\"Question\" src=\"http:\/\/www.adevie.fr\/Images\/bullets\/b_rouge.gif\">&nbsp;<a href=\"https:\/\/www.ameli.fr\/accueil-de-la-ccam\/trouver-un-acte\/index.php\" target=\"_blank\" rel=\"noopener noreferrer\">Tous les codes pour comprendre un devis m\u00e9dical<\/a><\/td>\n<\/tr>\n<tr>\n<td height=\"21\" colspan=\"2\"><img loading=\"lazy\" decoding=\"async\" width=\"12\" height=\"12\" alt=\"Question\" src=\"http:\/\/www.adevie.fr\/Images\/bullets\/b_rouge.gif\">&nbsp;<a href=\"http:\/\/www.ameli.fr\/assures\/adresses-tarifs\/professionnels-de-sante.php\" target=\"_blank\" rel=\"noopener noreferrer\">Adresses &amp; Tarifs des professionnels de sant\u00e9<\/a><\/td>\n<\/tr>\n<tr>\n<td colspan=\"2\"><img loading=\"lazy\" decoding=\"async\" width=\"12\" height=\"12\" alt=\"Question\" src=\"http:\/\/www.adevie.fr\/Images\/bullets\/b_rouge.gif\">&nbsp;<a href=\"http:\/\/ameli-direct.ameli.fr\/\" target=\"_blank\" rel=\"noopener noreferrer\">Trouver un Professionnel de Sant\u00e9 ou un Etablissement de Soins<\/a><\/td>\n<\/tr>\n<tr>\n<td colspan=\"2\">&nbsp;<\/td>\n<\/tr>\n<tr>\n<td colspan=\"2\">\n<div align=\"center\"><strong>R\u00e9gime G\u00e9n\u00e9ral :<br \/>\nSite Internet de L&rsquo;Assurance Maladie : Ameli.fr<\/strong><\/div>\n<\/td>\n<\/tr>\n<tr>\n<td colspan=\"2\">&nbsp;<\/td>\n<\/tr>\n<tr>\n<td colspan=\"2\"><img loading=\"lazy\" decoding=\"async\" width=\"12\" height=\"12\" alt=\"Question\" src=\"http:\/\/www.adevie.fr\/Images\/bullets\/b_rouge.gif\">&nbsp;<a href=\"https:\/\/allosecu.jetmultimedia.fr\/basdallo.htm\" target=\"_blank\" rel=\"noopener noreferrer\">Consulter vos remboursements en ligne<\/a><\/td>\n<\/tr>\n<tr>\n<td colspan=\"2\"><img loading=\"lazy\" decoding=\"async\" width=\"12\" height=\"12\" alt=\"Question\" src=\"http:\/\/www.adevie.fr\/Images\/bullets\/b_rouge.gif\">&nbsp;<a href=\"http:\/\/www.ameli.fr\/assures\/rechercher-un-formulaire\/index_gironde.php\" target=\"_blank\" rel=\"noopener noreferrer\">Formulaires de l&rsquo;Assurance Maladie&nbsp;<span class=\"Style10\">(Demande d&rsquo;Affiliation, M\u00e9decin Traitant, CMU&#8230;)<\/span><\/a><\/td>\n<\/tr>\n<tr>\n<td colspan=\"2\"><img loading=\"lazy\" decoding=\"async\" width=\"12\" height=\"12\" alt=\"Question\" src=\"http:\/\/www.adevie.fr\/Images\/bullets\/b_rouge.gif\">&nbsp;<a href=\"http:\/\/www.ameli.fr\/assures\/votre-caisse-gironde\/index_gironde.php\" target=\"_blank\" rel=\"noopener noreferrer\">Service en Ligne de l&rsquo;Assurance Maladie&nbsp;<span class=\"Style10\">En Gironde<\/span><\/a><span class=\"Style10\"><br \/>\n<\/span><\/td>\n<\/tr>\n<tr>\n<td colspan=\"2\">&nbsp;<\/td>\n<\/tr>\n<tr>\n<td colspan=\"2\">\n<div align=\"center\"><strong>Artisan, Commer\u00e7ant ou Professionnel Lib\u00e9ral :<br \/>\nSite Internet de La RAM-GAMEX<\/strong><\/div>\n<\/td>\n<\/tr>\n<tr>\n<td colspan=\"2\">&nbsp;<\/td>\n<\/tr>\n<tr>\n<td colspan=\"2\"><img loading=\"lazy\" decoding=\"async\" width=\"12\" height=\"12\" alt=\"Question\" src=\"http:\/\/www.adevie.fr\/Images\/bullets\/b_rouge.gif\">&nbsp;<a href=\"http:\/\/www.ramgamex.fr\/webramgamex\/webramgamex.nsf\/HTML\/ESAL-6PPDBE.html\" target=\"_blank\" rel=\"noopener noreferrer\">Consulter vos remboursements en ligne<\/a><\/td>\n<\/tr>\n<tr>\n<td height=\"21\" colspan=\"2\"><img loading=\"lazy\" decoding=\"async\" width=\"12\" height=\"12\" alt=\"Question\" src=\"http:\/\/www.adevie.fr\/Images\/bullets\/b_rouge.gif\">&nbsp;<a href=\"http:\/\/www.ramgamex.fr\/webramgamex\/webramgamex.nsf\/HTML\/BDAN-6A9MHN.html\" target=\"_blank\" rel=\"noopener noreferrer\">Formulaires de l&rsquo;Assurance Maladie&nbsp;<span class=\"Style10\">(Demande d&rsquo;Affiliation, M\u00e9decin Traitant, CMU&#8230;)<\/span><\/a><\/td>\n<\/tr>\n<tr>\n<td colspan=\"2\">&nbsp;<\/td>\n<\/tr>\n<tr>\n<td colspan=\"2\">\n<div align=\"center\"><strong>MSA<\/strong><\/div>\n<\/td>\n<\/tr>\n<tr>\n<td colspan=\"2\">&nbsp;<\/td>\n<\/tr>\n<tr>\n<td height=\"40\" colspan=\"2\"><img loading=\"lazy\" decoding=\"async\" width=\"12\" height=\"12\" alt=\"Question\" src=\"http:\/\/www.adevie.fr\/Images\/bullets\/b_rouge.gif\">&nbsp;<a href=\"http:\/\/www.msa.fr\/front?controller=Accueil&amp;redirection=true\" target=\"_blank\" rel=\"noopener noreferrer\">Consulter vos remboursements en ligne<\/a><br \/>\n(S\u00e9lectionnez le centre MSA de votre r\u00e9gion et identifiez-vous)<\/td>\n<\/tr>\n<tr>\n<td colspan=\"2\">&nbsp;<\/td>\n<\/tr>\n<tr>\n<td height=\"82\" style=\"text-align: center;\" colspan=\"2\">Fiche Pratique<\/td>\n<\/tr>\n<tr>\n<td colspan=\"2\"><img loading=\"lazy\" decoding=\"async\" width=\"12\" height=\"12\" alt=\"Question\" src=\"http:\/\/www.adevie.fr\/Images\/bullets\/b_rouge.gif\"> <a href=\"https:\/\/www.service-public.fr\/particuliers\/vosdroits\/F13375\">Dossier d&rsquo;Aide \u00e0 l&rsquo;acquisition d&rsquo;une Couverture Maladie Compl\u00e9mentaire (ACS) (servcice-public.fr)<\/a><\/td>\n<\/tr>\n<tr>\n<td colspan=\"2\"><img loading=\"lazy\" decoding=\"async\" width=\"12\" height=\"12\" alt=\"Question\" src=\"http:\/\/www.adevie.fr\/Images\/bullets\/b_rouge.gif\"> <a href=\"https:\/\/www.service-public.fr\/particuliers\/vosdroits\/F32010\">Directives anticip\u00e9es : derni\u00e8res volont\u00e9s sur les soins en fin de vie avec mod\u00e8le (service-public.fr)<\/a><\/td>\n<\/tr>\n<tr>\n<td colspan=\"2\">&nbsp;<\/td>\n<\/tr>\n<tr>\n<td colspan=\"2\">\n<p align=\"center\">Tous les liens ci-dessus sont des parties int\u00e9grantes du site www.ameli.fr qui est \u00e9dit\u00e9 par l&rsquo;Assurance Maladie, caisse nationale. Elle est seule propri\u00e9taire de ses informations.<\/p>\n<p align=\"center\">Ces liens ont \u00e9t\u00e9 ajout\u00e9s sur ce site dans le seul but de centraliser des informations succeptibles d&rsquo;interesser les internautes.<\/p>\n<p align=\"center\" style=\"text-align: center;\">Les informations diffus\u00e9es n&rsquo;engagent pas la responsabilit\u00e9 d&rsquo;Ad\u00e9vie Sant\u00e9. Nous nous effor\u00e7ons d&rsquo;apporter une source d&rsquo;information compl\u00e9mentaire. N\u00e9anmoins, nous ne pouvons les garantir. Merci de nous signaler toute erreur ou omission en \u00e9crivant \u00e0&nbsp;<a href=\"mailto:webmaster@adevie.fr\">l&rsquo;administrateur du site<\/a>.<\/p>\n<p>Les marques cit\u00e9es appartiennent \u00e0 leur propri\u00e9taire respectifs.<\/td>\n<\/tr>\n<\/tbody>\n<\/table>\n","protected":false},"excerpt":{"rendered":"<p>Espace Pratique &#8230; Liens Utiles &nbsp; &nbsp; Pour Tous : Site Internet de L&rsquo;Assurance Maladie : Ameli.fr &nbsp; &nbsp;Tous les codes pour comprendre un devis m\u00e9dical &nbsp;Adresses &amp; Tarifs des professionnels de sant\u00e9 &nbsp;Trouver un Professionnel de Sant\u00e9 ou un Etablissement de Soins &nbsp; R\u00e9gime G\u00e9n\u00e9ral : Site Internet de L&rsquo;Assurance Maladie : Ameli.fr &nbsp; [&hellip;]<\/p>\n","protected":false},"author":1,"featured_media":0,"parent":26,"menu_order":0,"comment_status":"closed","ping_status":"closed","template":"","meta":{"footnotes":""},"_links":{"self":[{"href":"https:\/\/adevie.com\/index.php\/wp-json\/wp\/v2\/pages\/268"}],"collection":[{"href":"https:\/\/adevie.com\/index.php\/wp-json\/wp\/v2\/pages"}],"about":[{"href":"https:\/\/adevie.com\/index.php\/wp-json\/wp\/v2\/types\/page"}],"author":[{"embeddable":true,"href":"https:\/\/adevie.com\/index.php\/wp-json\/wp\/v2\/users\/1"}],"replies":[{"embeddable":true,"href":"https:\/\/adevie.com\/index.php\/wp-json\/wp\/v2\/comments?post=268"}],"version-history":[{"count":8,"href":"https:\/\/adevie.com\/index.php\/wp-json\/wp\/v2\/pages\/268\/revisions"}],"predecessor-version":[{"id":1061,"href":"https:\/\/adevie.com\/index.php\/wp-json\/wp\/v2\/pages\/268\/revisions\/1061"}],"up":[{"embeddable":true,"href":"https:\/\/adevie.com\/index.php\/wp-json\/wp\/v2\/pages\/26"}],"wp:attachment":[{"href":"https:\/\/adevie.com\/index.php\/wp-json\/wp\/v2\/media?parent=268"}],"curies":[{"name":"wp","href":"https:\/\/api.w.org\/{rel}","templated":true}]}}