{"id":28,"date":"2018-01-31T15:02:44","date_gmt":"2018-01-31T14:02:44","guid":{"rendered":"http:\/\/adevie.com\/?page_id=28"},"modified":"2025-07-02T15:10:27","modified_gmt":"2025-07-02T13:10:27","slug":"contact","status":"publish","type":"page","link":"https:\/\/adevie.com\/index.php\/contact\/","title":{"rendered":"Contact"},"content":{"rendered":"<div style=\"width: 750px;\" class=\"wp-video\"><!--[if lt IE 9]><script>document.createElement('video');<\/script><![endif]-->\n<video class=\"wp-video-shortcode\" id=\"video-28-1\" width=\"750\" height=\"422\" preload=\"metadata\" controls=\"controls\"><source type=\"video\/mp4\" src=\"http:\/\/adevie.com\/wp-content\/uploads\/2018\/08\/20180816.mp4?_=1\" \/><a href=\"http:\/\/adevie.com\/wp-content\/uploads\/2018\/08\/20180816.mp4\">http:\/\/adevie.com\/wp-content\/uploads\/2018\/08\/20180816.mp4<\/a><\/video><\/div>\n<p style=\"text-align: center;\">Vid\u00e9o de Pr\u00e9sentation<\/p>\n<p>Nous s\u00e9lectionnons pour vous la ou les garanties les plus adapt\u00e9es \u00e0 vos besoins au meilleur co\u00fbt.<\/p>\n<p>Vous b\u00e9n\u00e9ficiez de compagnies d&rsquo;Assurance ou de Mutuelles de renomm\u00e9es nationales et d&rsquo;un conseiller toujours plus proche de vous.<\/p>\n<ul>\n<li><a href=\"https:\/\/www.google.fr\/maps\/place\/55+Rue+de+Tauzia,+33800+Bordeaux\/@44.8287705,-0.5604086,17z\/data=!3m1!4b1!4m5!3m4!1s0xd55264990131bab:0x140e70dea717c95b!8m2!3d44.8287667!4d-0.5582199\" target=\"_blank\" rel=\"noopener noreferrer\">Nous Localiser avec Google Map<\/a><\/li>\n<li><a href=\"http:\/\/adevie.com\/index.php\/mentions-legales\/\">Mentions L\u00e9gales<\/a><\/li>\n<\/ul>\n<p><a href=\"http:\/\/adevie.com\/index.php\/formulaires\/contact\/\"><img loading=\"lazy\" decoding=\"async\" class=\"aligncenter wp-image-645 size-medium\" src=\"http:\/\/adevie.com\/wp-content\/uploads\/2018\/02\/contact-300x107.jpg\" alt=\"\" width=\"300\" height=\"107\" srcset=\"https:\/\/adevie.com\/wp-content\/uploads\/2018\/02\/contact-300x107.jpg 300w, https:\/\/adevie.com\/wp-content\/uploads\/2018\/02\/contact.jpg 674w\" sizes=\"(max-width: 300px) 100vw, 300px\" \/><\/a><\/p>\n","protected":false},"excerpt":{"rendered":"<p>Vid\u00e9o de Pr\u00e9sentation Nous s\u00e9lectionnons pour vous la ou les garanties les plus adapt\u00e9es \u00e0 vos besoins au meilleur co\u00fbt. Vous b\u00e9n\u00e9ficiez de compagnies d&rsquo;Assurance ou de Mutuelles de renomm\u00e9es nationales et d&rsquo;un conseiller toujours plus proche de vous. Nous Localiser avec Google Map Mentions L\u00e9gales<\/p>\n","protected":false},"author":1,"featured_media":23,"parent":0,"menu_order":0,"comment_status":"closed","ping_status":"closed","template":"contact.php","meta":{"footnotes":""},"_links":{"self":[{"href":"https:\/\/adevie.com\/index.php\/wp-json\/wp\/v2\/pages\/28"}],"collection":[{"href":"https:\/\/adevie.com\/index.php\/wp-json\/wp\/v2\/pages"}],"about":[{"href":"https:\/\/adevie.com\/index.php\/wp-json\/wp\/v2\/types\/page"}],"author":[{"embeddable":true,"href":"https:\/\/adevie.com\/index.php\/wp-json\/wp\/v2\/users\/1"}],"replies":[{"embeddable":true,"href":"https:\/\/adevie.com\/index.php\/wp-json\/wp\/v2\/comments?post=28"}],"version-history":[{"count":29,"href":"https:\/\/adevie.com\/index.php\/wp-json\/wp\/v2\/pages\/28\/revisions"}],"predecessor-version":[{"id":1402,"href":"https:\/\/adevie.com\/index.php\/wp-json\/wp\/v2\/pages\/28\/revisions\/1402"}],"wp:featuredmedia":[{"embeddable":true,"href":"https:\/\/adevie.com\/index.php\/wp-json\/wp\/v2\/media\/23"}],"wp:attachment":[{"href":"https:\/\/adevie.com\/index.php\/wp-json\/wp\/v2\/media?parent=28"}],"curies":[{"name":"wp","href":"https:\/\/api.w.org\/{rel}","templated":true}]}}