{"id":286,"date":"2018-02-02T09:20:05","date_gmt":"2018-02-02T08:20:05","guid":{"rendered":"http:\/\/adevie.com\/?page_id=286"},"modified":"2018-02-07T16:45:41","modified_gmt":"2018-02-07T15:45:41","slug":"retraite","status":"publish","type":"page","link":"https:\/\/adevie.com\/index.php\/produits-2\/retraite\/","title":{"rendered":"Retraite"},"content":{"rendered":"<blockquote class=\"wp-embedded-content\" data-secret=\"TKJi3fxQFh\"><p><a href=\"http:\/\/adevie.com\/index.php\/produits-2\/retraite\/complementaire-retraite\/\">Compl\u00e9mentaire Retraite<\/a><\/p><\/blockquote>\n<p><iframe class=\"wp-embedded-content\" sandbox=\"allow-scripts\" security=\"restricted\" style=\"position: absolute; clip: rect(1px, 1px, 1px, 1px);\" src=\"http:\/\/adevie.com\/index.php\/produits-2\/retraite\/complementaire-retraite\/embed\/#?secret=TKJi3fxQFh\" data-secret=\"TKJi3fxQFh\" width=\"600\" height=\"338\" title=\"&#8220;Compl\u00e9mentaire Retraite&#8221; &#8212; Ad\u00e9vie\" frameborder=\"0\" marginwidth=\"0\" marginheight=\"0\" scrolling=\"no\"><\/iframe><\/p>\n<blockquote class=\"wp-embedded-content\" data-secret=\"QZVAtIMRMg\"><p><a href=\"http:\/\/adevie.com\/index.php\/produits-2\/retraite\/complementaire-retraite-madelin\/\">Compl\u00e9mentaire Retraite Madelin<\/a><\/p><\/blockquote>\n<p><iframe class=\"wp-embedded-content\" sandbox=\"allow-scripts\" security=\"restricted\" style=\"position: absolute; clip: rect(1px, 1px, 1px, 1px);\" src=\"http:\/\/adevie.com\/index.php\/produits-2\/retraite\/complementaire-retraite-madelin\/embed\/#?secret=QZVAtIMRMg\" data-secret=\"QZVAtIMRMg\" width=\"600\" height=\"338\" title=\"&#8220;Compl\u00e9mentaire Retraite Madelin&#8221; &#8212; Ad\u00e9vie\" frameborder=\"0\" marginwidth=\"0\" marginheight=\"0\" scrolling=\"no\"><\/iframe><\/p>\n<blockquote class=\"wp-embedded-content\" data-secret=\"uwLKLpCNh7\"><p><a href=\"http:\/\/adevie.com\/index.php\/produits-2\/retraite\/perp\/\">Compl\u00e9mentaire Retraite Perp<\/a><\/p><\/blockquote>\n<p><iframe class=\"wp-embedded-content\" sandbox=\"allow-scripts\" security=\"restricted\" style=\"position: absolute; clip: rect(1px, 1px, 1px, 1px);\" src=\"http:\/\/adevie.com\/index.php\/produits-2\/retraite\/perp\/embed\/#?secret=uwLKLpCNh7\" data-secret=\"uwLKLpCNh7\" width=\"600\" height=\"338\" title=\"&#8220;Compl\u00e9mentaire Retraite Perp&#8221; &#8212; Ad\u00e9vie\" frameborder=\"0\" marginwidth=\"0\" marginheight=\"0\" scrolling=\"no\"><\/iframe><\/p>\n<blockquote class=\"wp-embedded-content\" data-secret=\"XqVXCNbFdp\"><p><a href=\"http:\/\/adevie.com\/index.php\/produits-2\/retraite\/complementaire-retraite-entreprise-perco\/\">Compl\u00e9mentaire Retraite Entreprise PERCO<\/a><\/p><\/blockquote>\n<p><iframe class=\"wp-embedded-content\" sandbox=\"allow-scripts\" security=\"restricted\" style=\"position: absolute; clip: rect(1px, 1px, 1px, 1px);\" src=\"http:\/\/adevie.com\/index.php\/produits-2\/retraite\/complementaire-retraite-entreprise-perco\/embed\/#?secret=XqVXCNbFdp\" data-secret=\"XqVXCNbFdp\" width=\"600\" height=\"338\" title=\"&#8220;Compl\u00e9mentaire Retraite Entreprise PERCO&#8221; &#8212; Ad\u00e9vie\" frameborder=\"0\" marginwidth=\"0\" marginheight=\"0\" scrolling=\"no\"><\/iframe><\/p>\n","protected":false},"excerpt":{"rendered":"<p>Compl\u00e9mentaire Retraite Compl\u00e9mentaire Retraite Madelin Compl\u00e9mentaire Retraite Perp Compl\u00e9mentaire Retraite Entreprise PERCO<\/p>\n","protected":false},"author":1,"featured_media":0,"parent":27,"menu_order":0,"comment_status":"closed","ping_status":"closed","template":"","meta":{"footnotes":""},"_links":{"self":[{"href":"https:\/\/adevie.com\/index.php\/wp-json\/wp\/v2\/pages\/286"}],"collection":[{"href":"https:\/\/adevie.com\/index.php\/wp-json\/wp\/v2\/pages"}],"about":[{"href":"https:\/\/adevie.com\/index.php\/wp-json\/wp\/v2\/types\/page"}],"author":[{"embeddable":true,"href":"https:\/\/adevie.com\/index.php\/wp-json\/wp\/v2\/users\/1"}],"replies":[{"embeddable":true,"href":"https:\/\/adevie.com\/index.php\/wp-json\/wp\/v2\/comments?post=286"}],"version-history":[{"count":6,"href":"https:\/\/adevie.com\/index.php\/wp-json\/wp\/v2\/pages\/286\/revisions"}],"predecessor-version":[{"id":696,"href":"https:\/\/adevie.com\/index.php\/wp-json\/wp\/v2\/pages\/286\/revisions\/696"}],"up":[{"embeddable":true,"href":"https:\/\/adevie.com\/index.php\/wp-json\/wp\/v2\/pages\/27"}],"wp:attachment":[{"href":"https:\/\/adevie.com\/index.php\/wp-json\/wp\/v2\/media?parent=286"}],"curies":[{"name":"wp","href":"https:\/\/api.w.org\/{rel}","templated":true}]}}