{"id":291,"date":"2018-02-02T10:08:23","date_gmt":"2018-02-02T09:08:23","guid":{"rendered":"http:\/\/adevie.com\/?page_id=291"},"modified":"2018-02-07T16:45:28","modified_gmt":"2018-02-07T15:45:28","slug":"complementaire-retraite","status":"publish","type":"page","link":"https:\/\/adevie.com\/index.php\/produits-2\/retraite\/complementaire-retraite\/","title":{"rendered":"Compl\u00e9mentaire Retraite"},"content":{"rendered":"<p>Retraite Compl\u00e9mentaire<br \/>\ndans le cadre de l&rsquo;Assurance-Vie<\/p>\n<p>Pr\u00e9parer d\u00e8s Aujourd&rsquo;hui votre Retraite \u00e0 partir de 50 euros par mois !!!<\/p>\n<p>Vous le lisez tous les jours dans la presse : dans quelques ann\u00e9es \u00e0 peine, les actifs risquent de ne plus \u00eatre assez nombreux pour assurer des revenus suffisants aux futurs retrait\u00e9s. Une retraite surcompl\u00e9mentaire est d\u00e9sormais indispensable.<\/p>\n<p>Bouton A votre rythme, vous vous consituez, dans le cadre de l&rsquo;assurance-vie, un capital ou un revenu \u00e0 vie qui viendra compl\u00e9ter avantageusement votre retraite de base.<\/p>\n<p>Bouton Vous pouvez orienter votre \u00e9pargne vers le fonds en euros cantonn\u00e9, totalement s\u00e9curis\u00e9 et\/ou des supports en unit\u00e9s de compte pour b\u00e9n\u00e9ficier de la dynamique boursi\u00e8re \u00e0 long terme.<\/p>\n<p>Bouton Vous b\u00e9n\u00e9ficiez d&rsquo;une fiscalit\u00e9 avantageuse sur les int\u00e9r\u00eats produits et une large exon\u00e9ration de droits de succession pour les b\u00e9n\u00e9ficiaires en cas de d\u00e9c\u00e8s.<\/p>\n<p>Nous sommes \u00e0 votre disposition pour vous permettre de faire le point sur votre future retraite en \u00e9tablissant un bilan gratuit et sans engagement de votre situation.<\/p>\n<p><a href=\"http:\/\/adevie.com\/index.php\/formulaires\/contact\/\"><img loading=\"lazy\" decoding=\"async\" class=\"aligncenter wp-image-645 size-medium\" src=\"http:\/\/adevie.com\/wp-content\/uploads\/2018\/02\/contact-300x107.jpg\" alt=\"\" width=\"300\" height=\"107\" srcset=\"https:\/\/adevie.com\/wp-content\/uploads\/2018\/02\/contact-300x107.jpg 300w, https:\/\/adevie.com\/wp-content\/uploads\/2018\/02\/contact.jpg 674w\" sizes=\"(max-width: 300px) 100vw, 300px\" \/><\/a><\/p>\n","protected":false},"excerpt":{"rendered":"<p>Retraite Compl\u00e9mentaire dans le cadre de l&rsquo;Assurance-Vie Pr\u00e9parer d\u00e8s Aujourd&rsquo;hui votre Retraite \u00e0 partir de 50 euros par mois !!! Vous le lisez tous les jours dans la presse : dans quelques ann\u00e9es \u00e0 peine, les actifs risquent de ne plus \u00eatre assez nombreux pour assurer des revenus suffisants aux futurs retrait\u00e9s. Une retraite surcompl\u00e9mentaire [&hellip;]<\/p>\n","protected":false},"author":1,"featured_media":0,"parent":286,"menu_order":0,"comment_status":"closed","ping_status":"closed","template":"","meta":{"footnotes":""},"_links":{"self":[{"href":"https:\/\/adevie.com\/index.php\/wp-json\/wp\/v2\/pages\/291"}],"collection":[{"href":"https:\/\/adevie.com\/index.php\/wp-json\/wp\/v2\/pages"}],"about":[{"href":"https:\/\/adevie.com\/index.php\/wp-json\/wp\/v2\/types\/page"}],"author":[{"embeddable":true,"href":"https:\/\/adevie.com\/index.php\/wp-json\/wp\/v2\/users\/1"}],"replies":[{"embeddable":true,"href":"https:\/\/adevie.com\/index.php\/wp-json\/wp\/v2\/comments?post=291"}],"version-history":[{"count":3,"href":"https:\/\/adevie.com\/index.php\/wp-json\/wp\/v2\/pages\/291\/revisions"}],"predecessor-version":[{"id":695,"href":"https:\/\/adevie.com\/index.php\/wp-json\/wp\/v2\/pages\/291\/revisions\/695"}],"up":[{"embeddable":true,"href":"https:\/\/adevie.com\/index.php\/wp-json\/wp\/v2\/pages\/286"}],"wp:attachment":[{"href":"https:\/\/adevie.com\/index.php\/wp-json\/wp\/v2\/media?parent=291"}],"curies":[{"name":"wp","href":"https:\/\/api.w.org\/{rel}","templated":true}]}}