{"id":30,"date":"2018-01-31T15:02:44","date_gmt":"2018-01-31T14:02:44","guid":{"rendered":"http:\/\/adevie.com\/?page_id=30"},"modified":"2023-08-16T09:35:10","modified_gmt":"2023-08-16T07:35:10","slug":"connexion","status":"publish","type":"page","link":"https:\/\/adevie.com\/index.php\/accueil\/connexion\/","title":{"rendered":"Connexion"},"content":{"rendered":"<table width=\"777\">\n<tbody>\n<tr>\n<td colspan=\"2\">\n<div class=\"Style8\" style=\"padding-left: 30px;\" align=\"center\"><a href=\"http:\/\/adevie.com\/index.php\/accueil\/parrainage\/\"><img loading=\"lazy\" decoding=\"async\" class=\"aligncenter wp-image-600\" src=\"http:\/\/adevie.com\/wp-content\/uploads\/2018\/02\/PARRAINAGE-300x150.png\" alt=\"\" width=\"266\" height=\"133\" srcset=\"https:\/\/adevie.com\/wp-content\/uploads\/2018\/02\/PARRAINAGE-300x150.png 300w, https:\/\/adevie.com\/wp-content\/uploads\/2018\/02\/PARRAINAGE.png 600w\" sizes=\"(max-width: 266px) 100vw, 266px\" \/><\/a><\/div>\n<\/td>\n<\/tr>\n<tr>\n<td colspan=\"2\">\n<blockquote><p><strong>Selon le partenaire que vous avez choisi :<\/strong><\/p>\n<p><em>Nous vous rappelons tout de m\u00eame que dans tous les cas,<\/em><\/p>\n<p><em>nous restons \u00e0 votre disposition pour tout renseignement compl\u00e9mentaire.<\/em><\/p><\/blockquote>\n<\/td>\n<\/tr>\n<tr>\n<td colspan=\"2\">\n<div style=\"text-align: center;\" align=\"left\">\u00a0<u>Espace Clients &#8230;<\/u><\/div>\n<\/td>\n<\/tr>\n<tr>\n<td width=\"239\">\u00a0<a href=\"https:\/\/www.allianz.fr\/mon-espace-client\/\" target=\"_blank\" rel=\"noopener noreferrer\"><img loading=\"lazy\" decoding=\"async\" class=\"wp-image-98 size-full aligncenter\" src=\"http:\/\/adevie.com\/wp-content\/uploads\/2018\/02\/allianz-e1517484892141.jpg\" alt=\"\" width=\"128\" height=\"72\" \/><\/a><\/td>\n<td width=\"298\">\u00a0<a href=\"http:\/\/www.amis-assurance.fr\" target=\"_blank\" rel=\"noopener noreferrer\"><img loading=\"lazy\" decoding=\"async\" class=\"size-full wp-image-940 aligncenter\" src=\"http:\/\/adevie.com\/wp-content\/uploads\/2018\/07\/Malakoff-Amis-e1534410554317.jpg\" alt=\"\" width=\"122\" height=\"100\" \/><\/a><\/td>\n<\/tr>\n<tr>\n<td width=\"239\">\u00a0<a href=\"https:\/\/www.alptis.org\/connexion-espace-adherent\/\" target=\"_blank\" rel=\"noopener noreferrer\"><img loading=\"lazy\" decoding=\"async\" class=\"size-full wp-image-603 aligncenter\" src=\"http:\/\/adevie.com\/wp-content\/uploads\/2018\/02\/Alptis-2018.png\" alt=\"\" width=\"163\" height=\"55\" \/><\/a><\/td>\n<td width=\"298\">\u00a0<img loading=\"lazy\" decoding=\"async\" class=\"wp-image-119 size-full aligncenter\" src=\"http:\/\/adevie.com\/wp-content\/uploads\/2018\/02\/apicil-e1517485096782.gif\" alt=\"\" width=\"100\" height=\"46\" \/><\/td>\n<\/tr>\n<tr>\n<td width=\"239\">\u00a0<a href=\"https:\/\/adherents.apivia.fr\/login#\/\" target=\"_blank\" rel=\"noopener noreferrer\"><img loading=\"lazy\" decoding=\"async\" class=\"wp-image-602 aligncenter\" src=\"http:\/\/adevie.com\/wp-content\/uploads\/2018\/02\/Apivia-2018-300x234.jpg\" alt=\"\" width=\"102\" height=\"80\" \/><\/a><\/td>\n<td width=\"298\">\u00a0<a href=\"https:\/\/www.afps.asso.fr\/index.php?module=querybox&amp;etat=accueil&amp;action=adherent\" target=\"_blank\" rel=\"noopener noreferrer\"><img loading=\"lazy\" decoding=\"async\" class=\"alignnone wp-image-107 aligncenter\" src=\"http:\/\/adevie.com\/wp-content\/uploads\/2018\/02\/ASAFAFPS-530-294x300.jpg\" alt=\"\" width=\"85\" height=\"86\" \/><\/a><\/td>\n<\/tr>\n<tr>\n<td style=\"text-align: center;\" width=\"239\"><a href=\"http:\/\/www.mielmut.fr\/espace Affili\u00e9s\" data-wplink-url-error=\"true\"><img loading=\"lazy\" decoding=\"async\" class=\"wp-image-1072 aligncenter\" src=\"http:\/\/adevie.com\/wp-content\/uploads\/2020\/01\/sans-titre.png\" alt=\"Miel\" width=\"118\" height=\"69\" \/><\/a><\/td>\n<td style=\"text-align: center;\" width=\"298\">\u00a0<a href=\"https:\/\/myswisslife.fr\/#\/login\" target=\"_blank\" rel=\"noopener noreferrer\"><img loading=\"lazy\" decoding=\"async\" class=\"wp-image-94 size-full aligncenter\" src=\"http:\/\/adevie.com\/wp-content\/uploads\/2018\/02\/swiss2.gif\" alt=\"\" width=\"110\" height=\"77\" \/><\/a><\/td>\n<\/tr>\n<tr>\n<td width=\"239\"><\/td>\n<td width=\"298\"><\/td>\n<\/tr>\n<tr>\n<td style=\"text-align: center;\" colspan=\"2\"><strong><u>Accords de Tiers Payant et Avantages Partenaires&#8230;<\/u><\/strong><\/p>\n<p>selon le choix de la compagnie<\/td>\n<\/tr>\n<tr>\n<td style=\"text-align: center;\" width=\"239\">\u00a0<a href=\"https:\/\/www.carteblanchepartenaires.fr\/\" target=\"_blank\" rel=\"noopener noreferrer\"><img loading=\"lazy\" decoding=\"async\" class=\"wp-image-604 size-full aligncenter\" src=\"http:\/\/adevie.com\/wp-content\/uploads\/2018\/02\/carte-blanche-2018.png\" alt=\"\" width=\"76\" height=\"76\" \/><\/a><\/td>\n<td width=\"298\">\u00a0<a href=\"https:\/\/www.itelis.fr\/\" target=\"_blank\" rel=\"noopener noreferrer\"><img loading=\"lazy\" decoding=\"async\" class=\"alignnone wp-image-605 size-full aligncenter\" src=\"http:\/\/adevie.com\/wp-content\/uploads\/2018\/02\/itelis-2018.png\" alt=\"\" width=\"141\" height=\"57\" \/><\/a><\/td>\n<\/tr>\n<tr>\n<td width=\"239\">\u00a0<a href=\"https:\/\/www.santeclair.fr\/web\/\" target=\"_blank\" rel=\"noopener noreferrer\"><img loading=\"lazy\" decoding=\"async\" class=\"size-full wp-image-606 aligncenter\" src=\"http:\/\/adevie.com\/wp-content\/uploads\/2018\/02\/santeclair-2018.png\" alt=\"\" width=\"221\" height=\"60\" \/><\/a><\/td>\n<td width=\"298\"><a href=\"https:\/\/www.kalivia-sante.fr\/Kalivia\/accueil\/connexion;jsessionid=weHVaiZLIbWdYncIv1JENp2q.undefined\" target=\"_blank\" rel=\"noopener noreferrer\"><img loading=\"lazy\" decoding=\"async\" class=\"wp-image-1051 aligncenter\" src=\"http:\/\/adevie.com\/wp-content\/uploads\/2019\/04\/kalivia-300x157.png\" alt=\"\" width=\"151\" height=\"79\" srcset=\"https:\/\/adevie.com\/wp-content\/uploads\/2019\/04\/kalivia-300x157.png 300w, https:\/\/adevie.com\/wp-content\/uploads\/2019\/04\/kalivia.png 657w\" sizes=\"(max-width: 151px) 100vw, 151px\" \/><\/a><\/td>\n<\/tr>\n<tr>\n<td colspan=\"2\"><\/td>\n<\/tr>\n<tr>\n<td colspan=\"2\">\n<div class=\"Style8\" align=\"center\"><u>Espace Partenaires&#8230;<\/u><\/div>\n<\/td>\n<\/tr>\n<tr>\n<td colspan=\"2\"><\/td>\n<\/tr>\n<tr>\n<td colspan=\"2\">\u00a0<a href=\"http:\/\/31.34.153.123\/fmi\/webd\/Gcif\" target=\"_blank\" rel=\"noopener noreferrer\"><img loading=\"lazy\" decoding=\"async\" class=\"aligncenter wp-image-597 size-full\" src=\"http:\/\/adevie.com\/wp-content\/uploads\/2018\/02\/logo_gcif-2.jpg\" alt=\"\" width=\"210\" height=\"207\" \/><\/a><\/td>\n<\/tr>\n<tr>\n<td style=\"text-align: center;\" colspan=\"2\"><a href=\"http:\/\/82.166.107.3\/fmi\/webd\/Gcif\" target=\"_blank\" rel=\"noopener noreferrer\">\u00a0GCIF &#8211; Groupement des Courtiers Ind\u00e9pendants de France<\/a><\/td>\n<\/tr>\n<\/tbody>\n<\/table>\n<p>Espace Clients &#8230;\u200b<\/p>\n","protected":false},"excerpt":{"rendered":"<p>Selon le partenaire que vous avez choisi : Nous vous rappelons tout de m\u00eame que dans tous les cas, nous restons \u00e0 votre disposition pour tout renseignement compl\u00e9mentaire. \u00a0Espace Clients &#8230; \u00a0 \u00a0 \u00a0 \u00a0 \u00a0 \u00a0 \u00a0 Accords de Tiers Payant et Avantages Partenaires&#8230; selon le choix de la compagnie \u00a0 \u00a0 \u00a0 Espace [&hellip;]<\/p>\n","protected":false},"author":1,"featured_media":23,"parent":26,"menu_order":0,"comment_status":"closed","ping_status":"closed","template":"","meta":{"footnotes":""},"_links":{"self":[{"href":"https:\/\/adevie.com\/index.php\/wp-json\/wp\/v2\/pages\/30"}],"collection":[{"href":"https:\/\/adevie.com\/index.php\/wp-json\/wp\/v2\/pages"}],"about":[{"href":"https:\/\/adevie.com\/index.php\/wp-json\/wp\/v2\/types\/page"}],"author":[{"embeddable":true,"href":"https:\/\/adevie.com\/index.php\/wp-json\/wp\/v2\/users\/1"}],"replies":[{"embeddable":true,"href":"https:\/\/adevie.com\/index.php\/wp-json\/wp\/v2\/comments?post=30"}],"version-history":[{"count":27,"href":"https:\/\/adevie.com\/index.php\/wp-json\/wp\/v2\/pages\/30\/revisions"}],"predecessor-version":[{"id":1371,"href":"https:\/\/adevie.com\/index.php\/wp-json\/wp\/v2\/pages\/30\/revisions\/1371"}],"up":[{"embeddable":true,"href":"https:\/\/adevie.com\/index.php\/wp-json\/wp\/v2\/pages\/26"}],"wp:featuredmedia":[{"embeddable":true,"href":"https:\/\/adevie.com\/index.php\/wp-json\/wp\/v2\/media\/23"}],"wp:attachment":[{"href":"https:\/\/adevie.com\/index.php\/wp-json\/wp\/v2\/media?parent=30"}],"curies":[{"name":"wp","href":"https:\/\/api.w.org\/{rel}","templated":true}]}}