{"id":305,"date":"2018-02-02T10:57:05","date_gmt":"2018-02-02T09:57:05","guid":{"rendered":"http:\/\/adevie.com\/?page_id=305"},"modified":"2018-02-08T09:56:07","modified_gmt":"2018-02-08T08:56:07","slug":"prevoyance","status":"publish","type":"page","link":"https:\/\/adevie.com\/index.php\/produits-2\/prevoyance\/","title":{"rendered":"Pr\u00e9voyance"},"content":{"rendered":"<blockquote class=\"wp-embedded-content\" data-secret=\"Em8c4nE4rq\"><p><a href=\"http:\/\/adevie.com\/index.php\/produits-2\/prevoyance\/maintien-de-revenu\/\">Maintien de Revenu<\/a><\/p><\/blockquote>\n<p><iframe class=\"wp-embedded-content\" sandbox=\"allow-scripts\" security=\"restricted\" style=\"position: absolute; clip: rect(1px, 1px, 1px, 1px);\" src=\"http:\/\/adevie.com\/index.php\/produits-2\/prevoyance\/maintien-de-revenu\/embed\/#?secret=Em8c4nE4rq\" data-secret=\"Em8c4nE4rq\" width=\"600\" height=\"338\" title=\"&#8220;Maintien de Revenu&#8221; &#8212; Ad\u00e9vie\" frameborder=\"0\" marginwidth=\"0\" marginheight=\"0\" scrolling=\"no\"><\/iframe><\/p>\n<blockquote class=\"wp-embedded-content\" data-secret=\"RjEpWjsqlb\"><p><a href=\"http:\/\/adevie.com\/index.php\/produits-2\/prevoyance\/frais-generaux\/\">Frais G\u00e9n\u00e9raux<\/a><\/p><\/blockquote>\n<p><iframe class=\"wp-embedded-content\" sandbox=\"allow-scripts\" security=\"restricted\" style=\"position: absolute; clip: rect(1px, 1px, 1px, 1px);\" src=\"http:\/\/adevie.com\/index.php\/produits-2\/prevoyance\/frais-generaux\/embed\/#?secret=RjEpWjsqlb\" data-secret=\"RjEpWjsqlb\" width=\"600\" height=\"338\" title=\"&#8220;Frais G\u00e9n\u00e9raux&#8221; &#8212; Ad\u00e9vie\" frameborder=\"0\" marginwidth=\"0\" marginheight=\"0\" scrolling=\"no\"><\/iframe><\/p>\n<blockquote class=\"wp-embedded-content\" data-secret=\"KjLaXkhgrd\"><p><a href=\"http:\/\/adevie.com\/index.php\/produits-2\/prevoyance\/assurance-de-pret\/\">Assurance de Pr\u00eat<\/a><\/p><\/blockquote>\n<p><iframe class=\"wp-embedded-content\" sandbox=\"allow-scripts\" security=\"restricted\" style=\"position: absolute; clip: rect(1px, 1px, 1px, 1px);\" src=\"http:\/\/adevie.com\/index.php\/produits-2\/prevoyance\/assurance-de-pret\/embed\/#?secret=KjLaXkhgrd\" data-secret=\"KjLaXkhgrd\" width=\"600\" height=\"338\" title=\"&#8220;Assurance de Pr\u00eat&#8221; &#8212; Ad\u00e9vie\" frameborder=\"0\" marginwidth=\"0\" marginheight=\"0\" scrolling=\"no\"><\/iframe><\/p>\n<blockquote class=\"wp-embedded-content\" data-secret=\"6JgGuTv2jL\"><p><a href=\"http:\/\/adevie.com\/index.php\/produits-2\/prevoyance\/frais-dobseques\/\">Frais d&#8217;Obs\u00e8ques<\/a><\/p><\/blockquote>\n<p><iframe class=\"wp-embedded-content\" sandbox=\"allow-scripts\" security=\"restricted\" style=\"position: absolute; clip: rect(1px, 1px, 1px, 1px);\" src=\"http:\/\/adevie.com\/index.php\/produits-2\/prevoyance\/frais-dobseques\/embed\/#?secret=6JgGuTv2jL\" data-secret=\"6JgGuTv2jL\" width=\"600\" height=\"338\" title=\"&#8220;Frais d&#8217;Obs\u00e8ques&#8221; &#8212; Ad\u00e9vie\" frameborder=\"0\" marginwidth=\"0\" marginheight=\"0\" scrolling=\"no\"><\/iframe><\/p>\n<blockquote class=\"wp-embedded-content\" data-secret=\"LWpXpWlky9\"><p><a href=\"http:\/\/adevie.com\/index.php\/produits-2\/prevoyance\/dependance\/\">D\u00e9pendance<\/a><\/p><\/blockquote>\n<p><iframe class=\"wp-embedded-content\" sandbox=\"allow-scripts\" security=\"restricted\" style=\"position: absolute; clip: rect(1px, 1px, 1px, 1px);\" src=\"http:\/\/adevie.com\/index.php\/produits-2\/prevoyance\/dependance\/embed\/#?secret=LWpXpWlky9\" data-secret=\"LWpXpWlky9\" width=\"600\" height=\"338\" title=\"&#8220;D\u00e9pendance&#8221; &#8212; Ad\u00e9vie\" frameborder=\"0\" marginwidth=\"0\" marginheight=\"0\" scrolling=\"no\"><\/iframe><\/p>\n<blockquote class=\"wp-embedded-content\" data-secret=\"oWMKFJTgmB\"><p><a href=\"http:\/\/adevie.com\/index.php\/produits-2\/prevoyance\/capital-deces\/\">Capital D\u00e9c\u00e8s<\/a><\/p><\/blockquote>\n<p><iframe class=\"wp-embedded-content\" sandbox=\"allow-scripts\" security=\"restricted\" style=\"position: absolute; clip: rect(1px, 1px, 1px, 1px);\" src=\"http:\/\/adevie.com\/index.php\/produits-2\/prevoyance\/capital-deces\/embed\/#?secret=oWMKFJTgmB\" data-secret=\"oWMKFJTgmB\" width=\"600\" height=\"338\" title=\"&#8220;Capital D\u00e9c\u00e8s&#8221; &#8212; Ad\u00e9vie\" frameborder=\"0\" marginwidth=\"0\" marginheight=\"0\" scrolling=\"no\"><\/iframe><\/p>\n<blockquote class=\"wp-embedded-content\" data-secret=\"ccY7i0OQI1\"><p><a href=\"http:\/\/adevie.com\/index.php\/produits-2\/prevoyance\/indemnites-journalieres-hospitalieres\/\">Indemnit\u00e9s Journali\u00e8res Hospitali\u00e8res<\/a><\/p><\/blockquote>\n<p><iframe class=\"wp-embedded-content\" sandbox=\"allow-scripts\" security=\"restricted\" style=\"position: absolute; clip: rect(1px, 1px, 1px, 1px);\" src=\"http:\/\/adevie.com\/index.php\/produits-2\/prevoyance\/indemnites-journalieres-hospitalieres\/embed\/#?secret=ccY7i0OQI1\" data-secret=\"ccY7i0OQI1\" width=\"600\" height=\"338\" title=\"&#8220;Indemnit\u00e9s Journali\u00e8res Hospitali\u00e8res&#8221; &#8212; Ad\u00e9vie\" frameborder=\"0\" marginwidth=\"0\" marginheight=\"0\" scrolling=\"no\"><\/iframe><\/p>\n<blockquote class=\"wp-embedded-content\" data-secret=\"iK4JCoIrXq\"><p><a href=\"http:\/\/adevie.com\/index.php\/produits-2\/prevoyance\/garantie-accident-de-la-vie\/\">Garantie Accident de la Vie<\/a><\/p><\/blockquote>\n<p><iframe class=\"wp-embedded-content\" sandbox=\"allow-scripts\" security=\"restricted\" style=\"position: absolute; clip: rect(1px, 1px, 1px, 1px);\" src=\"http:\/\/adevie.com\/index.php\/produits-2\/prevoyance\/garantie-accident-de-la-vie\/embed\/#?secret=iK4JCoIrXq\" data-secret=\"iK4JCoIrXq\" width=\"600\" height=\"338\" title=\"&#8220;Garantie Accident de la Vie&#8221; &#8212; Ad\u00e9vie\" frameborder=\"0\" marginwidth=\"0\" marginheight=\"0\" scrolling=\"no\"><\/iframe><\/p>\n<blockquote class=\"wp-embedded-content\" data-secret=\"idbPrpNaDW\"><p><a href=\"http:\/\/adevie.com\/index.php\/produits-2\/prevoyance\/prevoyance-collective\/\">Pr\u00e9voyance Collective<\/a><\/p><\/blockquote>\n<p><iframe class=\"wp-embedded-content\" sandbox=\"allow-scripts\" security=\"restricted\" style=\"position: absolute; clip: rect(1px, 1px, 1px, 1px);\" src=\"http:\/\/adevie.com\/index.php\/produits-2\/prevoyance\/prevoyance-collective\/embed\/#?secret=idbPrpNaDW\" data-secret=\"idbPrpNaDW\" width=\"600\" height=\"338\" title=\"&#8220;Pr\u00e9voyance Collective&#8221; &#8212; Ad\u00e9vie\" frameborder=\"0\" marginwidth=\"0\" marginheight=\"0\" scrolling=\"no\"><\/iframe><\/p>\n","protected":false},"excerpt":{"rendered":"<p>Maintien de Revenu Frais G\u00e9n\u00e9raux Assurance de Pr\u00eat Frais d&#8217;Obs\u00e8ques D\u00e9pendance Capital D\u00e9c\u00e8s Indemnit\u00e9s Journali\u00e8res Hospitali\u00e8res Garantie Accident de la Vie Pr\u00e9voyance Collective<\/p>\n","protected":false},"author":1,"featured_media":0,"parent":27,"menu_order":0,"comment_status":"closed","ping_status":"closed","template":"","meta":{"footnotes":""},"_links":{"self":[{"href":"https:\/\/adevie.com\/index.php\/wp-json\/wp\/v2\/pages\/305"}],"collection":[{"href":"https:\/\/adevie.com\/index.php\/wp-json\/wp\/v2\/pages"}],"about":[{"href":"https:\/\/adevie.com\/index.php\/wp-json\/wp\/v2\/types\/page"}],"author":[{"embeddable":true,"href":"https:\/\/adevie.com\/index.php\/wp-json\/wp\/v2\/users\/1"}],"replies":[{"embeddable":true,"href":"https:\/\/adevie.com\/index.php\/wp-json\/wp\/v2\/comments?post=305"}],"version-history":[{"count":5,"href":"https:\/\/adevie.com\/index.php\/wp-json\/wp\/v2\/pages\/305\/revisions"}],"predecessor-version":[{"id":751,"href":"https:\/\/adevie.com\/index.php\/wp-json\/wp\/v2\/pages\/305\/revisions\/751"}],"up":[{"embeddable":true,"href":"https:\/\/adevie.com\/index.php\/wp-json\/wp\/v2\/pages\/27"}],"wp:attachment":[{"href":"https:\/\/adevie.com\/index.php\/wp-json\/wp\/v2\/media?parent=305"}],"curies":[{"name":"wp","href":"https:\/\/api.w.org\/{rel}","templated":true}]}}