{"id":325,"date":"2018-02-02T11:34:13","date_gmt":"2018-02-02T10:34:13","guid":{"rendered":"http:\/\/adevie.com\/?page_id=325"},"modified":"2018-02-08T09:59:40","modified_gmt":"2018-02-08T08:59:40","slug":"sante","status":"publish","type":"page","link":"https:\/\/adevie.com\/index.php\/produits-2\/sante\/","title":{"rendered":"Sant\u00e9"},"content":{"rendered":"<blockquote class=\"wp-embedded-content\" data-secret=\"l5gKPNDiqd\"><p><a href=\"http:\/\/adevie.com\/index.php\/produits-2\/sante\/complementaire-sante\/\">Compl\u00e9mentaire Sant\u00e9<\/a><\/p><\/blockquote>\n<p><iframe class=\"wp-embedded-content\" sandbox=\"allow-scripts\" security=\"restricted\" style=\"position: absolute; clip: rect(1px, 1px, 1px, 1px);\" src=\"http:\/\/adevie.com\/index.php\/produits-2\/sante\/complementaire-sante\/embed\/#?secret=l5gKPNDiqd\" data-secret=\"l5gKPNDiqd\" width=\"600\" height=\"338\" title=\"&#8220;Compl\u00e9mentaire Sant\u00e9&#8221; &#8212; Ad\u00e9vie\" frameborder=\"0\" marginwidth=\"0\" marginheight=\"0\" scrolling=\"no\"><\/iframe><\/p>\n<blockquote class=\"wp-embedded-content\" data-secret=\"igfMCVF53e\"><p><a href=\"http:\/\/adevie.com\/index.php\/produits-2\/sante\/chirurgicale\/\">Chirurgicale<\/a><\/p><\/blockquote>\n<p><iframe class=\"wp-embedded-content\" sandbox=\"allow-scripts\" security=\"restricted\" style=\"position: absolute; clip: rect(1px, 1px, 1px, 1px);\" src=\"http:\/\/adevie.com\/index.php\/produits-2\/sante\/chirurgicale\/embed\/#?secret=igfMCVF53e\" data-secret=\"igfMCVF53e\" width=\"600\" height=\"338\" title=\"&#8220;Chirurgicale&#8221; &#8212; Ad\u00e9vie\" frameborder=\"0\" marginwidth=\"0\" marginheight=\"0\" scrolling=\"no\"><\/iframe><\/p>\n<blockquote class=\"wp-embedded-content\" data-secret=\"CMX7M94tYR\"><p><a href=\"http:\/\/adevie.com\/index.php\/produits-2\/sante\/garantie-additionnelle\/\">Garantie Additionnelle<\/a><\/p><\/blockquote>\n<p><iframe class=\"wp-embedded-content\" sandbox=\"allow-scripts\" security=\"restricted\" style=\"position: absolute; clip: rect(1px, 1px, 1px, 1px);\" src=\"http:\/\/adevie.com\/index.php\/produits-2\/sante\/garantie-additionnelle\/embed\/#?secret=CMX7M94tYR\" data-secret=\"CMX7M94tYR\" width=\"600\" height=\"338\" title=\"&#8220;Garantie Additionnelle&#8221; &#8212; Ad\u00e9vie\" frameborder=\"0\" marginwidth=\"0\" marginheight=\"0\" scrolling=\"no\"><\/iframe><\/p>\n<blockquote class=\"wp-embedded-content\" data-secret=\"5Tmiy1ZMyY\"><p><a href=\"http:\/\/adevie.com\/index.php\/produits-2\/sante\/contrat-aide\/\">Contrat Aid\u00e9 &#8211; ACS Aide \u00e0 la Compl\u00e9mentaire Sant\u00e9<\/a><\/p><\/blockquote>\n<p><iframe class=\"wp-embedded-content\" sandbox=\"allow-scripts\" security=\"restricted\" style=\"position: absolute; clip: rect(1px, 1px, 1px, 1px);\" src=\"http:\/\/adevie.com\/index.php\/produits-2\/sante\/contrat-aide\/embed\/#?secret=5Tmiy1ZMyY\" data-secret=\"5Tmiy1ZMyY\" width=\"600\" height=\"338\" title=\"&#8220;Contrat Aid\u00e9 &#8211; ACS Aide \u00e0 la Compl\u00e9mentaire Sant\u00e9&#8221; &#8212; Ad\u00e9vie\" frameborder=\"0\" marginwidth=\"0\" marginheight=\"0\" scrolling=\"no\"><\/iframe><\/p>\n<blockquote class=\"wp-embedded-content\" data-secret=\"93UGf1Bj8z\"><p><a href=\"http:\/\/adevie.com\/index.php\/produits-2\/sante\/contrat-sante-labellise\/\">Contrat Sant\u00e9 Labellis\u00e9<\/a><\/p><\/blockquote>\n<p><iframe class=\"wp-embedded-content\" sandbox=\"allow-scripts\" security=\"restricted\" style=\"position: absolute; clip: rect(1px, 1px, 1px, 1px);\" src=\"http:\/\/adevie.com\/index.php\/produits-2\/sante\/contrat-sante-labellise\/embed\/#?secret=93UGf1Bj8z\" data-secret=\"93UGf1Bj8z\" width=\"600\" height=\"338\" title=\"&#8220;Contrat Sant\u00e9 Labellis\u00e9&#8221; &#8212; Ad\u00e9vie\" frameborder=\"0\" marginwidth=\"0\" marginheight=\"0\" scrolling=\"no\"><\/iframe><\/p>\n<blockquote class=\"wp-embedded-content\" data-secret=\"WYWio9TWnY\"><p><a href=\"http:\/\/adevie.com\/index.php\/produits-2\/sante\/sante-a-letranger\/\">Sant\u00e9 \u00e0 l&#8217;Etranger<\/a><\/p><\/blockquote>\n<p><iframe class=\"wp-embedded-content\" sandbox=\"allow-scripts\" security=\"restricted\" style=\"position: absolute; clip: rect(1px, 1px, 1px, 1px);\" src=\"http:\/\/adevie.com\/index.php\/produits-2\/sante\/sante-a-letranger\/embed\/#?secret=WYWio9TWnY\" data-secret=\"WYWio9TWnY\" width=\"600\" height=\"338\" title=\"&#8220;Sant\u00e9 \u00e0 l&#8217;Etranger&#8221; &#8212; Ad\u00e9vie\" frameborder=\"0\" marginwidth=\"0\" marginheight=\"0\" scrolling=\"no\"><\/iframe><\/p>\n<blockquote class=\"wp-embedded-content\" data-secret=\"BBneAVzVXj\"><p><a href=\"http:\/\/adevie.com\/index.php\/produits-2\/sante\/sante-collective\/\">Sant\u00e9 Collective<\/a><\/p><\/blockquote>\n<p><iframe class=\"wp-embedded-content\" sandbox=\"allow-scripts\" security=\"restricted\" style=\"position: absolute; clip: rect(1px, 1px, 1px, 1px);\" src=\"http:\/\/adevie.com\/index.php\/produits-2\/sante\/sante-collective\/embed\/#?secret=BBneAVzVXj\" data-secret=\"BBneAVzVXj\" width=\"600\" height=\"338\" title=\"&#8220;Sant\u00e9 Collective&#8221; &#8212; Ad\u00e9vie\" frameborder=\"0\" marginwidth=\"0\" marginheight=\"0\" scrolling=\"no\"><\/iframe><\/p>\n<p>&nbsp;<\/p>\n","protected":false},"excerpt":{"rendered":"<p>Compl\u00e9mentaire Sant\u00e9 Chirurgicale Garantie Additionnelle Contrat Aid\u00e9 &#8211; ACS Aide \u00e0 la Compl\u00e9mentaire Sant\u00e9 Contrat Sant\u00e9 Labellis\u00e9 Sant\u00e9 \u00e0 l&#8217;Etranger Sant\u00e9 Collective &nbsp;<\/p>\n","protected":false},"author":1,"featured_media":0,"parent":27,"menu_order":0,"comment_status":"closed","ping_status":"closed","template":"","meta":{"footnotes":""},"_links":{"self":[{"href":"https:\/\/adevie.com\/index.php\/wp-json\/wp\/v2\/pages\/325"}],"collection":[{"href":"https:\/\/adevie.com\/index.php\/wp-json\/wp\/v2\/pages"}],"about":[{"href":"https:\/\/adevie.com\/index.php\/wp-json\/wp\/v2\/types\/page"}],"author":[{"embeddable":true,"href":"https:\/\/adevie.com\/index.php\/wp-json\/wp\/v2\/users\/1"}],"replies":[{"embeddable":true,"href":"https:\/\/adevie.com\/index.php\/wp-json\/wp\/v2\/comments?post=325"}],"version-history":[{"count":7,"href":"https:\/\/adevie.com\/index.php\/wp-json\/wp\/v2\/pages\/325\/revisions"}],"predecessor-version":[{"id":681,"href":"https:\/\/adevie.com\/index.php\/wp-json\/wp\/v2\/pages\/325\/revisions\/681"}],"up":[{"embeddable":true,"href":"https:\/\/adevie.com\/index.php\/wp-json\/wp\/v2\/pages\/27"}],"wp:attachment":[{"href":"https:\/\/adevie.com\/index.php\/wp-json\/wp\/v2\/media?parent=325"}],"curies":[{"name":"wp","href":"https:\/\/api.w.org\/{rel}","templated":true}]}}