{"id":328,"date":"2018-02-02T11:37:17","date_gmt":"2018-02-02T10:37:17","guid":{"rendered":"http:\/\/adevie.com\/?page_id=328"},"modified":"2018-02-14T17:00:46","modified_gmt":"2018-02-14T16:00:46","slug":"habitation","status":"publish","type":"page","link":"https:\/\/adevie.com\/index.php\/produits-2\/habitation\/","title":{"rendered":"Habitation"},"content":{"rendered":"<blockquote class=\"wp-embedded-content\" data-secret=\"aEwyvrspw7\"><p><a href=\"http:\/\/adevie.com\/index.php\/produits-2\/habitation\/multirisque-habitation\/\">Multirisque Habitation<\/a><\/p><\/blockquote>\n<p><iframe class=\"wp-embedded-content\" sandbox=\"allow-scripts\" security=\"restricted\" style=\"position: absolute; clip: rect(1px, 1px, 1px, 1px);\" src=\"http:\/\/adevie.com\/index.php\/produits-2\/habitation\/multirisque-habitation\/embed\/#?secret=aEwyvrspw7\" data-secret=\"aEwyvrspw7\" width=\"600\" height=\"338\" title=\"&#8220;Multirisque Habitation&#8221; &#8212; Ad\u00e9vie\" frameborder=\"0\" marginwidth=\"0\" marginheight=\"0\" scrolling=\"no\"><\/iframe><\/p>\n<blockquote class=\"wp-embedded-content\" data-secret=\"rN9UjOWUvS\"><p><a href=\"http:\/\/adevie.com\/index.php\/produits-2\/habitation\/proprietaire-non-occupant\/\">Propri\u00e9taire Non Occupant<\/a><\/p><\/blockquote>\n<p><iframe class=\"wp-embedded-content\" sandbox=\"allow-scripts\" security=\"restricted\" style=\"position: absolute; clip: rect(1px, 1px, 1px, 1px);\" src=\"http:\/\/adevie.com\/index.php\/produits-2\/habitation\/proprietaire-non-occupant\/embed\/#?secret=rN9UjOWUvS\" data-secret=\"rN9UjOWUvS\" width=\"600\" height=\"338\" title=\"&#8220;Propri\u00e9taire Non Occupant&#8221; &#8212; Ad\u00e9vie\" frameborder=\"0\" marginwidth=\"0\" marginheight=\"0\" scrolling=\"no\"><\/iframe><\/p>\n<blockquote class=\"wp-embedded-content\" data-secret=\"vrtoFqkqOQ\"><p><a href=\"http:\/\/adevie.com\/index.php\/produits-2\/habitation\/loyer-impaye\/\">Loyer Impay\u00e9<\/a><\/p><\/blockquote>\n<p><iframe class=\"wp-embedded-content\" sandbox=\"allow-scripts\" security=\"restricted\" style=\"position: absolute; clip: rect(1px, 1px, 1px, 1px);\" src=\"http:\/\/adevie.com\/index.php\/produits-2\/habitation\/loyer-impaye\/embed\/#?secret=vrtoFqkqOQ\" data-secret=\"vrtoFqkqOQ\" width=\"600\" height=\"338\" title=\"&#8220;Loyer Impay\u00e9&#8221; &#8212; Ad\u00e9vie\" frameborder=\"0\" marginwidth=\"0\" marginheight=\"0\" scrolling=\"no\"><\/iframe><\/p>\n<blockquote class=\"wp-embedded-content\" data-secret=\"keRiABWaoP\"><p><a href=\"http:\/\/adevie.com\/index.php\/produits-2\/habitation\/mobil-home\/\">Mobil-Home<\/a><\/p><\/blockquote>\n<p><iframe class=\"wp-embedded-content\" sandbox=\"allow-scripts\" security=\"restricted\" style=\"position: absolute; clip: rect(1px, 1px, 1px, 1px);\" src=\"http:\/\/adevie.com\/index.php\/produits-2\/habitation\/mobil-home\/embed\/#?secret=keRiABWaoP\" data-secret=\"keRiABWaoP\" width=\"600\" height=\"338\" title=\"&#8220;Mobil-Home&#8221; &#8212; Ad\u00e9vie\" frameborder=\"0\" marginwidth=\"0\" marginheight=\"0\" scrolling=\"no\"><\/iframe><\/p>\n<blockquote class=\"wp-embedded-content\" data-secret=\"QPc2LenbYx\"><p><a href=\"http:\/\/adevie.com\/index.php\/produits-2\/prevoyance\/assurance-de-pret\/\">Assurance de Pr\u00eat<\/a><\/p><\/blockquote>\n<p><iframe class=\"wp-embedded-content\" sandbox=\"allow-scripts\" security=\"restricted\" style=\"position: absolute; clip: rect(1px, 1px, 1px, 1px);\" src=\"http:\/\/adevie.com\/index.php\/produits-2\/prevoyance\/assurance-de-pret\/embed\/#?secret=QPc2LenbYx\" data-secret=\"QPc2LenbYx\" width=\"600\" height=\"338\" title=\"&#8220;Assurance de Pr\u00eat&#8221; &#8212; Ad\u00e9vie\" frameborder=\"0\" marginwidth=\"0\" marginheight=\"0\" scrolling=\"no\"><\/iframe><\/p>\n<blockquote class=\"wp-embedded-content\" data-secret=\"TKAgBIRHeO\"><p><a href=\"http:\/\/adevie.com\/index.php\/produits-2\/divers\/credit-immobilier\/\">Cr\u00e9dit Immobilier<\/a><\/p><\/blockquote>\n<p><iframe class=\"wp-embedded-content\" sandbox=\"allow-scripts\" security=\"restricted\" style=\"position: absolute; clip: rect(1px, 1px, 1px, 1px);\" src=\"http:\/\/adevie.com\/index.php\/produits-2\/divers\/credit-immobilier\/embed\/#?secret=TKAgBIRHeO\" data-secret=\"TKAgBIRHeO\" width=\"600\" height=\"338\" title=\"&#8220;Cr\u00e9dit Immobilier&#8221; &#8212; Ad\u00e9vie\" frameborder=\"0\" marginwidth=\"0\" marginheight=\"0\" scrolling=\"no\"><\/iframe><\/p>\n<blockquote class=\"wp-embedded-content\" data-secret=\"s6mCD0bVP6\"><p><a href=\"http:\/\/adevie.com\/index.php\/produits-2\/divers\/dommages-ouvrage\/\">Dommages-Ouvrage<\/a><\/p><\/blockquote>\n<p><iframe class=\"wp-embedded-content\" sandbox=\"allow-scripts\" security=\"restricted\" style=\"position: absolute; clip: rect(1px, 1px, 1px, 1px);\" src=\"http:\/\/adevie.com\/index.php\/produits-2\/divers\/dommages-ouvrage\/embed\/#?secret=s6mCD0bVP6\" data-secret=\"s6mCD0bVP6\" width=\"600\" height=\"338\" title=\"&#8220;Dommages-Ouvrage&#8221; &#8212; Ad\u00e9vie\" frameborder=\"0\" marginwidth=\"0\" marginheight=\"0\" scrolling=\"no\"><\/iframe><\/p>\n","protected":false},"excerpt":{"rendered":"<p>Multirisque Habitation Propri\u00e9taire Non Occupant Loyer Impay\u00e9 Mobil-Home Assurance de Pr\u00eat Cr\u00e9dit Immobilier Dommages-Ouvrage<\/p>\n","protected":false},"author":1,"featured_media":0,"parent":27,"menu_order":0,"comment_status":"closed","ping_status":"closed","template":"","meta":{"footnotes":""},"_links":{"self":[{"href":"https:\/\/adevie.com\/index.php\/wp-json\/wp\/v2\/pages\/328"}],"collection":[{"href":"https:\/\/adevie.com\/index.php\/wp-json\/wp\/v2\/pages"}],"about":[{"href":"https:\/\/adevie.com\/index.php\/wp-json\/wp\/v2\/types\/page"}],"author":[{"embeddable":true,"href":"https:\/\/adevie.com\/index.php\/wp-json\/wp\/v2\/users\/1"}],"replies":[{"embeddable":true,"href":"https:\/\/adevie.com\/index.php\/wp-json\/wp\/v2\/comments?post=328"}],"version-history":[{"count":3,"href":"https:\/\/adevie.com\/index.php\/wp-json\/wp\/v2\/pages\/328\/revisions"}],"predecessor-version":[{"id":847,"href":"https:\/\/adevie.com\/index.php\/wp-json\/wp\/v2\/pages\/328\/revisions\/847"}],"up":[{"embeddable":true,"href":"https:\/\/adevie.com\/index.php\/wp-json\/wp\/v2\/pages\/27"}],"wp:attachment":[{"href":"https:\/\/adevie.com\/index.php\/wp-json\/wp\/v2\/media?parent=328"}],"curies":[{"name":"wp","href":"https:\/\/api.w.org\/{rel}","templated":true}]}}