{"id":334,"date":"2018-02-02T11:38:59","date_gmt":"2018-02-02T10:38:59","guid":{"rendered":"http:\/\/adevie.com\/?page_id=334"},"modified":"2018-02-14T17:04:50","modified_gmt":"2018-02-14T16:04:50","slug":"professionnel","status":"publish","type":"page","link":"https:\/\/adevie.com\/index.php\/produits-2\/professionnel\/","title":{"rendered":"Professionnel"},"content":{"rendered":"<blockquote class=\"wp-embedded-content\" data-secret=\"1Q2QTDGNG3\"><p><a href=\"http:\/\/adevie.com\/index.php\/produits-2\/professionnel\/multirisqueprofessionnelle\/\">Multirisque Professionnelle<\/a><\/p><\/blockquote>\n<p><iframe class=\"wp-embedded-content\" sandbox=\"allow-scripts\" security=\"restricted\" style=\"position: absolute; clip: rect(1px, 1px, 1px, 1px);\" src=\"http:\/\/adevie.com\/index.php\/produits-2\/professionnel\/multirisqueprofessionnelle\/embed\/#?secret=1Q2QTDGNG3\" data-secret=\"1Q2QTDGNG3\" width=\"600\" height=\"338\" title=\"&#8220;Multirisque Professionnelle&#8221; &#8212; Ad\u00e9vie\" frameborder=\"0\" marginwidth=\"0\" marginheight=\"0\" scrolling=\"no\"><\/iframe><\/p>\n<blockquote class=\"wp-embedded-content\" data-secret=\"224WS9H0nF\"><p><a href=\"http:\/\/adevie.com\/index.php\/produits-2\/professionnel\/responsabilite-civile-professionnelle\/\">Responsabilit\u00e9 Civile Professionnelle<\/a><\/p><\/blockquote>\n<p><iframe class=\"wp-embedded-content\" sandbox=\"allow-scripts\" security=\"restricted\" style=\"position: absolute; clip: rect(1px, 1px, 1px, 1px);\" src=\"http:\/\/adevie.com\/index.php\/produits-2\/professionnel\/responsabilite-civile-professionnelle\/embed\/#?secret=224WS9H0nF\" data-secret=\"224WS9H0nF\" width=\"600\" height=\"338\" title=\"&#8220;Responsabilit\u00e9 Civile Professionnelle&#8221; &#8212; Ad\u00e9vie\" frameborder=\"0\" marginwidth=\"0\" marginheight=\"0\" scrolling=\"no\"><\/iframe><\/p>\n<blockquote class=\"wp-embedded-content\" data-secret=\"flgcHMXjMR\"><p><a href=\"http:\/\/adevie.com\/index.php\/produits-2\/professionnel\/decennale\/\">D\u00e9cennale<\/a><\/p><\/blockquote>\n<p><iframe class=\"wp-embedded-content\" sandbox=\"allow-scripts\" security=\"restricted\" style=\"position: absolute; clip: rect(1px, 1px, 1px, 1px);\" src=\"http:\/\/adevie.com\/index.php\/produits-2\/professionnel\/decennale\/embed\/#?secret=flgcHMXjMR\" data-secret=\"flgcHMXjMR\" width=\"600\" height=\"338\" title=\"&#8220;D\u00e9cennale&#8221; &#8212; Ad\u00e9vie\" frameborder=\"0\" marginwidth=\"0\" marginheight=\"0\" scrolling=\"no\"><\/iframe><\/p>\n<blockquote class=\"wp-embedded-content\" data-secret=\"sTOpDRpotl\"><p><a href=\"http:\/\/adevie.com\/index.php\/produits-2\/vehicule\/flotte-automobile\/\">Flotte Automobile<\/a><\/p><\/blockquote>\n<p><iframe class=\"wp-embedded-content\" sandbox=\"allow-scripts\" security=\"restricted\" style=\"position: absolute; clip: rect(1px, 1px, 1px, 1px);\" src=\"http:\/\/adevie.com\/index.php\/produits-2\/vehicule\/flotte-automobile\/embed\/#?secret=sTOpDRpotl\" data-secret=\"sTOpDRpotl\" width=\"600\" height=\"338\" title=\"&#8220;Flotte Automobile&#8221; &#8212; Ad\u00e9vie\" frameborder=\"0\" marginwidth=\"0\" marginheight=\"0\" scrolling=\"no\"><\/iframe><\/p>\n<blockquote class=\"wp-embedded-content\" data-secret=\"KZ74uge587\"><p><a href=\"http:\/\/adevie.com\/index.php\/produits-2\/prevoyance\/prevoyance-collective\/\">Pr\u00e9voyance Collective<\/a><\/p><\/blockquote>\n<p><iframe class=\"wp-embedded-content\" sandbox=\"allow-scripts\" security=\"restricted\" style=\"position: absolute; clip: rect(1px, 1px, 1px, 1px);\" src=\"http:\/\/adevie.com\/index.php\/produits-2\/prevoyance\/prevoyance-collective\/embed\/#?secret=KZ74uge587\" data-secret=\"KZ74uge587\" width=\"600\" height=\"338\" title=\"&#8220;Pr\u00e9voyance Collective&#8221; &#8212; Ad\u00e9vie\" frameborder=\"0\" marginwidth=\"0\" marginheight=\"0\" scrolling=\"no\"><\/iframe><\/p>\n<blockquote class=\"wp-embedded-content\" data-secret=\"71qMZeK8s6\"><p><a href=\"http:\/\/adevie.com\/index.php\/produits-2\/sante\/sante-collective\/\">Sant\u00e9 Collective<\/a><\/p><\/blockquote>\n<p><iframe class=\"wp-embedded-content\" sandbox=\"allow-scripts\" security=\"restricted\" style=\"position: absolute; clip: rect(1px, 1px, 1px, 1px);\" src=\"http:\/\/adevie.com\/index.php\/produits-2\/sante\/sante-collective\/embed\/#?secret=71qMZeK8s6\" data-secret=\"71qMZeK8s6\" width=\"600\" height=\"338\" title=\"&#8220;Sant\u00e9 Collective&#8221; &#8212; Ad\u00e9vie\" frameborder=\"0\" marginwidth=\"0\" marginheight=\"0\" scrolling=\"no\"><\/iframe><\/p>\n<blockquote class=\"wp-embedded-content\" data-secret=\"ZHr28VLsCr\"><p><a href=\"http:\/\/adevie.com\/index.php\/produits-2\/professionnel\/bris-de-machines\/\">Bris de Machines<\/a><\/p><\/blockquote>\n<p><iframe class=\"wp-embedded-content\" sandbox=\"allow-scripts\" security=\"restricted\" style=\"position: absolute; clip: rect(1px, 1px, 1px, 1px);\" src=\"http:\/\/adevie.com\/index.php\/produits-2\/professionnel\/bris-de-machines\/embed\/#?secret=ZHr28VLsCr\" data-secret=\"ZHr28VLsCr\" width=\"600\" height=\"338\" title=\"&#8220;Bris de Machines&#8221; &#8212; Ad\u00e9vie\" frameborder=\"0\" marginwidth=\"0\" marginheight=\"0\" scrolling=\"no\"><\/iframe><\/p>\n","protected":false},"excerpt":{"rendered":"<p>Multirisque Professionnelle Responsabilit\u00e9 Civile Professionnelle D\u00e9cennale Flotte Automobile Pr\u00e9voyance Collective Sant\u00e9 Collective Bris de Machines<\/p>\n","protected":false},"author":1,"featured_media":780,"parent":27,"menu_order":0,"comment_status":"closed","ping_status":"closed","template":"","meta":{"footnotes":""},"_links":{"self":[{"href":"https:\/\/adevie.com\/index.php\/wp-json\/wp\/v2\/pages\/334"}],"collection":[{"href":"https:\/\/adevie.com\/index.php\/wp-json\/wp\/v2\/pages"}],"about":[{"href":"https:\/\/adevie.com\/index.php\/wp-json\/wp\/v2\/types\/page"}],"author":[{"embeddable":true,"href":"https:\/\/adevie.com\/index.php\/wp-json\/wp\/v2\/users\/1"}],"replies":[{"embeddable":true,"href":"https:\/\/adevie.com\/index.php\/wp-json\/wp\/v2\/comments?post=334"}],"version-history":[{"count":10,"href":"https:\/\/adevie.com\/index.php\/wp-json\/wp\/v2\/pages\/334\/revisions"}],"predecessor-version":[{"id":852,"href":"https:\/\/adevie.com\/index.php\/wp-json\/wp\/v2\/pages\/334\/revisions\/852"}],"up":[{"embeddable":true,"href":"https:\/\/adevie.com\/index.php\/wp-json\/wp\/v2\/pages\/27"}],"wp:featuredmedia":[{"embeddable":true,"href":"https:\/\/adevie.com\/index.php\/wp-json\/wp\/v2\/media\/780"}],"wp:attachment":[{"href":"https:\/\/adevie.com\/index.php\/wp-json\/wp\/v2\/media?parent=334"}],"curies":[{"name":"wp","href":"https:\/\/api.w.org\/{rel}","templated":true}]}}