{"id":349,"date":"2018-02-02T11:57:09","date_gmt":"2018-02-02T10:57:09","guid":{"rendered":"http:\/\/adevie.com\/?page_id=349"},"modified":"2018-02-08T12:58:28","modified_gmt":"2018-02-08T11:58:28","slug":"chirurgicale","status":"publish","type":"page","link":"https:\/\/adevie.com\/index.php\/produits-2\/sante\/chirurgicale\/","title":{"rendered":"Chirurgicale"},"content":{"rendered":"<p style=\"text-align: center;\"><img loading=\"lazy\" decoding=\"async\" class=\"alignnone size-full wp-image-785\" src=\"http:\/\/adevie.com\/wp-content\/uploads\/2018\/02\/sant\u00e9.jpg\" alt=\"\" width=\"219\" height=\"219\" srcset=\"https:\/\/adevie.com\/wp-content\/uploads\/2018\/02\/sant\u00e9.jpg 219w, https:\/\/adevie.com\/wp-content\/uploads\/2018\/02\/sant\u00e9-150x150.jpg 150w\" sizes=\"(max-width: 219px) 100vw, 219px\" \/><\/p>\n<h1 style=\"text-align: center;\"><strong>Chirurgicale<\/strong><\/h1>\n<p>&nbsp;<\/p>\n<blockquote><p>Une garantie qui couvre vos d\u00e9penses de sant\u00e9 \u00e0 l&rsquo;h\u00f4pital.<\/p>\n<p>Elle peut \u00e9galement pr\u00e9voir en option : les consultations pr\u00e9 et post op\u00e9ratoire&#8230;<\/p><\/blockquote>\n<p>&nbsp;<\/p>\n<p><a href=\"http:\/\/adevie.com\/index.php\/formulaires\/contact\/\"><img loading=\"lazy\" decoding=\"async\" class=\"aligncenter wp-image-645 size-medium\" src=\"http:\/\/adevie.com\/wp-content\/uploads\/2018\/02\/contact-300x107.jpg\" alt=\"\" width=\"300\" height=\"107\" srcset=\"https:\/\/adevie.com\/wp-content\/uploads\/2018\/02\/contact-300x107.jpg 300w, https:\/\/adevie.com\/wp-content\/uploads\/2018\/02\/contact.jpg 674w\" sizes=\"(max-width: 300px) 100vw, 300px\" \/><\/a><\/p>\n","protected":false},"excerpt":{"rendered":"<p>Chirurgicale &nbsp; Une garantie qui couvre vos d\u00e9penses de sant\u00e9 \u00e0 l&rsquo;h\u00f4pital. Elle peut \u00e9galement pr\u00e9voir en option : les consultations pr\u00e9 et post op\u00e9ratoire&#8230; &nbsp;<\/p>\n","protected":false},"author":1,"featured_media":785,"parent":325,"menu_order":0,"comment_status":"closed","ping_status":"closed","template":"","meta":{"footnotes":""},"_links":{"self":[{"href":"https:\/\/adevie.com\/index.php\/wp-json\/wp\/v2\/pages\/349"}],"collection":[{"href":"https:\/\/adevie.com\/index.php\/wp-json\/wp\/v2\/pages"}],"about":[{"href":"https:\/\/adevie.com\/index.php\/wp-json\/wp\/v2\/types\/page"}],"author":[{"embeddable":true,"href":"https:\/\/adevie.com\/index.php\/wp-json\/wp\/v2\/users\/1"}],"replies":[{"embeddable":true,"href":"https:\/\/adevie.com\/index.php\/wp-json\/wp\/v2\/comments?post=349"}],"version-history":[{"count":5,"href":"https:\/\/adevie.com\/index.php\/wp-json\/wp\/v2\/pages\/349\/revisions"}],"predecessor-version":[{"id":788,"href":"https:\/\/adevie.com\/index.php\/wp-json\/wp\/v2\/pages\/349\/revisions\/788"}],"up":[{"embeddable":true,"href":"https:\/\/adevie.com\/index.php\/wp-json\/wp\/v2\/pages\/325"}],"wp:featuredmedia":[{"embeddable":true,"href":"https:\/\/adevie.com\/index.php\/wp-json\/wp\/v2\/media\/785"}],"wp:attachment":[{"href":"https:\/\/adevie.com\/index.php\/wp-json\/wp\/v2\/media?parent=349"}],"curies":[{"name":"wp","href":"https:\/\/api.w.org\/{rel}","templated":true}]}}