{"id":351,"date":"2018-02-02T11:57:51","date_gmt":"2018-02-02T10:57:51","guid":{"rendered":"http:\/\/adevie.com\/?page_id=351"},"modified":"2019-03-05T10:35:07","modified_gmt":"2019-03-05T09:35:07","slug":"garantie-additionnelle","status":"publish","type":"page","link":"https:\/\/adevie.com\/index.php\/produits-2\/sante\/garantie-additionnelle\/","title":{"rendered":"Garantie Additionnelle"},"content":{"rendered":"\n<div class=\"wp-block-image\"><figure class=\"aligncenter\"><img loading=\"lazy\" decoding=\"async\" width=\"224\" height=\"224\" src=\"http:\/\/adevie.com\/wp-content\/uploads\/2019\/03\/sante1.png\" alt=\"\" class=\"wp-image-1017\" srcset=\"https:\/\/adevie.com\/wp-content\/uploads\/2019\/03\/sante1.png 224w, https:\/\/adevie.com\/wp-content\/uploads\/2019\/03\/sante1-150x150.png 150w\" sizes=\"(max-width: 224px) 100vw, 224px\" \/><\/figure><\/div>\n\n\n<p>Garantie Additionnelle Sant\u00e9<\/p>\n<p>Cette garantie intervient en troisi\u00e8me position, apr\u00e8s le remboursement de la S\u00e9curit\u00e9 Sociale et de votre compl\u00e9mentaire sant\u00e9.<\/p>\n<p>Ce contrat est particuli\u00e8rement adapt\u00e9 pour les personnes ayant un contrat collectif avec des garanties \u00e0 100 % du TC.<\/p>\n<p>Vous souhaitez b\u00e9n\u00e9ficier d&rsquo;une garantie suppl\u00e9mentaire pour les postes qui sont insuffisamment rembours\u00e9s par votre compl\u00e9mentaire sant\u00e9,<\/p>\n<p>Selon le choix des garanties et de la compagnie gestionnaire<\/p>\n<p>Pas de limite d&rsquo;\u00e2ge,<br>\nForfait important pour vos lentilles, lunettes et proth\u00e8ses dentaires,<br>\nAssistance 24h\/24,<br>\nPas de d\u00e9lai de stage ou de carence,<br>\nPaiement mensuel sans frais.<\/p>\n<p>&nbsp;<\/p>\n<p><a href=\"http:\/\/adevie.com\/index.php\/formulaires\/contact\/\"><img loading=\"lazy\" decoding=\"async\" width=\"300\" height=\"107\" class=\"aligncenter wp-image-645 size-medium\" alt=\"\" src=\"http:\/\/adevie.com\/wp-content\/uploads\/2018\/02\/contact-300x107.jpg\" srcset=\"https:\/\/adevie.com\/wp-content\/uploads\/2018\/02\/contact-300x107.jpg 300w, https:\/\/adevie.com\/wp-content\/uploads\/2018\/02\/contact.jpg 674w\" sizes=\"(max-width: 300px) 100vw, 300px\" \/><\/a><\/p>","protected":false},"excerpt":{"rendered":"<p>Garantie Additionnelle Sant\u00e9 Cette garantie intervient en troisi\u00e8me position, apr\u00e8s le remboursement de la S\u00e9curit\u00e9 Sociale et de votre compl\u00e9mentaire sant\u00e9. Ce contrat est particuli\u00e8rement adapt\u00e9 pour les personnes ayant un contrat collectif avec des garanties \u00e0 100 % du TC. Vous souhaitez b\u00e9n\u00e9ficier d&rsquo;une garantie suppl\u00e9mentaire pour les postes qui sont insuffisamment rembours\u00e9s par [&hellip;]<\/p>\n","protected":false},"author":1,"featured_media":1017,"parent":325,"menu_order":0,"comment_status":"closed","ping_status":"closed","template":"","meta":{"footnotes":""},"_links":{"self":[{"href":"https:\/\/adevie.com\/index.php\/wp-json\/wp\/v2\/pages\/351"}],"collection":[{"href":"https:\/\/adevie.com\/index.php\/wp-json\/wp\/v2\/pages"}],"about":[{"href":"https:\/\/adevie.com\/index.php\/wp-json\/wp\/v2\/types\/page"}],"author":[{"embeddable":true,"href":"https:\/\/adevie.com\/index.php\/wp-json\/wp\/v2\/users\/1"}],"replies":[{"embeddable":true,"href":"https:\/\/adevie.com\/index.php\/wp-json\/wp\/v2\/comments?post=351"}],"version-history":[{"count":3,"href":"https:\/\/adevie.com\/index.php\/wp-json\/wp\/v2\/pages\/351\/revisions"}],"predecessor-version":[{"id":1018,"href":"https:\/\/adevie.com\/index.php\/wp-json\/wp\/v2\/pages\/351\/revisions\/1018"}],"up":[{"embeddable":true,"href":"https:\/\/adevie.com\/index.php\/wp-json\/wp\/v2\/pages\/325"}],"wp:featuredmedia":[{"embeddable":true,"href":"https:\/\/adevie.com\/index.php\/wp-json\/wp\/v2\/media\/1017"}],"wp:attachment":[{"href":"https:\/\/adevie.com\/index.php\/wp-json\/wp\/v2\/media?parent=351"}],"curies":[{"name":"wp","href":"https:\/\/api.w.org\/{rel}","templated":true}]}}