{"id":353,"date":"2018-02-02T11:58:32","date_gmt":"2018-02-02T10:58:32","guid":{"rendered":"http:\/\/adevie.com\/?page_id=353"},"modified":"2019-03-05T10:44:54","modified_gmt":"2019-03-05T09:44:54","slug":"sante-a-letranger","status":"publish","type":"page","link":"https:\/\/adevie.com\/index.php\/produits-2\/sante\/sante-a-letranger\/","title":{"rendered":"Sant\u00e9 \u00e0 l&rsquo;Etranger"},"content":{"rendered":"\n<div class=\"wp-block-image\"><figure class=\"aligncenter\"><img loading=\"lazy\" decoding=\"async\" width=\"170\" height=\"170\" src=\"http:\/\/adevie.com\/wp-content\/uploads\/2019\/03\/valise.jpg\" alt=\"\" class=\"wp-image-1024\" srcset=\"https:\/\/adevie.com\/wp-content\/uploads\/2019\/03\/valise.jpg 170w, https:\/\/adevie.com\/wp-content\/uploads\/2019\/03\/valise-150x150.jpg 150w\" sizes=\"(max-width: 170px) 100vw, 170px\" \/><\/figure><\/div>\n\n\n<p>Garantie Sant\u00e9 \u00e0 l&rsquo;Etranger<\/p>\n<p>Impatri\u00e9s, Expatri\u00e9s, pour un mois, un an ou plus,<\/p>\n<p>Nous avons une gamme compl\u00eate de contrat adapt\u00e9e :<\/p>\n<p>Bouton Couverture maladie,<\/p>\n<p>Bouton Couverture Accident,<\/p>\n<p>Bouton Responsabilit\u00e9 Civile,<\/p>\n<p>Bouton Rapatriement,<\/p>\n<p>Bouton Perte des bagages.<\/p>\n<p>&nbsp;<\/p>\n<p><a href=\"http:\/\/adevie.com\/index.php\/formulaires\/contact\/\"><img loading=\"lazy\" decoding=\"async\" width=\"300\" height=\"107\" class=\"aligncenter wp-image-645 size-medium\" alt=\"\" src=\"http:\/\/adevie.com\/wp-content\/uploads\/2018\/02\/contact-300x107.jpg\" srcset=\"https:\/\/adevie.com\/wp-content\/uploads\/2018\/02\/contact-300x107.jpg 300w, https:\/\/adevie.com\/wp-content\/uploads\/2018\/02\/contact.jpg 674w\" sizes=\"(max-width: 300px) 100vw, 300px\" \/><\/a><\/p>","protected":false},"excerpt":{"rendered":"<p>Garantie Sant\u00e9 \u00e0 l&rsquo;Etranger Impatri\u00e9s, Expatri\u00e9s, pour un mois, un an ou plus, Nous avons une gamme compl\u00eate de contrat adapt\u00e9e : Bouton Couverture maladie, Bouton Couverture Accident, Bouton Responsabilit\u00e9 Civile, Bouton Rapatriement, Bouton Perte des bagages. &nbsp;<\/p>\n","protected":false},"author":1,"featured_media":1024,"parent":325,"menu_order":0,"comment_status":"closed","ping_status":"closed","template":"","meta":{"footnotes":""},"_links":{"self":[{"href":"https:\/\/adevie.com\/index.php\/wp-json\/wp\/v2\/pages\/353"}],"collection":[{"href":"https:\/\/adevie.com\/index.php\/wp-json\/wp\/v2\/pages"}],"about":[{"href":"https:\/\/adevie.com\/index.php\/wp-json\/wp\/v2\/types\/page"}],"author":[{"embeddable":true,"href":"https:\/\/adevie.com\/index.php\/wp-json\/wp\/v2\/users\/1"}],"replies":[{"embeddable":true,"href":"https:\/\/adevie.com\/index.php\/wp-json\/wp\/v2\/comments?post=353"}],"version-history":[{"count":3,"href":"https:\/\/adevie.com\/index.php\/wp-json\/wp\/v2\/pages\/353\/revisions"}],"predecessor-version":[{"id":1025,"href":"https:\/\/adevie.com\/index.php\/wp-json\/wp\/v2\/pages\/353\/revisions\/1025"}],"up":[{"embeddable":true,"href":"https:\/\/adevie.com\/index.php\/wp-json\/wp\/v2\/pages\/325"}],"wp:featuredmedia":[{"embeddable":true,"href":"https:\/\/adevie.com\/index.php\/wp-json\/wp\/v2\/media\/1024"}],"wp:attachment":[{"href":"https:\/\/adevie.com\/index.php\/wp-json\/wp\/v2\/media?parent=353"}],"curies":[{"name":"wp","href":"https:\/\/api.w.org\/{rel}","templated":true}]}}