{"id":355,"date":"2018-02-02T12:00:19","date_gmt":"2018-02-02T11:00:19","guid":{"rendered":"http:\/\/adevie.com\/?page_id=355"},"modified":"2019-03-05T10:50:44","modified_gmt":"2019-03-05T09:50:44","slug":"indemnites-journalieres-hospitalieres","status":"publish","type":"page","link":"https:\/\/adevie.com\/index.php\/produits-2\/prevoyance\/indemnites-journalieres-hospitalieres\/","title":{"rendered":"Indemnit\u00e9s Journali\u00e8res Hospitali\u00e8res"},"content":{"rendered":"\n<div class=\"wp-block-image\"><figure class=\"aligncenter is-resized\"><img loading=\"lazy\" decoding=\"async\" src=\"http:\/\/adevie.com\/wp-content\/uploads\/2019\/03\/hopital-1024x1024.jpg\" alt=\"\" class=\"wp-image-1032\" width=\"153\" height=\"153\" srcset=\"https:\/\/adevie.com\/wp-content\/uploads\/2019\/03\/hopital-1024x1024.jpg 1024w, https:\/\/adevie.com\/wp-content\/uploads\/2019\/03\/hopital-150x150.jpg 150w, https:\/\/adevie.com\/wp-content\/uploads\/2019\/03\/hopital-300x300.jpg 300w, https:\/\/adevie.com\/wp-content\/uploads\/2019\/03\/hopital-768x768.jpg 768w, https:\/\/adevie.com\/wp-content\/uploads\/2019\/03\/hopital.jpg 1560w\" sizes=\"(max-width: 153px) 100vw, 153px\" \/><\/figure><\/div>\n\n\n<p>Les Indemnit\u00e9s Journali\u00e8res Hospitali\u00e8res<\/p>\n<p>Une Garantie pr\u00e9voyant une Allocation Journali\u00e8re en cas d&rsquo;Hospitalisation afin de pr\u00e9voir par jour d&rsquo;hospitalisation un surplus de d\u00e9penses impr\u00e9vues :<\/p>\n<p>T\u00e9l\u00e9phone,<br>\nTaxi,<br>\nT\u00e9l\u00e9vision,<br>\nFleurs,<br>\nFrais de garde \u2026<\/p>\n<p>&nbsp;<\/p>\n<p>&nbsp;<\/p>\n<p><iframe loading=\"lazy\" width=\"100%\" height=\"450px\" src=\"https:\/\/adevie.oggo-data.net\/iform\/ijh\" frameborder=\"0\"><\/iframe><\/p>","protected":false},"excerpt":{"rendered":"<p>Les Indemnit\u00e9s Journali\u00e8res Hospitali\u00e8res Une Garantie pr\u00e9voyant une Allocation Journali\u00e8re en cas d&rsquo;Hospitalisation afin de pr\u00e9voir par jour d&rsquo;hospitalisation un surplus de d\u00e9penses impr\u00e9vues : T\u00e9l\u00e9phone, Taxi, T\u00e9l\u00e9vision, Fleurs, Frais de garde \u2026 &nbsp; &nbsp;<\/p>\n","protected":false},"author":1,"featured_media":1032,"parent":305,"menu_order":0,"comment_status":"closed","ping_status":"closed","template":"","meta":{"footnotes":""},"_links":{"self":[{"href":"https:\/\/adevie.com\/index.php\/wp-json\/wp\/v2\/pages\/355"}],"collection":[{"href":"https:\/\/adevie.com\/index.php\/wp-json\/wp\/v2\/pages"}],"about":[{"href":"https:\/\/adevie.com\/index.php\/wp-json\/wp\/v2\/types\/page"}],"author":[{"embeddable":true,"href":"https:\/\/adevie.com\/index.php\/wp-json\/wp\/v2\/users\/1"}],"replies":[{"embeddable":true,"href":"https:\/\/adevie.com\/index.php\/wp-json\/wp\/v2\/comments?post=355"}],"version-history":[{"count":4,"href":"https:\/\/adevie.com\/index.php\/wp-json\/wp\/v2\/pages\/355\/revisions"}],"predecessor-version":[{"id":1033,"href":"https:\/\/adevie.com\/index.php\/wp-json\/wp\/v2\/pages\/355\/revisions\/1033"}],"up":[{"embeddable":true,"href":"https:\/\/adevie.com\/index.php\/wp-json\/wp\/v2\/pages\/305"}],"wp:featuredmedia":[{"embeddable":true,"href":"https:\/\/adevie.com\/index.php\/wp-json\/wp\/v2\/media\/1032"}],"wp:attachment":[{"href":"https:\/\/adevie.com\/index.php\/wp-json\/wp\/v2\/media?parent=355"}],"curies":[{"name":"wp","href":"https:\/\/api.w.org\/{rel}","templated":true}]}}