{"id":357,"date":"2018-02-02T12:01:00","date_gmt":"2018-02-02T11:01:00","guid":{"rendered":"http:\/\/adevie.com\/?page_id=357"},"modified":"2019-03-05T09:37:19","modified_gmt":"2019-03-05T08:37:19","slug":"garantie-accident-de-la-vie","status":"publish","type":"page","link":"https:\/\/adevie.com\/index.php\/produits-2\/prevoyance\/garantie-accident-de-la-vie\/","title":{"rendered":"Garantie Accident de la Vie"},"content":{"rendered":"<p><img loading=\"lazy\" decoding=\"async\" width=\"225\" height=\"225\" class=\"alignnone size-full wp-image-804 aligncenter\" alt=\"\" src=\"http:\/\/adevie.com\/wp-content\/uploads\/2018\/02\/tomb\u00e9.jpg\" srcset=\"https:\/\/adevie.com\/wp-content\/uploads\/2018\/02\/tomb\u00e9.jpg 225w, https:\/\/adevie.com\/wp-content\/uploads\/2018\/02\/tomb\u00e9-150x150.jpg 150w\" sizes=\"(max-width: 225px) 100vw, 225px\" \/><\/p>\n<h1 style=\"text-align: center;\"><strong>Garantie Accident de la Vie<\/strong><\/h1>\n<p>&nbsp;<\/p>\n<blockquote><p>Parce que nous ne sommes pas \u00e0 l&rsquo;abri d&rsquo;un accident dans notre vie de tous les jours, ce contrat vous verse un indemnisation en cas d\u00e9c\u00e9s ou d&rsquo;invalit\u00e9 pour vous ou votre famille.<\/p><\/blockquote>\n<p>Selon le choix de la compagnie et de la garantie :<\/p>\n<p>Accidents domestiques ,<br \/>\nAccident lors de la pratique d&rsquo;un sport (hors sports dangereux), d&rsquo;un loisir,<br \/>\nAccidents m\u00e9dicaux,<br \/>\nAgressions ou attentats,<br \/>\nAccident de la circulation,<br \/>\nCatastrophes naturelles (inondation, temp\u00eate,&#8230;)<\/p>\n<p>En Option, vous pouvez vous pr\u00e9munir \u00e9galement :<\/p>\n<p>\u2022 des nouveaux risques li\u00e9s \u00e0 Internet (usurpation d\u2019identit\u00e9, fraudes \u00e0 la carte bancaire, litiges avec un e-commer\u00e7ant\u2026)<\/p>\n<p>Et couvrir aussi :<\/p>\n<p>\u2022 des services d\u2019assistance complets pour un accompagnement personnalis\u00e9 d\u00e8s la survenance d\u2019un sinistre garanti,<br \/>\n\u2022 une indemnit\u00e9 Obs\u00e8ques (5 000 euros maximum)<br \/>\n\u2022 et une nouvelle option Petits-Enfants quel que soit leur nombre et le temps pass\u00e9 chez leurs grands-parents.<br \/>\n(on entend par \u00ab Petits-Enfants \u00bb, les enfants mineurs temporairement sous la garde de leurs grands-parents)<\/p>\n<p>&nbsp;<\/p>\n<p>&nbsp;<\/p>\n<p><iframe loading=\"lazy\" width=\"100%\" height=\"450px\" src=\"https:\/\/adevie.oggo-data.net\/iform\/gav\" frameborder=\"0\"><\/iframe><\/p>\n","protected":false},"excerpt":{"rendered":"<p>Garantie Accident de la Vie &nbsp; Parce que nous ne sommes pas \u00e0 l&rsquo;abri d&rsquo;un accident dans notre vie de tous les jours, ce contrat vous verse un indemnisation en cas d\u00e9c\u00e9s ou d&rsquo;invalit\u00e9 pour vous ou votre famille. Selon le choix de la compagnie et de la garantie : Accidents domestiques , Accident lors [&hellip;]<\/p>\n","protected":false},"author":1,"featured_media":804,"parent":305,"menu_order":0,"comment_status":"closed","ping_status":"closed","template":"","meta":{"footnotes":""},"_links":{"self":[{"href":"https:\/\/adevie.com\/index.php\/wp-json\/wp\/v2\/pages\/357"}],"collection":[{"href":"https:\/\/adevie.com\/index.php\/wp-json\/wp\/v2\/pages"}],"about":[{"href":"https:\/\/adevie.com\/index.php\/wp-json\/wp\/v2\/types\/page"}],"author":[{"embeddable":true,"href":"https:\/\/adevie.com\/index.php\/wp-json\/wp\/v2\/users\/1"}],"replies":[{"embeddable":true,"href":"https:\/\/adevie.com\/index.php\/wp-json\/wp\/v2\/comments?post=357"}],"version-history":[{"count":6,"href":"https:\/\/adevie.com\/index.php\/wp-json\/wp\/v2\/pages\/357\/revisions"}],"predecessor-version":[{"id":994,"href":"https:\/\/adevie.com\/index.php\/wp-json\/wp\/v2\/pages\/357\/revisions\/994"}],"up":[{"embeddable":true,"href":"https:\/\/adevie.com\/index.php\/wp-json\/wp\/v2\/pages\/305"}],"wp:featuredmedia":[{"embeddable":true,"href":"https:\/\/adevie.com\/index.php\/wp-json\/wp\/v2\/media\/804"}],"wp:attachment":[{"href":"https:\/\/adevie.com\/index.php\/wp-json\/wp\/v2\/media?parent=357"}],"curies":[{"name":"wp","href":"https:\/\/api.w.org\/{rel}","templated":true}]}}