{"id":360,"date":"2018-02-02T12:02:19","date_gmt":"2018-02-02T11:02:19","guid":{"rendered":"http:\/\/adevie.com\/?page_id=360"},"modified":"2019-03-05T10:49:19","modified_gmt":"2019-03-05T09:49:19","slug":"capital-deces","status":"publish","type":"page","link":"https:\/\/adevie.com\/index.php\/produits-2\/prevoyance\/capital-deces\/","title":{"rendered":"Capital D\u00e9c\u00e8s"},"content":{"rendered":"\n<div class=\"wp-block-image\"><figure class=\"aligncenter is-resized\"><img loading=\"lazy\" decoding=\"async\" src=\"http:\/\/adevie.com\/wp-content\/uploads\/2019\/03\/interrogation.jpg\" alt=\"\" class=\"wp-image-1030\" width=\"165\" height=\"165\" srcset=\"https:\/\/adevie.com\/wp-content\/uploads\/2019\/03\/interrogation.jpg 300w, https:\/\/adevie.com\/wp-content\/uploads\/2019\/03\/interrogation-150x150.jpg 150w\" sizes=\"(max-width: 165px) 100vw, 165px\" \/><\/figure><\/div>\n\n\n<p>Garantie D\u00e9c\u00e9s<\/p>\n<p>Une garantie indispensable pour pr\u00e9server l&rsquo;avenir de ses proches &#8230;<\/p>\n<p>Un contrat pr\u00e9voyant le versement d&rsquo;un capital choisi en cas de D\u00e9c\u00e9s de l&rsquo;assur\u00e9 ou en cas de perte totale et irr\u00e9versible d&rsquo;autonomie.<\/p>\n<p>Des cotisations raisonables au regard des capitaux garanties,<br>\nAu choix un capital D\u00e9c\u00e9s Accident, Maladie ou les les deux,<br>\nUn capital vers\u00e9 non imposable selon la l\u00e9gislation actuelle,<br>\nDoublement du capital possible en cas d&rsquo;accident.<\/p>\n<p>&nbsp;<\/p>\n<p>&nbsp;<\/p>\n<p><iframe loading=\"lazy\" width=\"100%\" height=\"450px\" src=\"https:\/\/adevie.oggo-data.net\/iform\/deces\" frameborder=\"0\"><\/iframe><\/p>","protected":false},"excerpt":{"rendered":"<p>Garantie D\u00e9c\u00e9s Une garantie indispensable pour pr\u00e9server l&rsquo;avenir de ses proches &#8230; Un contrat pr\u00e9voyant le versement d&rsquo;un capital choisi en cas de D\u00e9c\u00e9s de l&rsquo;assur\u00e9 ou en cas de perte totale et irr\u00e9versible d&rsquo;autonomie. Des cotisations raisonables au regard des capitaux garanties, Au choix un capital D\u00e9c\u00e9s Accident, Maladie ou les les deux, Un [&hellip;]<\/p>\n","protected":false},"author":1,"featured_media":1030,"parent":305,"menu_order":0,"comment_status":"closed","ping_status":"closed","template":"","meta":{"footnotes":""},"_links":{"self":[{"href":"https:\/\/adevie.com\/index.php\/wp-json\/wp\/v2\/pages\/360"}],"collection":[{"href":"https:\/\/adevie.com\/index.php\/wp-json\/wp\/v2\/pages"}],"about":[{"href":"https:\/\/adevie.com\/index.php\/wp-json\/wp\/v2\/types\/page"}],"author":[{"embeddable":true,"href":"https:\/\/adevie.com\/index.php\/wp-json\/wp\/v2\/users\/1"}],"replies":[{"embeddable":true,"href":"https:\/\/adevie.com\/index.php\/wp-json\/wp\/v2\/comments?post=360"}],"version-history":[{"count":4,"href":"https:\/\/adevie.com\/index.php\/wp-json\/wp\/v2\/pages\/360\/revisions"}],"predecessor-version":[{"id":1031,"href":"https:\/\/adevie.com\/index.php\/wp-json\/wp\/v2\/pages\/360\/revisions\/1031"}],"up":[{"embeddable":true,"href":"https:\/\/adevie.com\/index.php\/wp-json\/wp\/v2\/pages\/305"}],"wp:featuredmedia":[{"embeddable":true,"href":"https:\/\/adevie.com\/index.php\/wp-json\/wp\/v2\/media\/1030"}],"wp:attachment":[{"href":"https:\/\/adevie.com\/index.php\/wp-json\/wp\/v2\/media?parent=360"}],"curies":[{"name":"wp","href":"https:\/\/api.w.org\/{rel}","templated":true}]}}