{"id":364,"date":"2018-02-02T12:03:44","date_gmt":"2018-02-02T11:03:44","guid":{"rendered":"http:\/\/adevie.com\/?page_id=364"},"modified":"2019-03-05T09:29:21","modified_gmt":"2019-03-05T08:29:21","slug":"dependance","status":"publish","type":"page","link":"https:\/\/adevie.com\/index.php\/produits-2\/prevoyance\/dependance\/","title":{"rendered":"D\u00e9pendance"},"content":{"rendered":"<p><img loading=\"lazy\" decoding=\"async\" width=\"300\" height=\"300\" class=\"size-medium wp-image-791 aligncenter\" alt=\"\" src=\"http:\/\/adevie.com\/wp-content\/uploads\/2018\/02\/aide-300x300.jpg\" srcset=\"https:\/\/adevie.com\/wp-content\/uploads\/2018\/02\/aide-300x300.jpg 300w, https:\/\/adevie.com\/wp-content\/uploads\/2018\/02\/aide-150x150.jpg 150w, https:\/\/adevie.com\/wp-content\/uploads\/2018\/02\/aide-768x768.jpg 768w, https:\/\/adevie.com\/wp-content\/uploads\/2018\/02\/aide-1024x1024.jpg 1024w, https:\/\/adevie.com\/wp-content\/uploads\/2018\/02\/aide.jpg 1560w\" sizes=\"(max-width: 300px) 100vw, 300px\" \/><\/p>\n<h1 style=\"text-align: center;\"><strong>D\u00e9pendance<\/strong><\/h1>\n<p>&nbsp;<\/p>\n<blockquote><p>Pr\u00e9server son autonomie quoi qu&rsquo;il arrive pour ne pas \u00eatre \u00e0 la charge de sa famille.<\/p><\/blockquote>\n<p>Un contrat qui garantit au souscripteur le versement d&rsquo;une rente mensuelle en cas de d\u00e9pendance.<\/p>\n<p>Cette garantie compl\u00e8te le dispositif actuel de prise en charge de la d\u00e9pendance par les pouvoirs publics.<\/p>\n<p>La D\u00e9pendance est la perte d&rsquo;autonomie physique qui rend l&rsquo;assur\u00e9 incapable d&rsquo;effectuer seul, sans se faire aider, plusieurs gestes de la vie courante :<\/p>\n<p>Se D\u00e9placer,<br \/>\nSe Laver,<br \/>\nS&rsquo;Habiller,<br \/>\nS&rsquo;Alimenter,<\/p>\n<p>Nous vous proposons :<\/p>\n<p>Un contrat modulable avec diff\u00e9rents niveaux de garanties,<br \/>\nLa possibilit\u00e9 de la prise en charge de la d\u00e9pendance partielle,<br \/>\nUne rente d\u00e9pendance exon\u00e9r\u00e9e d&rsquo;imp\u00f4t,<br \/>\nUne r\u00e9duction tarifaire en cas de souscription conjointe,<br \/>\nUn service Assistance complet.<\/p>\n<p>&nbsp;<\/p>\n<p>&nbsp;<\/p>\n<p><iframe loading=\"lazy\" width=\"100%\" height=\"450px\" src=\"https:\/\/adevie.oggo-data.net\/iform\/dependence\" frameborder=\"0\"><\/iframe><\/p>\n","protected":false},"excerpt":{"rendered":"<p>D\u00e9pendance &nbsp; Pr\u00e9server son autonomie quoi qu&rsquo;il arrive pour ne pas \u00eatre \u00e0 la charge de sa famille. Un contrat qui garantit au souscripteur le versement d&rsquo;une rente mensuelle en cas de d\u00e9pendance. Cette garantie compl\u00e8te le dispositif actuel de prise en charge de la d\u00e9pendance par les pouvoirs publics. La D\u00e9pendance est la perte [&hellip;]<\/p>\n","protected":false},"author":1,"featured_media":791,"parent":305,"menu_order":0,"comment_status":"closed","ping_status":"closed","template":"","meta":{"footnotes":""},"_links":{"self":[{"href":"https:\/\/adevie.com\/index.php\/wp-json\/wp\/v2\/pages\/364"}],"collection":[{"href":"https:\/\/adevie.com\/index.php\/wp-json\/wp\/v2\/pages"}],"about":[{"href":"https:\/\/adevie.com\/index.php\/wp-json\/wp\/v2\/types\/page"}],"author":[{"embeddable":true,"href":"https:\/\/adevie.com\/index.php\/wp-json\/wp\/v2\/users\/1"}],"replies":[{"embeddable":true,"href":"https:\/\/adevie.com\/index.php\/wp-json\/wp\/v2\/comments?post=364"}],"version-history":[{"count":4,"href":"https:\/\/adevie.com\/index.php\/wp-json\/wp\/v2\/pages\/364\/revisions"}],"predecessor-version":[{"id":990,"href":"https:\/\/adevie.com\/index.php\/wp-json\/wp\/v2\/pages\/364\/revisions\/990"}],"up":[{"embeddable":true,"href":"https:\/\/adevie.com\/index.php\/wp-json\/wp\/v2\/pages\/305"}],"wp:featuredmedia":[{"embeddable":true,"href":"https:\/\/adevie.com\/index.php\/wp-json\/wp\/v2\/media\/791"}],"wp:attachment":[{"href":"https:\/\/adevie.com\/index.php\/wp-json\/wp\/v2\/media?parent=364"}],"curies":[{"name":"wp","href":"https:\/\/api.w.org\/{rel}","templated":true}]}}