{"id":366,"date":"2018-02-02T12:04:36","date_gmt":"2018-02-02T11:04:36","guid":{"rendered":"http:\/\/adevie.com\/?page_id=366"},"modified":"2025-10-14T17:49:24","modified_gmt":"2025-10-14T15:49:24","slug":"assurance-de-pret","status":"publish","type":"page","link":"https:\/\/adevie.com\/index.php\/produits-2\/prevoyance\/assurance-de-pret\/","title":{"rendered":"Assurance de Pr\u00eat"},"content":{"rendered":"<p><img loading=\"lazy\" decoding=\"async\" class=\"size-full wp-image-806 aligncenter\" src=\"http:\/\/adevie.com\/wp-content\/uploads\/2018\/02\/emprunt.jpg\" alt=\"\" width=\"275\" height=\"183\" \/><\/p>\n<h1 style=\"text-align: center;\"><strong>Garantie Emprunteur<\/strong><\/h1>\n<blockquote><p>L&rsquo;Assurance de Pr\u00eat, ce n&rsquo;est pas forc\u00e9ment aupr\u00e8s de votre Banque<\/p>\n<p>Un pr\u00eat immobilier est un investissement important. Mais avez-vous pens\u00e9 aux cons\u00e9quences sur votre famille en cas d&rsquo;arr\u00eat de travail ou de la disparition pr\u00e9matur\u00e9e d&rsquo;un des emprunteurs ?<\/p>\n<p>Cette assurance qui est obligatoire, n&rsquo;est pas propos\u00e9e que par votre banque.<\/p>\n<p>Et comme son nom l&rsquo;indique, c&rsquo;est une assurance, alors autant la prendre dans un cabinet d&rsquo;assurance comme \u00ab\u00a0Ad\u00e9vie\u00a0\u00bb qui vous proposera des compagnies reconnues dans ce domaine et qui vous permettrons de b\u00e9n\u00e9ficier de tarifs tr\u00e8s favorables et des garanties adapt\u00e9es \u00e0 votre situation.<\/p><\/blockquote>\n<h3 style=\"text-align: center;\"><\/h3>\n<p><iframe loading=\"lazy\" src=\"https:\/\/adevie.oggo-data.net\/iform\/loan\" width=\"100%\" height=\"450px\" frameborder=\"0\"><\/iframe><\/p>\n","protected":false},"excerpt":{"rendered":"<p>Garantie Emprunteur L&rsquo;Assurance de Pr\u00eat, ce n&rsquo;est pas forc\u00e9ment aupr\u00e8s de votre Banque Un pr\u00eat immobilier est un investissement important. Mais avez-vous pens\u00e9 aux cons\u00e9quences sur votre famille en cas d&rsquo;arr\u00eat de travail ou de la disparition pr\u00e9matur\u00e9e d&rsquo;un des emprunteurs ? Cette assurance qui est obligatoire, n&rsquo;est pas propos\u00e9e que par votre banque. Et [&hellip;]<\/p>\n","protected":false},"author":1,"featured_media":806,"parent":305,"menu_order":0,"comment_status":"closed","ping_status":"closed","template":"","meta":{"footnotes":""},"_links":{"self":[{"href":"https:\/\/adevie.com\/index.php\/wp-json\/wp\/v2\/pages\/366"}],"collection":[{"href":"https:\/\/adevie.com\/index.php\/wp-json\/wp\/v2\/pages"}],"about":[{"href":"https:\/\/adevie.com\/index.php\/wp-json\/wp\/v2\/types\/page"}],"author":[{"embeddable":true,"href":"https:\/\/adevie.com\/index.php\/wp-json\/wp\/v2\/users\/1"}],"replies":[{"embeddable":true,"href":"https:\/\/adevie.com\/index.php\/wp-json\/wp\/v2\/comments?post=366"}],"version-history":[{"count":8,"href":"https:\/\/adevie.com\/index.php\/wp-json\/wp\/v2\/pages\/366\/revisions"}],"predecessor-version":[{"id":1416,"href":"https:\/\/adevie.com\/index.php\/wp-json\/wp\/v2\/pages\/366\/revisions\/1416"}],"up":[{"embeddable":true,"href":"https:\/\/adevie.com\/index.php\/wp-json\/wp\/v2\/pages\/305"}],"wp:featuredmedia":[{"embeddable":true,"href":"https:\/\/adevie.com\/index.php\/wp-json\/wp\/v2\/media\/806"}],"wp:attachment":[{"href":"https:\/\/adevie.com\/index.php\/wp-json\/wp\/v2\/media?parent=366"}],"curies":[{"name":"wp","href":"https:\/\/api.w.org\/{rel}","templated":true}]}}