{"id":370,"date":"2018-02-02T12:06:36","date_gmt":"2018-02-02T11:06:36","guid":{"rendered":"http:\/\/adevie.com\/?page_id=370"},"modified":"2018-04-26T17:46:10","modified_gmt":"2018-04-26T15:46:10","slug":"assurance-vie","status":"publish","type":"page","link":"https:\/\/adevie.com\/index.php\/produits-2\/epargne\/assurance-vie\/","title":{"rendered":"Assurance Vie"},"content":{"rendered":"<h1><img loading=\"lazy\" decoding=\"async\" class=\"size-medium wp-image-898 aligncenter\" src=\"http:\/\/adevie.com\/wp-content\/uploads\/2018\/03\/Assurance-Vie-400x400-300x300.jpg\" alt=\"\" width=\"300\" height=\"300\" srcset=\"https:\/\/adevie.com\/wp-content\/uploads\/2018\/03\/Assurance-Vie-400x400-300x300.jpg 300w, https:\/\/adevie.com\/wp-content\/uploads\/2018\/03\/Assurance-Vie-400x400-150x150.jpg 150w, https:\/\/adevie.com\/wp-content\/uploads\/2018\/03\/Assurance-Vie-400x400.jpg 400w\" sizes=\"(max-width: 300px) 100vw, 300px\" \/><\/h1>\n<h1 style=\"text-align: center;\">Assurance Vie<\/h1>\n<p style=\"text-align: center;\">Constituez-vous un capital ou une rente en toute s\u00e9curit\u00e9 &#8230;<\/p>\n<blockquote><p>Vous souhaitez vous constituer un capital en vue de r\u00e9aliser un projet important : l&rsquo;acquisition de votre logement, le financement des \u00e9tudes de vos enfants, le versement d&rsquo;une rente \u00e0 vie pour votre retraite ou tout simplement une r\u00e9serve disponible en cas d&rsquo;impr\u00e9vus&#8230;<\/p><\/blockquote>\n<ul>\n<li>\u00a0Vous \u00e9pargnez \u00e0 votre rythme, selon vos disponibilit\u00e9s, en choisissant des versements libres ou programm\u00e9s.<\/li>\n<li>Votre \u00e9pargne est g\u00e9r\u00e9e par les sp\u00e9cialistes financiers de nos compagnies partenaires, reconnus pour leur fiabilit\u00e9 et leur prudence.<\/li>\n<li>A votre rythme, vous pouvez orienter votre \u00e9pargne vers le fonds en euros cantonn\u00e9, totalement s\u00e9curis\u00e9 et\/ou des supports en unit\u00e9s de compte pour b\u00e9n\u00e9ficier de la dynamique boursi\u00e8re \u00e0 long terme.<\/li>\n<li>Vous b\u00e9n\u00e9ficiez en plus des avantages fiscaux de l&rsquo;assurance-vie.<\/li>\n<\/ul>\n<p>Nous sommes \u00e0 votre disposition pour vous permettre de faire le point sur votre future retraite en \u00e9tablissant un bilan gratuit et sans engagement de votre situation.<\/p>\n<p>Option Possible :<\/p>\n<ul>\n<li><a href=\"http:\/\/adevie.com\/index.php\/produits-2\/retraite\/complementaire-retraite-madelin\/\"> Compl\u00e9mentaire Retraite Madelin<\/a><\/li>\n<li><a href=\"http:\/\/adevie.com\/index.php\/produits-2\/retraite\/perp\/\">Compl\u00e9mentaire PERP<\/a><\/li>\n<li><a href=\"http:\/\/adevie.com\/index.php\/produits-2\/epargne\/assurance-vie\/epargne-handicap-et-rente-survie\/\">\u00c9pargne Handicap et Rente Survie<\/a><\/li>\n<\/ul>\n<p>&nbsp;<\/p>\n<p><a href=\"http:\/\/adevie.com\/index.php\/formulaires\/contact\/\"><img loading=\"lazy\" decoding=\"async\" class=\"aligncenter wp-image-645 size-medium\" src=\"http:\/\/adevie.com\/wp-content\/uploads\/2018\/02\/contact-300x107.jpg\" alt=\"\" width=\"300\" height=\"107\" srcset=\"https:\/\/adevie.com\/wp-content\/uploads\/2018\/02\/contact-300x107.jpg 300w, https:\/\/adevie.com\/wp-content\/uploads\/2018\/02\/contact.jpg 674w\" sizes=\"(max-width: 300px) 100vw, 300px\" \/><\/a><\/p>\n","protected":false},"excerpt":{"rendered":"<p>Assurance Vie Constituez-vous un capital ou une rente en toute s\u00e9curit\u00e9 &#8230; Vous souhaitez vous constituer un capital en vue de r\u00e9aliser un projet important : l&rsquo;acquisition de votre logement, le financement des \u00e9tudes de vos enfants, le versement d&rsquo;une rente \u00e0 vie pour votre retraite ou tout simplement une r\u00e9serve disponible en cas d&rsquo;impr\u00e9vus&#8230; [&hellip;]<\/p>\n","protected":false},"author":1,"featured_media":898,"parent":368,"menu_order":0,"comment_status":"closed","ping_status":"closed","template":"","meta":{"footnotes":""},"_links":{"self":[{"href":"https:\/\/adevie.com\/index.php\/wp-json\/wp\/v2\/pages\/370"}],"collection":[{"href":"https:\/\/adevie.com\/index.php\/wp-json\/wp\/v2\/pages"}],"about":[{"href":"https:\/\/adevie.com\/index.php\/wp-json\/wp\/v2\/types\/page"}],"author":[{"embeddable":true,"href":"https:\/\/adevie.com\/index.php\/wp-json\/wp\/v2\/users\/1"}],"replies":[{"embeddable":true,"href":"https:\/\/adevie.com\/index.php\/wp-json\/wp\/v2\/comments?post=370"}],"version-history":[{"count":5,"href":"https:\/\/adevie.com\/index.php\/wp-json\/wp\/v2\/pages\/370\/revisions"}],"predecessor-version":[{"id":914,"href":"https:\/\/adevie.com\/index.php\/wp-json\/wp\/v2\/pages\/370\/revisions\/914"}],"up":[{"embeddable":true,"href":"https:\/\/adevie.com\/index.php\/wp-json\/wp\/v2\/pages\/368"}],"wp:featuredmedia":[{"embeddable":true,"href":"https:\/\/adevie.com\/index.php\/wp-json\/wp\/v2\/media\/898"}],"wp:attachment":[{"href":"https:\/\/adevie.com\/index.php\/wp-json\/wp\/v2\/media?parent=370"}],"curies":[{"name":"wp","href":"https:\/\/api.w.org\/{rel}","templated":true}]}}