{"id":373,"date":"2018-02-02T12:08:20","date_gmt":"2018-02-02T11:08:20","guid":{"rendered":"http:\/\/adevie.com\/?page_id=373"},"modified":"2018-02-07T16:43:36","modified_gmt":"2018-02-07T15:43:36","slug":"perp","status":"publish","type":"page","link":"https:\/\/adevie.com\/index.php\/produits-2\/retraite\/perp\/","title":{"rendered":"Compl\u00e9mentaire Retraite Perp"},"content":{"rendered":"<p>PERP<br \/>\n( Plan d&rsquo;Epargne Retraite Populaire )<\/p>\n<p>Pr\u00e9parer d\u00e8s Aujourd&rsquo;hui votre Retraite \u00e0 partir de 50 euros par mois !!!<\/p>\n<p>Votre Retraite vous para\u00eet peut-\u00eatre loin&#8230;<\/p>\n<p>Pourtant, si vous voulez la vivre dans les meilleures conditions, il est indispensable de la pr\u00e9parer d\u00e8s maintenant&#8230;<\/p>\n<p>En cr\u00e9ant le PERP, la loi Fillon a permis \u00e0 tous, d&rsquo;acc\u00e9der \u00e0 une formule simple et avantageuse pour se constituer un compl\u00e9ment de retraite.<\/p>\n<p>Bouton Pour constituer votre \u00e9pargne retraite, vous optez pour des versements programm\u00e9s, ou libres aux dates de votre choix.<\/p>\n<p>Bouton Vous pouvez orienter votre \u00e9pargne vers le fonds en euros cantonn\u00e9, totalement s\u00e9curis\u00e9 et\/ou des supports en unit\u00e9s de compte pour b\u00e9n\u00e9ficier de la dynamique boursi\u00e8re \u00e0 long terme.<\/p>\n<p>Bouton Votre \u00e9pargne sera vers\u00e9e sous forme de rente \u00e0 vie, d\u00e8s votre retraite ou, en cas de d\u00e9c\u00e8s, au(x) b\u00e9n\u00e9ficiaire(s) que vous avez d\u00e9sign\u00e9(s). Dans le cas d&rsquo;une premi\u00e8re accession \u00e0 la propri\u00e9t\u00e9 ou de coup dur (invalidit\u00e9 par exemple), vous percevez le capital de votre contrat.<\/p>\n<p>Bouton Vous pouvez d\u00e9duire , chaque ann\u00e9e, les versements effectu\u00e9s sur votre contrat Perp de votre revenu imposable net global dans les limites fix\u00e9es par la Loi Fillon.<\/p>\n<p>Avec le PERP, vous pr\u00e9parez sereinement votre retraite en b\u00e9n\u00e9ficiant d&rsquo;int\u00e9ressantes conditions de d\u00e9ductibilit\u00e9 fiscale&#8230;<\/p>\n<p>Nous sommes \u00e0 votre disposition pour vous permettre de faire le point sur votre future retraite en \u00e9tablissant un bilan gratuit et sans engagement de votre situation.<\/p>\n<p><a href=\"http:\/\/adevie.com\/index.php\/formulaires\/contact\/\"><img loading=\"lazy\" decoding=\"async\" class=\"aligncenter wp-image-645 size-medium\" src=\"http:\/\/adevie.com\/wp-content\/uploads\/2018\/02\/contact-300x107.jpg\" alt=\"\" width=\"300\" height=\"107\" srcset=\"https:\/\/adevie.com\/wp-content\/uploads\/2018\/02\/contact-300x107.jpg 300w, https:\/\/adevie.com\/wp-content\/uploads\/2018\/02\/contact.jpg 674w\" sizes=\"(max-width: 300px) 100vw, 300px\" \/><\/a><\/p>\n","protected":false},"excerpt":{"rendered":"<p>PERP ( Plan d&rsquo;Epargne Retraite Populaire ) Pr\u00e9parer d\u00e8s Aujourd&rsquo;hui votre Retraite \u00e0 partir de 50 euros par mois !!! Votre Retraite vous para\u00eet peut-\u00eatre loin&#8230; Pourtant, si vous voulez la vivre dans les meilleures conditions, il est indispensable de la pr\u00e9parer d\u00e8s maintenant&#8230; En cr\u00e9ant le PERP, la loi Fillon a permis \u00e0 tous, [&hellip;]<\/p>\n","protected":false},"author":1,"featured_media":0,"parent":286,"menu_order":0,"comment_status":"closed","ping_status":"closed","template":"","meta":{"footnotes":""},"_links":{"self":[{"href":"https:\/\/adevie.com\/index.php\/wp-json\/wp\/v2\/pages\/373"}],"collection":[{"href":"https:\/\/adevie.com\/index.php\/wp-json\/wp\/v2\/pages"}],"about":[{"href":"https:\/\/adevie.com\/index.php\/wp-json\/wp\/v2\/types\/page"}],"author":[{"embeddable":true,"href":"https:\/\/adevie.com\/index.php\/wp-json\/wp\/v2\/users\/1"}],"replies":[{"embeddable":true,"href":"https:\/\/adevie.com\/index.php\/wp-json\/wp\/v2\/comments?post=373"}],"version-history":[{"count":3,"href":"https:\/\/adevie.com\/index.php\/wp-json\/wp\/v2\/pages\/373\/revisions"}],"predecessor-version":[{"id":692,"href":"https:\/\/adevie.com\/index.php\/wp-json\/wp\/v2\/pages\/373\/revisions\/692"}],"up":[{"embeddable":true,"href":"https:\/\/adevie.com\/index.php\/wp-json\/wp\/v2\/pages\/286"}],"wp:attachment":[{"href":"https:\/\/adevie.com\/index.php\/wp-json\/wp\/v2\/media?parent=373"}],"curies":[{"name":"wp","href":"https:\/\/api.w.org\/{rel}","templated":true}]}}