{"id":381,"date":"2018-02-02T12:15:44","date_gmt":"2018-02-02T11:15:44","guid":{"rendered":"http:\/\/adevie.com\/?page_id=381"},"modified":"2019-03-05T09:30:28","modified_gmt":"2019-03-05T08:30:28","slug":"sante-animale","status":"publish","type":"page","link":"https:\/\/adevie.com\/index.php\/produits-2\/animaux\/sante-animale\/","title":{"rendered":"Sant\u00e9 Animale"},"content":{"rendered":"<p><img loading=\"lazy\" decoding=\"async\" width=\"300\" height=\"300\" class=\"size-medium wp-image-551 aligncenter\" alt=\"\" src=\"http:\/\/adevie.com\/wp-content\/uploads\/2018\/02\/chien-300x300.jpg\" srcset=\"https:\/\/adevie.com\/wp-content\/uploads\/2018\/02\/chien-300x300.jpg 300w, https:\/\/adevie.com\/wp-content\/uploads\/2018\/02\/chien-150x150.jpg 150w, https:\/\/adevie.com\/wp-content\/uploads\/2018\/02\/chien-768x768.jpg 768w, https:\/\/adevie.com\/wp-content\/uploads\/2018\/02\/chien-1024x1024.jpg 1024w, https:\/\/adevie.com\/wp-content\/uploads\/2018\/02\/chien.jpg 1560w\" sizes=\"(max-width: 300px) 100vw, 300px\" \/><\/p>\n<h1 style=\"text-align: center;\"><strong>Garantie Chiens-Chats<\/strong><\/h1>\n<blockquote><p>Vous avez ou vous venez d&rsquo;acqu\u00e9rir chez vous un chien ou un chat, et bien s\u00fbr vous avez conscience des frais attenants \u00e0 ce nouveau compagnon (nourriture, vaccins, &#8230;) ; Mais avez-vous pens\u00e9 aux d\u00e9penses impr\u00e9vues d&rsquo;un accident ou d&rsquo;une maladie ?<\/p><\/blockquote>\n<p>Dans ce cas, la facture des honoraires v\u00e9t\u00e9rinaires peut vite atteindre les 1 500 \u20ac. Pour y subvenir, nous vous proposons un Contrat Chiens-Chats qui couvrira ce qui peut vous co\u00fbter cher.<\/p>\n<p>Diff\u00e9rentes options sont possibles :<\/p>\n<p>Vaccins,<br \/>\nFrais d&rsquo;accidents,<br \/>\nM\u00e9dicaments,<br \/>\nInterventions chirurgicales,<br \/>\nEuthanasie.<\/p>\n<p>&nbsp;<\/p>\n<p><iframe loading=\"lazy\" width=\"100%\" height=\"450px\" src=\"https:\/\/adevie.oggo-data.net\/iform\/animal\" frameborder=\"0\"><\/iframe><\/p>\n","protected":false},"excerpt":{"rendered":"<p>Garantie Chiens-Chats Vous avez ou vous venez d&rsquo;acqu\u00e9rir chez vous un chien ou un chat, et bien s\u00fbr vous avez conscience des frais attenants \u00e0 ce nouveau compagnon (nourriture, vaccins, &#8230;) ; Mais avez-vous pens\u00e9 aux d\u00e9penses impr\u00e9vues d&rsquo;un accident ou d&rsquo;une maladie ? Dans ce cas, la facture des honoraires v\u00e9t\u00e9rinaires peut vite atteindre [&hellip;]<\/p>\n","protected":false},"author":1,"featured_media":551,"parent":379,"menu_order":0,"comment_status":"closed","ping_status":"closed","template":"","meta":{"footnotes":""},"_links":{"self":[{"href":"https:\/\/adevie.com\/index.php\/wp-json\/wp\/v2\/pages\/381"}],"collection":[{"href":"https:\/\/adevie.com\/index.php\/wp-json\/wp\/v2\/pages"}],"about":[{"href":"https:\/\/adevie.com\/index.php\/wp-json\/wp\/v2\/types\/page"}],"author":[{"embeddable":true,"href":"https:\/\/adevie.com\/index.php\/wp-json\/wp\/v2\/users\/1"}],"replies":[{"embeddable":true,"href":"https:\/\/adevie.com\/index.php\/wp-json\/wp\/v2\/comments?post=381"}],"version-history":[{"count":4,"href":"https:\/\/adevie.com\/index.php\/wp-json\/wp\/v2\/pages\/381\/revisions"}],"predecessor-version":[{"id":991,"href":"https:\/\/adevie.com\/index.php\/wp-json\/wp\/v2\/pages\/381\/revisions\/991"}],"up":[{"embeddable":true,"href":"https:\/\/adevie.com\/index.php\/wp-json\/wp\/v2\/pages\/379"}],"wp:featuredmedia":[{"embeddable":true,"href":"https:\/\/adevie.com\/index.php\/wp-json\/wp\/v2\/media\/551"}],"wp:attachment":[{"href":"https:\/\/adevie.com\/index.php\/wp-json\/wp\/v2\/media?parent=381"}],"curies":[{"name":"wp","href":"https:\/\/api.w.org\/{rel}","templated":true}]}}