{"id":390,"date":"2018-02-02T12:18:38","date_gmt":"2018-02-02T11:18:38","guid":{"rendered":"http:\/\/adevie.com\/?page_id=390"},"modified":"2019-03-05T11:20:24","modified_gmt":"2019-03-05T10:20:24","slug":"extension-de-garanties","status":"publish","type":"page","link":"https:\/\/adevie.com\/index.php\/produits-2\/divers\/extension-de-garanties\/","title":{"rendered":"Extension de Garanties"},"content":{"rendered":"\n<div class=\"wp-block-image\"><figure class=\"aligncenter is-resized\"><img loading=\"lazy\" decoding=\"async\" src=\"http:\/\/adevie.com\/wp-content\/uploads\/2019\/03\/garantie-1024x767.jpg\" alt=\"\" class=\"wp-image-1047\" width=\"280\" height=\"210\" srcset=\"https:\/\/adevie.com\/wp-content\/uploads\/2019\/03\/garantie-1024x767.jpg 1024w, https:\/\/adevie.com\/wp-content\/uploads\/2019\/03\/garantie-300x225.jpg 300w, https:\/\/adevie.com\/wp-content\/uploads\/2019\/03\/garantie-768x576.jpg 768w, https:\/\/adevie.com\/wp-content\/uploads\/2019\/03\/garantie.jpg 1560w\" sizes=\"(max-width: 280px) 100vw, 280px\" \/><\/figure><\/div>\n\n\n<p>Extension de garanties<\/p>\n<p>Vous venez d&rsquo;acheter un appareil \u00e9lectrom\u00e9nager ou vous \u00eates en posssession d&rsquo;un<\/p>\n<p>appareil qui ne va plus \u00eatre sous garantie, nous vous proposons un contrat<\/p>\n<p>\u00ab\u00a0extension de garanties\u00a0\u00bb \u00e0 un tarif tr\u00e8s comp\u00e9titif.<\/p>\n<p>Ce contrat vous permet d&rsquo;\u00e9tendre la garantie de votre produit jusqu&rsquo;\u00e0 5 ans<\/p>\n<p>(garantie constructeur incluse)<\/p>\n<p><a href=\"http:\/\/adevie.com\/index.php\/formulaires\/contact\/\"><img loading=\"lazy\" decoding=\"async\" width=\"300\" height=\"107\" class=\"aligncenter wp-image-645 size-medium\" alt=\"\" src=\"http:\/\/adevie.com\/wp-content\/uploads\/2018\/02\/contact-300x107.jpg\" srcset=\"https:\/\/adevie.com\/wp-content\/uploads\/2018\/02\/contact-300x107.jpg 300w, https:\/\/adevie.com\/wp-content\/uploads\/2018\/02\/contact.jpg 674w\" sizes=\"(max-width: 300px) 100vw, 300px\" \/><\/a><\/p>","protected":false},"excerpt":{"rendered":"<p>Extension de garanties Vous venez d&rsquo;acheter un appareil \u00e9lectrom\u00e9nager ou vous \u00eates en posssession d&rsquo;un appareil qui ne va plus \u00eatre sous garantie, nous vous proposons un contrat \u00ab\u00a0extension de garanties\u00a0\u00bb \u00e0 un tarif tr\u00e8s comp\u00e9titif. Ce contrat vous permet d&rsquo;\u00e9tendre la garantie de votre produit jusqu&rsquo;\u00e0 5 ans (garantie constructeur incluse)<\/p>\n","protected":false},"author":1,"featured_media":1047,"parent":386,"menu_order":0,"comment_status":"closed","ping_status":"closed","template":"","meta":{"footnotes":""},"_links":{"self":[{"href":"https:\/\/adevie.com\/index.php\/wp-json\/wp\/v2\/pages\/390"}],"collection":[{"href":"https:\/\/adevie.com\/index.php\/wp-json\/wp\/v2\/pages"}],"about":[{"href":"https:\/\/adevie.com\/index.php\/wp-json\/wp\/v2\/types\/page"}],"author":[{"embeddable":true,"href":"https:\/\/adevie.com\/index.php\/wp-json\/wp\/v2\/users\/1"}],"replies":[{"embeddable":true,"href":"https:\/\/adevie.com\/index.php\/wp-json\/wp\/v2\/comments?post=390"}],"version-history":[{"count":3,"href":"https:\/\/adevie.com\/index.php\/wp-json\/wp\/v2\/pages\/390\/revisions"}],"predecessor-version":[{"id":1048,"href":"https:\/\/adevie.com\/index.php\/wp-json\/wp\/v2\/pages\/390\/revisions\/1048"}],"up":[{"embeddable":true,"href":"https:\/\/adevie.com\/index.php\/wp-json\/wp\/v2\/pages\/386"}],"wp:featuredmedia":[{"embeddable":true,"href":"https:\/\/adevie.com\/index.php\/wp-json\/wp\/v2\/media\/1047"}],"wp:attachment":[{"href":"https:\/\/adevie.com\/index.php\/wp-json\/wp\/v2\/media?parent=390"}],"curies":[{"name":"wp","href":"https:\/\/api.w.org\/{rel}","templated":true}]}}