{"id":392,"date":"2018-02-02T12:22:16","date_gmt":"2018-02-02T11:22:16","guid":{"rendered":"http:\/\/adevie.com\/?page_id=392"},"modified":"2018-02-08T12:39:25","modified_gmt":"2018-02-08T11:39:25","slug":"credit-immobilier","status":"publish","type":"page","link":"https:\/\/adevie.com\/index.php\/produits-2\/divers\/credit-immobilier\/","title":{"rendered":"Cr\u00e9dit Immobilier"},"content":{"rendered":"<p><img loading=\"lazy\" decoding=\"async\" class=\"size-full wp-image-775 aligncenter\" src=\"http:\/\/adevie.com\/wp-content\/uploads\/2018\/02\/assurance-de-pret.jpg\" alt=\"\" width=\"300\" height=\"300\" srcset=\"https:\/\/adevie.com\/wp-content\/uploads\/2018\/02\/assurance-de-pret.jpg 300w, https:\/\/adevie.com\/wp-content\/uploads\/2018\/02\/assurance-de-pret-150x150.jpg 150w\" sizes=\"(max-width: 300px) 100vw, 300px\" \/><\/p>\n<h1 style=\"text-align: center;\"><strong>Cr\u00e9dit<\/strong><\/h1>\n<p>&nbsp;<\/p>\n<blockquote><p>Nous ne faisons pas ce type d&rsquo;offre, nous ne pouvons pas tout faire.<\/p>\n<p>Mais nous pouvons vous mettre en relation avec un cabinet s\u00e9rieux et reconnu.<\/p>\n<p>N&rsquo;h\u00e9sitez pas \u00e0 prendre contact.<\/p><\/blockquote>\n<p>&nbsp;<\/p>\n<p><a href=\"http:\/\/adevie.com\/index.php\/formulaires\/contact\/\"><img loading=\"lazy\" decoding=\"async\" class=\"aligncenter wp-image-645 size-medium\" src=\"http:\/\/adevie.com\/wp-content\/uploads\/2018\/02\/contact-300x107.jpg\" alt=\"\" width=\"300\" height=\"107\" srcset=\"https:\/\/adevie.com\/wp-content\/uploads\/2018\/02\/contact-300x107.jpg 300w, https:\/\/adevie.com\/wp-content\/uploads\/2018\/02\/contact.jpg 674w\" sizes=\"(max-width: 300px) 100vw, 300px\" \/><\/a><\/p>\n","protected":false},"excerpt":{"rendered":"<p>Cr\u00e9dit &nbsp; Nous ne faisons pas ce type d&rsquo;offre, nous ne pouvons pas tout faire. Mais nous pouvons vous mettre en relation avec un cabinet s\u00e9rieux et reconnu. N&rsquo;h\u00e9sitez pas \u00e0 prendre contact. &nbsp;<\/p>\n","protected":false},"author":1,"featured_media":775,"parent":386,"menu_order":0,"comment_status":"closed","ping_status":"closed","template":"","meta":{"footnotes":""},"_links":{"self":[{"href":"https:\/\/adevie.com\/index.php\/wp-json\/wp\/v2\/pages\/392"}],"collection":[{"href":"https:\/\/adevie.com\/index.php\/wp-json\/wp\/v2\/pages"}],"about":[{"href":"https:\/\/adevie.com\/index.php\/wp-json\/wp\/v2\/types\/page"}],"author":[{"embeddable":true,"href":"https:\/\/adevie.com\/index.php\/wp-json\/wp\/v2\/users\/1"}],"replies":[{"embeddable":true,"href":"https:\/\/adevie.com\/index.php\/wp-json\/wp\/v2\/comments?post=392"}],"version-history":[{"count":3,"href":"https:\/\/adevie.com\/index.php\/wp-json\/wp\/v2\/pages\/392\/revisions"}],"predecessor-version":[{"id":776,"href":"https:\/\/adevie.com\/index.php\/wp-json\/wp\/v2\/pages\/392\/revisions\/776"}],"up":[{"embeddable":true,"href":"https:\/\/adevie.com\/index.php\/wp-json\/wp\/v2\/pages\/386"}],"wp:featuredmedia":[{"embeddable":true,"href":"https:\/\/adevie.com\/index.php\/wp-json\/wp\/v2\/media\/775"}],"wp:attachment":[{"href":"https:\/\/adevie.com\/index.php\/wp-json\/wp\/v2\/media?parent=392"}],"curies":[{"name":"wp","href":"https:\/\/api.w.org\/{rel}","templated":true}]}}