{"id":394,"date":"2018-02-02T12:24:01","date_gmt":"2018-02-02T11:24:01","guid":{"rendered":"http:\/\/adevie.com\/?page_id=394"},"modified":"2019-03-05T10:47:42","modified_gmt":"2019-03-05T09:47:42","slug":"frais-generaux","status":"publish","type":"page","link":"https:\/\/adevie.com\/index.php\/produits-2\/prevoyance\/frais-generaux\/","title":{"rendered":"Frais G\u00e9n\u00e9raux"},"content":{"rendered":"\n<div class=\"wp-block-image\"><figure class=\"aligncenter is-resized\"><img loading=\"lazy\" decoding=\"async\" src=\"http:\/\/adevie.com\/wp-content\/uploads\/2019\/03\/fg.jpg\" alt=\"\" class=\"wp-image-1028\" width=\"171\" height=\"183\" srcset=\"https:\/\/adevie.com\/wp-content\/uploads\/2019\/03\/fg.jpg 785w, https:\/\/adevie.com\/wp-content\/uploads\/2019\/03\/fg-280x300.jpg 280w, https:\/\/adevie.com\/wp-content\/uploads\/2019\/03\/fg-768x823.jpg 768w\" sizes=\"(max-width: 171px) 100vw, 171px\" \/><\/figure><\/div>\n\n\n<p>Remboursement des Frais G\u00e9n\u00e9raux pour les Ind\u00e9pendants et les Entreprises<\/p>\n<p>Une assurance qui prend le relais en cas d&rsquo;arr\u00eat de travail pour raison de sant\u00e9, elle prend en charge le paiement de vos frais de fonctionnement pour assurer la p\u00e9rennit\u00e9 de votre entreprise.<\/p>\n<p>La Garantie Frais G\u00e9n\u00e9raux est un contrat indemnitaire qui a pour objet de couvrir tout ou partie de vos frais professionnels permanents :<\/p>\n<p>Loyer commercial, \u00e9lectricit\u00e9, achat de mat\u00e9riel, salaires de vos employ\u00e9s et charges sociales &#8230;<\/p>\n<p>Avec le contrat Remboursement des Frais G\u00e9n\u00e9raux:<\/p>\n<p>Vous fixez vous-m\u00eame le montant de vos indemnit\u00e9,<br>\nVous pouvez b\u00e9n\u00e9ficiez d&rsquo;un montant \u00e9lev\u00e9 d&rsquo;indemnisation,<br>\nUne r\u00e9duction des cotisations de 15% pour les cr\u00e9ateurs d&rsquo;entreprise,<br>\nUne r\u00e9duction des cotisations de 15% si vous \u00eates client en sant\u00e9 aupr\u00e8s de la m\u00eame compagnie,<br>\nUne assurance souscrite par l&rsquo;entreprise b\u00e9n\u00e9ficiant du cadre fiscal de l&rsquo;article 39 du Code G\u00e9n\u00e9ral des Impots.<\/p>\n<p>&nbsp;<\/p>\n<p><a href=\"http:\/\/adevie.com\/index.php\/formulaires\/contact\/\"><img loading=\"lazy\" decoding=\"async\" width=\"300\" height=\"107\" class=\"aligncenter wp-image-645 size-medium\" alt=\"\" src=\"http:\/\/adevie.com\/wp-content\/uploads\/2018\/02\/contact-300x107.jpg\" srcset=\"https:\/\/adevie.com\/wp-content\/uploads\/2018\/02\/contact-300x107.jpg 300w, https:\/\/adevie.com\/wp-content\/uploads\/2018\/02\/contact.jpg 674w\" sizes=\"(max-width: 300px) 100vw, 300px\" \/><\/a><\/p>","protected":false},"excerpt":{"rendered":"<p>Remboursement des Frais G\u00e9n\u00e9raux pour les Ind\u00e9pendants et les Entreprises Une assurance qui prend le relais en cas d&rsquo;arr\u00eat de travail pour raison de sant\u00e9, elle prend en charge le paiement de vos frais de fonctionnement pour assurer la p\u00e9rennit\u00e9 de votre entreprise. La Garantie Frais G\u00e9n\u00e9raux est un contrat indemnitaire qui a pour objet [&hellip;]<\/p>\n","protected":false},"author":1,"featured_media":1028,"parent":305,"menu_order":0,"comment_status":"closed","ping_status":"closed","template":"","meta":{"footnotes":""},"_links":{"self":[{"href":"https:\/\/adevie.com\/index.php\/wp-json\/wp\/v2\/pages\/394"}],"collection":[{"href":"https:\/\/adevie.com\/index.php\/wp-json\/wp\/v2\/pages"}],"about":[{"href":"https:\/\/adevie.com\/index.php\/wp-json\/wp\/v2\/types\/page"}],"author":[{"embeddable":true,"href":"https:\/\/adevie.com\/index.php\/wp-json\/wp\/v2\/users\/1"}],"replies":[{"embeddable":true,"href":"https:\/\/adevie.com\/index.php\/wp-json\/wp\/v2\/comments?post=394"}],"version-history":[{"count":3,"href":"https:\/\/adevie.com\/index.php\/wp-json\/wp\/v2\/pages\/394\/revisions"}],"predecessor-version":[{"id":1029,"href":"https:\/\/adevie.com\/index.php\/wp-json\/wp\/v2\/pages\/394\/revisions\/1029"}],"up":[{"embeddable":true,"href":"https:\/\/adevie.com\/index.php\/wp-json\/wp\/v2\/pages\/305"}],"wp:featuredmedia":[{"embeddable":true,"href":"https:\/\/adevie.com\/index.php\/wp-json\/wp\/v2\/media\/1028"}],"wp:attachment":[{"href":"https:\/\/adevie.com\/index.php\/wp-json\/wp\/v2\/media?parent=394"}],"curies":[{"name":"wp","href":"https:\/\/api.w.org\/{rel}","templated":true}]}}