{"id":396,"date":"2018-02-02T12:26:41","date_gmt":"2018-02-02T11:26:41","guid":{"rendered":"http:\/\/adevie.com\/?page_id=396"},"modified":"2018-03-28T14:06:22","modified_gmt":"2018-03-28T12:06:22","slug":"plan-epargne-entreprise-pee","status":"publish","type":"page","link":"https:\/\/adevie.com\/index.php\/produits-2\/epargne\/plan-epargne-entreprise-pee\/","title":{"rendered":"Plan Epargne Entreprise (PEE)"},"content":{"rendered":"<p><img loading=\"lazy\" decoding=\"async\" class=\"size-medium wp-image-892 aligncenter\" src=\"http:\/\/adevie.com\/wp-content\/uploads\/2018\/03\/Argent_5-300x300.jpg\" alt=\"\" width=\"300\" height=\"300\" srcset=\"https:\/\/adevie.com\/wp-content\/uploads\/2018\/03\/Argent_5-300x300.jpg 300w, https:\/\/adevie.com\/wp-content\/uploads\/2018\/03\/Argent_5-150x150.jpg 150w, https:\/\/adevie.com\/wp-content\/uploads\/2018\/03\/Argent_5.jpg 400w\" sizes=\"(max-width: 300px) 100vw, 300px\" \/><\/p>\n<h1 style=\"text-align: center;\">Plan Epargne Entreprise (PEE)<\/h1>\n<blockquote><p>Le plan d&rsquo;\u00e9pargne entreprise (PEE) est un syst\u00e8me d&rsquo;\u00e9pargne collectif qui permet aux salari\u00e9s de se constituer un portefeuille de valeurs mobili\u00e8res avec l&rsquo;aide de l&rsquo;entreprise. Les versements du salari\u00e9 peuvent \u00eatre compl\u00e9t\u00e9s par des contributions de l&rsquo;entreprise (abondements). Les sommes sont indisponibles pendant au moins 5 ans, sauf cas de d\u00e9blocages exceptionnels. Le PEE peut \u00eatre mis en place au niveau de plusieurs entreprises n&rsquo;appartenant pas au m\u00eame groupe (PEI).<\/p><\/blockquote>\n<p>&nbsp;<\/p>\n<p><a href=\"http:\/\/adevie.com\/index.php\/formulaires\/contact\/\"><img loading=\"lazy\" decoding=\"async\" class=\"aligncenter wp-image-645 size-medium\" src=\"http:\/\/adevie.com\/wp-content\/uploads\/2018\/02\/contact-300x107.jpg\" alt=\"\" width=\"300\" height=\"107\" srcset=\"https:\/\/adevie.com\/wp-content\/uploads\/2018\/02\/contact-300x107.jpg 300w, https:\/\/adevie.com\/wp-content\/uploads\/2018\/02\/contact.jpg 674w\" sizes=\"(max-width: 300px) 100vw, 300px\" \/><\/a><\/p>\n","protected":false},"excerpt":{"rendered":"<p>Plan Epargne Entreprise (PEE) Le plan d&rsquo;\u00e9pargne entreprise (PEE) est un syst\u00e8me d&rsquo;\u00e9pargne collectif qui permet aux salari\u00e9s de se constituer un portefeuille de valeurs mobili\u00e8res avec l&rsquo;aide de l&rsquo;entreprise. Les versements du salari\u00e9 peuvent \u00eatre compl\u00e9t\u00e9s par des contributions de l&rsquo;entreprise (abondements). Les sommes sont indisponibles pendant au moins 5 ans, sauf cas de [&hellip;]<\/p>\n","protected":false},"author":1,"featured_media":892,"parent":368,"menu_order":0,"comment_status":"closed","ping_status":"closed","template":"","meta":{"footnotes":""},"_links":{"self":[{"href":"https:\/\/adevie.com\/index.php\/wp-json\/wp\/v2\/pages\/396"}],"collection":[{"href":"https:\/\/adevie.com\/index.php\/wp-json\/wp\/v2\/pages"}],"about":[{"href":"https:\/\/adevie.com\/index.php\/wp-json\/wp\/v2\/types\/page"}],"author":[{"embeddable":true,"href":"https:\/\/adevie.com\/index.php\/wp-json\/wp\/v2\/users\/1"}],"replies":[{"embeddable":true,"href":"https:\/\/adevie.com\/index.php\/wp-json\/wp\/v2\/comments?post=396"}],"version-history":[{"count":4,"href":"https:\/\/adevie.com\/index.php\/wp-json\/wp\/v2\/pages\/396\/revisions"}],"predecessor-version":[{"id":893,"href":"https:\/\/adevie.com\/index.php\/wp-json\/wp\/v2\/pages\/396\/revisions\/893"}],"up":[{"embeddable":true,"href":"https:\/\/adevie.com\/index.php\/wp-json\/wp\/v2\/pages\/368"}],"wp:featuredmedia":[{"embeddable":true,"href":"https:\/\/adevie.com\/index.php\/wp-json\/wp\/v2\/media\/892"}],"wp:attachment":[{"href":"https:\/\/adevie.com\/index.php\/wp-json\/wp\/v2\/media?parent=396"}],"curies":[{"name":"wp","href":"https:\/\/api.w.org\/{rel}","templated":true}]}}