{"id":398,"date":"2018-02-02T12:27:31","date_gmt":"2018-02-02T11:27:31","guid":{"rendered":"http:\/\/adevie.com\/?page_id=398"},"modified":"2018-02-07T16:43:54","modified_gmt":"2018-02-07T15:43:54","slug":"complementaire-retraite-madelin","status":"publish","type":"page","link":"https:\/\/adevie.com\/index.php\/produits-2\/retraite\/complementaire-retraite-madelin\/","title":{"rendered":"Compl\u00e9mentaire Retraite Madelin"},"content":{"rendered":"<p>Retraite Des Ind\u00e9pendants<br \/>\ndans le cadre de Loi Madelin<\/p>\n<p>Commer\u00e7ant, Artisan, Profession Lib\u00e9rale ou Entrepreneur Ind\u00e9pendant, votre r\u00e9gime retraite obligatoire, bas\u00e9 sur la r\u00e9partition, vous offre des garanties de base qui ne compenseront pas, et vous le savez vos revenus d&rsquo;activit\u00e9. Souvent au maximum \u00e9gale \u00e0 50% de vos derniers revenus, la retraite doit se pr\u00e9parer d\u00e8s que possible.<\/p>\n<p>Bas\u00e9e sur la capitalisation, vous pr\u00e9parer concr\u00eatement votre retraite en fonction des versements que vous programmez.<\/p>\n<p>Ce produit rentrant dans le large cadre des l\u00e9gislations Madelin et Fillon, les cotisations que vous verserez seront d\u00e9ductibles de votre revenu imposable (dans les limites de la l\u00e9gislation concern\u00e9e).<\/p>\n<p>Un contrat pouvant allier Retraite et Pr\u00e9voyance, avec \u00e0 la sortie, au choix :<\/p>\n<p>Bouton Rente \u00e0 Vie Non R\u00e9versible<\/p>\n<p>Bouton Rente \u00e0 Vie Non R\u00e9versible avec annuit\u00e9s garanties (selon la r\u00e8glementation en vigueur)<\/p>\n<p>Bouton Rente \u00e0 Vie R\u00e9versible totale ou partielle au profit de la personne que vous avez d\u00e9sign\u00e9e<\/p>\n<p>Bouton Rente \u00e0 Vie R\u00e9versible \u00e0 100% au profit d&rsquo;un b\u00e9n\u00e9ficiaire d\u00e9sign\u00e9 avec annuit\u00e9s garanties (selon la r\u00e8glementation en vigueur)<\/p>\n<p><a href=\"http:\/\/adevie.com\/index.php\/formulaires\/contact\/\"><img loading=\"lazy\" decoding=\"async\" class=\"aligncenter wp-image-645 size-medium\" src=\"http:\/\/adevie.com\/wp-content\/uploads\/2018\/02\/contact-300x107.jpg\" alt=\"\" width=\"300\" height=\"107\" srcset=\"https:\/\/adevie.com\/wp-content\/uploads\/2018\/02\/contact-300x107.jpg 300w, https:\/\/adevie.com\/wp-content\/uploads\/2018\/02\/contact.jpg 674w\" sizes=\"(max-width: 300px) 100vw, 300px\" \/><\/a><\/p>\n","protected":false},"excerpt":{"rendered":"<p>Retraite Des Ind\u00e9pendants dans le cadre de Loi Madelin Commer\u00e7ant, Artisan, Profession Lib\u00e9rale ou Entrepreneur Ind\u00e9pendant, votre r\u00e9gime retraite obligatoire, bas\u00e9 sur la r\u00e9partition, vous offre des garanties de base qui ne compenseront pas, et vous le savez vos revenus d&rsquo;activit\u00e9. Souvent au maximum \u00e9gale \u00e0 50% de vos derniers revenus, la retraite doit se [&hellip;]<\/p>\n","protected":false},"author":1,"featured_media":0,"parent":286,"menu_order":0,"comment_status":"closed","ping_status":"closed","template":"","meta":{"footnotes":""},"_links":{"self":[{"href":"https:\/\/adevie.com\/index.php\/wp-json\/wp\/v2\/pages\/398"}],"collection":[{"href":"https:\/\/adevie.com\/index.php\/wp-json\/wp\/v2\/pages"}],"about":[{"href":"https:\/\/adevie.com\/index.php\/wp-json\/wp\/v2\/types\/page"}],"author":[{"embeddable":true,"href":"https:\/\/adevie.com\/index.php\/wp-json\/wp\/v2\/users\/1"}],"replies":[{"embeddable":true,"href":"https:\/\/adevie.com\/index.php\/wp-json\/wp\/v2\/comments?post=398"}],"version-history":[{"count":2,"href":"https:\/\/adevie.com\/index.php\/wp-json\/wp\/v2\/pages\/398\/revisions"}],"predecessor-version":[{"id":693,"href":"https:\/\/adevie.com\/index.php\/wp-json\/wp\/v2\/pages\/398\/revisions\/693"}],"up":[{"embeddable":true,"href":"https:\/\/adevie.com\/index.php\/wp-json\/wp\/v2\/pages\/286"}],"wp:attachment":[{"href":"https:\/\/adevie.com\/index.php\/wp-json\/wp\/v2\/media?parent=398"}],"curies":[{"name":"wp","href":"https:\/\/api.w.org\/{rel}","templated":true}]}}