{"id":400,"date":"2018-02-02T12:30:05","date_gmt":"2018-02-02T11:30:05","guid":{"rendered":"http:\/\/adevie.com\/?page_id=400"},"modified":"2018-02-07T16:44:53","modified_gmt":"2018-02-07T15:44:53","slug":"complementaire-retraite-entreprise-perco","status":"publish","type":"page","link":"https:\/\/adevie.com\/index.php\/produits-2\/retraite\/complementaire-retraite-entreprise-perco\/","title":{"rendered":"Compl\u00e9mentaire Retraite Entreprise PERCO"},"content":{"rendered":"<p>La Compl\u00e9mentaire Retraite Entreprise<\/p>\n<p>Diminuez votre assiette d&rsquo;imp\u00f4t et motivez vos salari\u00e9s !!!<\/p>\n<p>Bien g\u00e9rer une entreprise n\u00e9cessite aussi de bons outils de gestion fiscale et sociale.<\/p>\n<p>Bouton Des avantages fiscaux et sociaux&#8230;<\/p>\n<p>Pour votre gestion fiscale, les cotisations de la Garantie Retraite Entreprise sont d\u00e9ductibles de votre b\u00e9n\u00e9fice imposable, dans les conditions de l&rsquo;article 39 du Code G\u00e9n\u00e9ral des Imp\u00f4ts, et exon\u00e9r\u00e9es de charges sociales dans la limite des plafonds fix\u00e9s par l&rsquo;article L.242-1 du Code de la s\u00e9curit\u00e9 sociale.<\/p>\n<p>Bouton Un v\u00e9ritable outil de motivation&#8230;<\/p>\n<p>Pour votre gestion sociale, ce contrat est un v\u00e9ritable outil de motivation pour vos salari\u00e9s. Il leur permet en effet de se constituer un compl\u00e9ment de retraite int\u00e9ressant dans un cadre fiscal avantageux (exon\u00e9ration d&rsquo;IA dans les limites de l&rsquo;article 83 du CGI).<\/p>\n<p>Bouton De nombreux avantages&#8230;<\/p>\n<p>En outre, ce contrat pr\u00e9sente de nombreux avantages : grande souplesse, large choix d&rsquo;options, etc&#8230;<\/p>\n<p>Nous sommes bien entendu \u00e0 votre disposition pour \u00e9tablir ensemble un projet gratuit et sans engagement.<\/p>\n<p><a href=\"http:\/\/adevie.com\/index.php\/formulaires\/contact\/\"><img loading=\"lazy\" decoding=\"async\" class=\"aligncenter wp-image-645 size-medium\" src=\"http:\/\/adevie.com\/wp-content\/uploads\/2018\/02\/contact-300x107.jpg\" alt=\"\" width=\"300\" height=\"107\" srcset=\"https:\/\/adevie.com\/wp-content\/uploads\/2018\/02\/contact-300x107.jpg 300w, https:\/\/adevie.com\/wp-content\/uploads\/2018\/02\/contact.jpg 674w\" sizes=\"(max-width: 300px) 100vw, 300px\" \/><\/a><\/p>\n","protected":false},"excerpt":{"rendered":"<p>La Compl\u00e9mentaire Retraite Entreprise Diminuez votre assiette d&rsquo;imp\u00f4t et motivez vos salari\u00e9s !!! Bien g\u00e9rer une entreprise n\u00e9cessite aussi de bons outils de gestion fiscale et sociale. Bouton Des avantages fiscaux et sociaux&#8230; Pour votre gestion fiscale, les cotisations de la Garantie Retraite Entreprise sont d\u00e9ductibles de votre b\u00e9n\u00e9fice imposable, dans les conditions de l&rsquo;article [&hellip;]<\/p>\n","protected":false},"author":1,"featured_media":0,"parent":286,"menu_order":0,"comment_status":"closed","ping_status":"closed","template":"","meta":{"footnotes":""},"_links":{"self":[{"href":"https:\/\/adevie.com\/index.php\/wp-json\/wp\/v2\/pages\/400"}],"collection":[{"href":"https:\/\/adevie.com\/index.php\/wp-json\/wp\/v2\/pages"}],"about":[{"href":"https:\/\/adevie.com\/index.php\/wp-json\/wp\/v2\/types\/page"}],"author":[{"embeddable":true,"href":"https:\/\/adevie.com\/index.php\/wp-json\/wp\/v2\/users\/1"}],"replies":[{"embeddable":true,"href":"https:\/\/adevie.com\/index.php\/wp-json\/wp\/v2\/comments?post=400"}],"version-history":[{"count":2,"href":"https:\/\/adevie.com\/index.php\/wp-json\/wp\/v2\/pages\/400\/revisions"}],"predecessor-version":[{"id":694,"href":"https:\/\/adevie.com\/index.php\/wp-json\/wp\/v2\/pages\/400\/revisions\/694"}],"up":[{"embeddable":true,"href":"https:\/\/adevie.com\/index.php\/wp-json\/wp\/v2\/pages\/286"}],"wp:attachment":[{"href":"https:\/\/adevie.com\/index.php\/wp-json\/wp\/v2\/media?parent=400"}],"curies":[{"name":"wp","href":"https:\/\/api.w.org\/{rel}","templated":true}]}}