{"id":404,"date":"2018-02-02T12:32:38","date_gmt":"2018-02-02T11:32:38","guid":{"rendered":"http:\/\/adevie.com\/?page_id=404"},"modified":"2019-03-05T11:00:39","modified_gmt":"2019-03-05T10:00:39","slug":"responsabilite-civile-professionnelle","status":"publish","type":"page","link":"https:\/\/adevie.com\/index.php\/produits-2\/professionnel\/responsabilite-civile-professionnelle\/","title":{"rendered":"Responsabilit\u00e9 Civile Professionnelle"},"content":{"rendered":"\n<div class=\"wp-block-image\"><figure class=\"aligncenter\"><img loading=\"lazy\" decoding=\"async\" width=\"300\" height=\"225\" src=\"http:\/\/adevie.com\/wp-content\/uploads\/2019\/03\/rc.jpg\" alt=\"\" class=\"wp-image-1038\"\/><\/figure><\/div>\n\n\n<p style=\"text-align: center;\">Obligatoire ou facultative, l\u2019assurance Responsabilit\u00e9 Civile (RC) professionnelle est indispensable pour couvrir les dommages li\u00e9s \u00e0 l\u2019exercice de votre activit\u00e9.<\/p>\n<p style=\"text-align: center;\">L\u2019assurance RC Pro vous permet d\u2019exercer sereinement votre activit\u00e9, tout en \u00e9tant prot\u00e9g\u00e9.<\/p>\n<p>\u00a0<\/p>\n<p><a href=\"http:\/\/adevie.com\/index.php\/formulaires\/contact\/\"><img loading=\"lazy\" decoding=\"async\" class=\"aligncenter wp-image-645 size-medium\" src=\"http:\/\/adevie.com\/wp-content\/uploads\/2018\/02\/contact-300x107.jpg\" alt=\"\" width=\"300\" height=\"107\" srcset=\"https:\/\/adevie.com\/wp-content\/uploads\/2018\/02\/contact-300x107.jpg 300w, https:\/\/adevie.com\/wp-content\/uploads\/2018\/02\/contact.jpg 674w\" sizes=\"(max-width: 300px) 100vw, 300px\" \/><\/a><\/p>","protected":false},"excerpt":{"rendered":"<p>Obligatoire ou facultative, l\u2019assurance Responsabilit\u00e9 Civile (RC) professionnelle est indispensable pour couvrir les dommages li\u00e9s \u00e0 l\u2019exercice de votre activit\u00e9. L\u2019assurance RC Pro vous permet d\u2019exercer sereinement votre activit\u00e9, tout en \u00e9tant prot\u00e9g\u00e9. \u00a0<\/p>\n","protected":false},"author":1,"featured_media":1038,"parent":334,"menu_order":0,"comment_status":"closed","ping_status":"closed","template":"","meta":{"footnotes":""},"_links":{"self":[{"href":"https:\/\/adevie.com\/index.php\/wp-json\/wp\/v2\/pages\/404"}],"collection":[{"href":"https:\/\/adevie.com\/index.php\/wp-json\/wp\/v2\/pages"}],"about":[{"href":"https:\/\/adevie.com\/index.php\/wp-json\/wp\/v2\/types\/page"}],"author":[{"embeddable":true,"href":"https:\/\/adevie.com\/index.php\/wp-json\/wp\/v2\/users\/1"}],"replies":[{"embeddable":true,"href":"https:\/\/adevie.com\/index.php\/wp-json\/wp\/v2\/comments?post=404"}],"version-history":[{"count":4,"href":"https:\/\/adevie.com\/index.php\/wp-json\/wp\/v2\/pages\/404\/revisions"}],"predecessor-version":[{"id":1039,"href":"https:\/\/adevie.com\/index.php\/wp-json\/wp\/v2\/pages\/404\/revisions\/1039"}],"up":[{"embeddable":true,"href":"https:\/\/adevie.com\/index.php\/wp-json\/wp\/v2\/pages\/334"}],"wp:featuredmedia":[{"embeddable":true,"href":"https:\/\/adevie.com\/index.php\/wp-json\/wp\/v2\/media\/1038"}],"wp:attachment":[{"href":"https:\/\/adevie.com\/index.php\/wp-json\/wp\/v2\/media?parent=404"}],"curies":[{"name":"wp","href":"https:\/\/api.w.org\/{rel}","templated":true}]}}