{"id":408,"date":"2018-02-02T12:33:36","date_gmt":"2018-02-02T11:33:36","guid":{"rendered":"http:\/\/adevie.com\/?page_id=408"},"modified":"2018-03-28T14:26:55","modified_gmt":"2018-03-28T12:26:55","slug":"responsabilite-civile","status":"publish","type":"page","link":"https:\/\/adevie.com\/index.php\/produits-2\/divers\/responsabilite-civile\/","title":{"rendered":"Responsabilit\u00e9 Civile"},"content":{"rendered":"<p><img loading=\"lazy\" decoding=\"async\" class=\"size-medium wp-image-900 aligncenter\" src=\"http:\/\/adevie.com\/wp-content\/uploads\/2018\/03\/RC-400x400-300x300.jpg\" alt=\"\" width=\"300\" height=\"300\" srcset=\"https:\/\/adevie.com\/wp-content\/uploads\/2018\/03\/RC-400x400-300x300.jpg 300w, https:\/\/adevie.com\/wp-content\/uploads\/2018\/03\/RC-400x400-150x150.jpg 150w, https:\/\/adevie.com\/wp-content\/uploads\/2018\/03\/RC-400x400.jpg 400w\" sizes=\"(max-width: 300px) 100vw, 300px\" \/><\/p>\n<h1 style=\"text-align: center;\">RESPONSABILITE CIVILE<\/h1>\n<div id=\"global\">\n<div class=\"main-container container\">\n<div class=\"row\">\n<section class=\"col-sm-9\">\n<div class=\"region region-content\">\n<section id=\"block-system-main\" class=\"block block-system clearfix\">\n<div id=\"info-assures-full\" class=\"node-infos-assures view-mode-full\">\n<div class=\"field field-name-field-intro field-type-text-long field-label-hidden\">\n<div class=\"field-items\">\n<div class=\"field-item even\">\n<p>Toute personne peut causer involontairement un dommage \u00e0 autrui.<\/p>\n<p>La responsabilit\u00e9 civile d\u00e9finie par la loi, cr\u00e9e l&rsquo;obligation de r\u00e9parer le dommage caus\u00e9.<\/p>\n<p>Cette assurance vous aide \u00e0 vous pr\u00e9munir de ce risque.<\/p>\n<\/div>\n<\/div>\n<\/div>\n<\/div>\n<\/section>\n<\/div>\n<\/section>\n<\/div>\n<\/div>\n<\/div>\n<p><a href=\"http:\/\/adevie.com\/index.php\/formulaires\/contact\/\"><img loading=\"lazy\" decoding=\"async\" class=\"aligncenter wp-image-645 size-medium\" src=\"http:\/\/adevie.com\/wp-content\/uploads\/2018\/02\/contact-300x107.jpg\" alt=\"\" width=\"300\" height=\"107\" srcset=\"https:\/\/adevie.com\/wp-content\/uploads\/2018\/02\/contact-300x107.jpg 300w, https:\/\/adevie.com\/wp-content\/uploads\/2018\/02\/contact.jpg 674w\" sizes=\"(max-width: 300px) 100vw, 300px\" \/><\/a><\/p>\n","protected":false},"excerpt":{"rendered":"<p>RESPONSABILITE CIVILE Toute personne peut causer involontairement un dommage \u00e0 autrui. La responsabilit\u00e9 civile d\u00e9finie par la loi, cr\u00e9e l&rsquo;obligation de r\u00e9parer le dommage caus\u00e9. Cette assurance vous aide \u00e0 vous pr\u00e9munir de ce risque.<\/p>\n","protected":false},"author":1,"featured_media":900,"parent":386,"menu_order":0,"comment_status":"closed","ping_status":"closed","template":"","meta":{"footnotes":""},"_links":{"self":[{"href":"https:\/\/adevie.com\/index.php\/wp-json\/wp\/v2\/pages\/408"}],"collection":[{"href":"https:\/\/adevie.com\/index.php\/wp-json\/wp\/v2\/pages"}],"about":[{"href":"https:\/\/adevie.com\/index.php\/wp-json\/wp\/v2\/types\/page"}],"author":[{"embeddable":true,"href":"https:\/\/adevie.com\/index.php\/wp-json\/wp\/v2\/users\/1"}],"replies":[{"embeddable":true,"href":"https:\/\/adevie.com\/index.php\/wp-json\/wp\/v2\/comments?post=408"}],"version-history":[{"count":4,"href":"https:\/\/adevie.com\/index.php\/wp-json\/wp\/v2\/pages\/408\/revisions"}],"predecessor-version":[{"id":902,"href":"https:\/\/adevie.com\/index.php\/wp-json\/wp\/v2\/pages\/408\/revisions\/902"}],"up":[{"embeddable":true,"href":"https:\/\/adevie.com\/index.php\/wp-json\/wp\/v2\/pages\/386"}],"wp:featuredmedia":[{"embeddable":true,"href":"https:\/\/adevie.com\/index.php\/wp-json\/wp\/v2\/media\/900"}],"wp:attachment":[{"href":"https:\/\/adevie.com\/index.php\/wp-json\/wp\/v2\/media?parent=408"}],"curies":[{"name":"wp","href":"https:\/\/api.w.org\/{rel}","templated":true}]}}