{"id":410,"date":"2018-02-02T12:34:09","date_gmt":"2018-02-02T11:34:09","guid":{"rendered":"http:\/\/adevie.com\/?page_id=410"},"modified":"2018-02-08T14:16:19","modified_gmt":"2018-02-08T13:16:19","slug":"scolaire-et-extra-scolaire","status":"publish","type":"page","link":"https:\/\/adevie.com\/index.php\/produits-2\/divers\/scolaire-et-extra-scolaire\/","title":{"rendered":"Scolaire et Extra-Scolaire"},"content":{"rendered":"<p><img loading=\"lazy\" decoding=\"async\" class=\"alignnone size-full wp-image-821 aligncenter\" src=\"http:\/\/adevie.com\/wp-content\/uploads\/2018\/02\/ecole.jpg\" alt=\"\" width=\"113\" height=\"168\" \/><\/p>\n<h1 style=\"text-align: center;\"><\/h1>\n<h1 style=\"text-align: center;\"><strong>Responsabilit\u00e9 Civile<\/strong><\/h1>\n<h1 style=\"text-align: center;\"><strong>Scolaire et Extra-Scolaire<\/strong><\/h1>\n<p>&nbsp;<\/p>\n<blockquote><p>Une couverture demand\u00e9e par les \u00e9tablissements, pr\u00e9vue dans votre contrat Multirisques Habitation ou souscrite s\u00e9par\u00e9ment.<\/p><\/blockquote>\n<p>&nbsp;<\/p>\n<p><a href=\"http:\/\/adevie.com\/index.php\/formulaires\/contact\/\"><img loading=\"lazy\" decoding=\"async\" class=\"aligncenter wp-image-645 size-medium\" src=\"http:\/\/adevie.com\/wp-content\/uploads\/2018\/02\/contact-300x107.jpg\" alt=\"\" width=\"300\" height=\"107\" srcset=\"https:\/\/adevie.com\/wp-content\/uploads\/2018\/02\/contact-300x107.jpg 300w, https:\/\/adevie.com\/wp-content\/uploads\/2018\/02\/contact.jpg 674w\" sizes=\"(max-width: 300px) 100vw, 300px\" \/><\/a><\/p>\n","protected":false},"excerpt":{"rendered":"<p>Responsabilit\u00e9 Civile Scolaire et Extra-Scolaire &nbsp; Une couverture demand\u00e9e par les \u00e9tablissements, pr\u00e9vue dans votre contrat Multirisques Habitation ou souscrite s\u00e9par\u00e9ment. &nbsp;<\/p>\n","protected":false},"author":1,"featured_media":821,"parent":386,"menu_order":0,"comment_status":"closed","ping_status":"closed","template":"","meta":{"footnotes":""},"_links":{"self":[{"href":"https:\/\/adevie.com\/index.php\/wp-json\/wp\/v2\/pages\/410"}],"collection":[{"href":"https:\/\/adevie.com\/index.php\/wp-json\/wp\/v2\/pages"}],"about":[{"href":"https:\/\/adevie.com\/index.php\/wp-json\/wp\/v2\/types\/page"}],"author":[{"embeddable":true,"href":"https:\/\/adevie.com\/index.php\/wp-json\/wp\/v2\/users\/1"}],"replies":[{"embeddable":true,"href":"https:\/\/adevie.com\/index.php\/wp-json\/wp\/v2\/comments?post=410"}],"version-history":[{"count":4,"href":"https:\/\/adevie.com\/index.php\/wp-json\/wp\/v2\/pages\/410\/revisions"}],"predecessor-version":[{"id":823,"href":"https:\/\/adevie.com\/index.php\/wp-json\/wp\/v2\/pages\/410\/revisions\/823"}],"up":[{"embeddable":true,"href":"https:\/\/adevie.com\/index.php\/wp-json\/wp\/v2\/pages\/386"}],"wp:featuredmedia":[{"embeddable":true,"href":"https:\/\/adevie.com\/index.php\/wp-json\/wp\/v2\/media\/821"}],"wp:attachment":[{"href":"https:\/\/adevie.com\/index.php\/wp-json\/wp\/v2\/media?parent=410"}],"curies":[{"name":"wp","href":"https:\/\/api.w.org\/{rel}","templated":true}]}}