{"id":497,"date":"2018-02-02T14:57:43","date_gmt":"2018-02-02T13:57:43","guid":{"rendered":"http:\/\/adevie.com\/?page_id=497"},"modified":"2018-02-02T14:57:43","modified_gmt":"2018-02-02T13:57:43","slug":"federation-francaise-des-assures","status":"publish","type":"page","link":"https:\/\/adevie.com\/index.php\/partenaires\/federation-francaise-des-assures\/","title":{"rendered":"F\u00e9d\u00e9ration Fran\u00e7aise des Assur\u00e9s"},"content":{"rendered":"<p><img loading=\"lazy\" decoding=\"async\" class=\"wp-image-139 aligncenter\" src=\"http:\/\/adevie.com\/wp-content\/uploads\/2018\/02\/ffa-e1517485595964.gif\" alt=\"\" width=\"170\" height=\"78\" \/><\/p>\n","protected":false},"excerpt":{"rendered":"","protected":false},"author":1,"featured_media":0,"parent":76,"menu_order":0,"comment_status":"closed","ping_status":"closed","template":"","meta":{"footnotes":""},"_links":{"self":[{"href":"https:\/\/adevie.com\/index.php\/wp-json\/wp\/v2\/pages\/497"}],"collection":[{"href":"https:\/\/adevie.com\/index.php\/wp-json\/wp\/v2\/pages"}],"about":[{"href":"https:\/\/adevie.com\/index.php\/wp-json\/wp\/v2\/types\/page"}],"author":[{"embeddable":true,"href":"https:\/\/adevie.com\/index.php\/wp-json\/wp\/v2\/users\/1"}],"replies":[{"embeddable":true,"href":"https:\/\/adevie.com\/index.php\/wp-json\/wp\/v2\/comments?post=497"}],"version-history":[{"count":1,"href":"https:\/\/adevie.com\/index.php\/wp-json\/wp\/v2\/pages\/497\/revisions"}],"predecessor-version":[{"id":498,"href":"https:\/\/adevie.com\/index.php\/wp-json\/wp\/v2\/pages\/497\/revisions\/498"}],"up":[{"embeddable":true,"href":"https:\/\/adevie.com\/index.php\/wp-json\/wp\/v2\/pages\/76"}],"wp:attachment":[{"href":"https:\/\/adevie.com\/index.php\/wp-json\/wp\/v2\/media?parent=497"}],"curies":[{"name":"wp","href":"https:\/\/api.w.org\/{rel}","templated":true}]}}