{"id":518,"date":"2018-02-02T15:01:46","date_gmt":"2018-02-02T14:01:46","guid":{"rendered":"http:\/\/adevie.com\/?page_id=518"},"modified":"2018-02-27T14:27:54","modified_gmt":"2018-02-27T13:27:54","slug":"apivia","status":"publish","type":"page","link":"https:\/\/adevie.com\/index.php\/partenaires\/apivia\/","title":{"rendered":"Apivia"},"content":{"rendered":"<p><img loading=\"lazy\" decoding=\"async\" class=\"wp-image-602 aligncenter\" src=\"http:\/\/adevie.com\/wp-content\/uploads\/2018\/02\/Apivia-2018-300x234.jpg\" alt=\"\" width=\"156\" height=\"122\" \/><\/p>\n<h2>Apivia Mutuelle, riche de son exp\u00e9rience, forte de sa modernit\u00e9<\/h2>\n<table border=\"0\" cellspacing=\"1\" cellpadding=\"1\">\n<tbody>\n<tr>\n<td>Deux grandes mutuelles se sont rapproch\u00e9es pour donner naissance \u00e0 Apivia Mutuelle :<\/p>\n<p><strong>Smam Mutuelle, travaillant depuis plus de 30 ans avec le courtage sous la marque SMAM Assurances,\u00a0<\/strong>reconnue pour son exp\u00e9rience et sa force de distribution.<\/p>\n<p><strong>Smip, int\u00e9gr\u00e9e au Groupe Macif,\u00a0<\/strong>reconnue pour son expertise en gestion de contrats sant\u00e9 et sa capacit\u00e9 d\u2019innovation.<\/p>\n<p><strong>Apivia Mutuelle r\u00e9invente ainsi l&rsquo;offre mutualiste\u00a0<\/strong>et se met pleinement au service de ses partenaires et de tous ses adh\u00e9rents, ceux d&rsquo;aujourd&rsquo;hui et ceux des g\u00e9n\u00e9rations \u00e0 venir.<\/td>\n<\/tr>\n<\/tbody>\n<\/table>\n<h2>APIVIA MUTUELLE EN CHIFFRES CLES<\/h2>\n<ul>\n<li>275 M\u20ac de chiffre d\u2019affaires<\/li>\n<li>110 M\u20ac de fonds propres<\/li>\n<li>635 000 personnes g\u00e9r\u00e9es<\/li>\n<li>597 collaborateurs<\/li>\n<\/ul>\n<h2>SES ENGAGEMENTS<\/h2>\n<table border=\"0\" cellspacing=\"1\" cellpadding=\"1\">\n<tbody>\n<tr>\n<td width=\"690\">\n<img loading=\"lazy\" decoding=\"async\" src=\"http:\/\/www.smamassurances.com\/files\/image\/1.jpg\" alt=\"\" width=\"13\" height=\"13\" \/>\u00a0 Vous \u00e9viter toute avance de frais pour vos soins \u00e0 l\u2019aide du tiers payant national sur simple pr\u00e9sentation de votre carte Apivia Mutuelle<br \/>\n<img loading=\"lazy\" decoding=\"async\" src=\"http:\/\/www.smamassurances.com\/files\/image\/2.jpg\" alt=\"\" width=\"13\" height=\"13\" \/>\u00a0 Vous rembourser de vos d\u00e9penses de sant\u00e9 sous 48 heures avec la possibilit\u00e9 de recevoir vos d\u00e9comptes par e-mail<br \/>\n<img loading=\"lazy\" decoding=\"async\" src=\"http:\/\/www.smamassurances.com\/files\/image\/3.jpg\" alt=\"\" width=\"13\" height=\"13\" \/>\u00a0Vous prendre en charge imm\u00e9diatement pour vos soins, quel que soit votre \u00e9tat de sant\u00e9<br \/>\n<img loading=\"lazy\" decoding=\"async\" src=\"http:\/\/www.smamassurances.com\/files\/image\/4.jpg\" alt=\"\" width=\"13\" height=\"13\" \/>\u00a0Vous proposer des entretiens conseils r\u00e9guliers et un suivi\u00a0 dans la dur\u00e9e<br \/>\n<img loading=\"lazy\" decoding=\"async\" src=\"http:\/\/www.smamassurances.com\/files\/image\/5.jpg\" alt=\"\" width=\"13\" height=\"13\" \/>\u00a0Vous faire b\u00e9n\u00e9ficier d\u2019une adh\u00e9sion ouverte \u00e0 tous, sans questionnaire de sant\u00e9, sans limite d\u2019\u00e2ge, sans d\u00e9lai d\u2019attente<br \/>\n<img loading=\"lazy\" decoding=\"async\" src=\"http:\/\/www.smamassurances.com\/files\/image\/6.jpg\" alt=\"\" width=\"13\" height=\"13\" \/>\u00a0Vous faire profiter d\u2019offres et de solutions performantes,\u00a0 innovantes<\/td>\n<\/tr>\n<\/tbody>\n<\/table>\n<p>&nbsp;<\/p>\n<p>&nbsp;<\/p>\n<p>&nbsp;<\/p>\n<p><a href=\"http:\/\/adevie.com\/index.php\/formulaires\/contact\/\"><img loading=\"lazy\" decoding=\"async\" class=\"aligncenter wp-image-645 size-medium\" src=\"http:\/\/adevie.com\/wp-content\/uploads\/2018\/02\/contact-300x107.jpg\" alt=\"\" width=\"300\" height=\"107\" srcset=\"https:\/\/adevie.com\/wp-content\/uploads\/2018\/02\/contact-300x107.jpg 300w, https:\/\/adevie.com\/wp-content\/uploads\/2018\/02\/contact.jpg 674w\" sizes=\"(max-width: 300px) 100vw, 300px\" \/><\/a><\/p>\n<p>&nbsp;<\/p>\n","protected":false},"excerpt":{"rendered":"<p>Apivia Mutuelle, riche de son exp\u00e9rience, forte de sa modernit\u00e9 Deux grandes mutuelles se sont rapproch\u00e9es pour donner naissance \u00e0 Apivia Mutuelle : Smam Mutuelle, travaillant depuis plus de 30 ans avec le courtage sous la marque SMAM Assurances,\u00a0reconnue pour son exp\u00e9rience et sa force de distribution. Smip, int\u00e9gr\u00e9e au Groupe Macif,\u00a0reconnue pour son expertise [&hellip;]<\/p>\n","protected":false},"author":1,"featured_media":602,"parent":76,"menu_order":0,"comment_status":"closed","ping_status":"closed","template":"","meta":{"footnotes":""},"_links":{"self":[{"href":"https:\/\/adevie.com\/index.php\/wp-json\/wp\/v2\/pages\/518"}],"collection":[{"href":"https:\/\/adevie.com\/index.php\/wp-json\/wp\/v2\/pages"}],"about":[{"href":"https:\/\/adevie.com\/index.php\/wp-json\/wp\/v2\/types\/page"}],"author":[{"embeddable":true,"href":"https:\/\/adevie.com\/index.php\/wp-json\/wp\/v2\/users\/1"}],"replies":[{"embeddable":true,"href":"https:\/\/adevie.com\/index.php\/wp-json\/wp\/v2\/comments?post=518"}],"version-history":[{"count":5,"href":"https:\/\/adevie.com\/index.php\/wp-json\/wp\/v2\/pages\/518\/revisions"}],"predecessor-version":[{"id":867,"href":"https:\/\/adevie.com\/index.php\/wp-json\/wp\/v2\/pages\/518\/revisions\/867"}],"up":[{"embeddable":true,"href":"https:\/\/adevie.com\/index.php\/wp-json\/wp\/v2\/pages\/76"}],"wp:featuredmedia":[{"embeddable":true,"href":"https:\/\/adevie.com\/index.php\/wp-json\/wp\/v2\/media\/602"}],"wp:attachment":[{"href":"https:\/\/adevie.com\/index.php\/wp-json\/wp\/v2\/media?parent=518"}],"curies":[{"name":"wp","href":"https:\/\/api.w.org\/{rel}","templated":true}]}}