{"id":524,"date":"2018-02-02T15:03:26","date_gmt":"2018-02-02T14:03:26","guid":{"rendered":"http:\/\/adevie.com\/?page_id=524"},"modified":"2018-02-27T14:28:59","modified_gmt":"2018-02-27T13:28:59","slug":"asaf-afps","status":"publish","type":"page","link":"https:\/\/adevie.com\/index.php\/partenaires\/asaf-afps\/","title":{"rendered":"Asaf-Afps"},"content":{"rendered":"<p><img loading=\"lazy\" decoding=\"async\" class=\"wp-image-107 aligncenter\" src=\"http:\/\/adevie.com\/wp-content\/uploads\/2018\/02\/ASAFAFPS-530-294x300.jpg\" alt=\"\" width=\"181\" height=\"185\" \/><\/p>\n<h2>UNE VOCATION<\/h2>\n<p class=\"\">L\u2019ASAF (Association Sant\u00e9 et Action Familiale) &amp; AFPS (Action Familiale de Pr\u00e9voyance Sociale) assurent depuis plus de 40 ans la protection sociale de tous les profils de particuliers : Seniors, Travailleurs Non Salari\u00e9s, Familles, Couples\u2026<\/p>\n<p class=\"description\">\u00c0 l\u2019origine de leur cr\u00e9ation, la volont\u00e9 d\u2019accompagner au mieux chaque Adh\u00e9rent au-del\u00e0 des crit\u00e8res d\u2019\u00e2ge et de situation, en proposant des garanties performantes, renforc\u00e9es par des services personnalis\u00e9s et des avantages r\u00e9compensant leur fid\u00e9lit\u00e9.<\/p>\n<h2>UNE MISSION QUOTIDIENNE<\/h2>\n<p class=\"\">\u00c0 l\u2019ASAF &amp; AFPS, nous nous inscrivons dans une d\u00e9marche humaine forte, pla\u00e7ant la satisfaction de nos Adh\u00e9rents au c\u0153ur de nos activit\u00e9s et projets d\u2019\u00e9volution.<\/p>\n<p>Cet attachement \u00e0 r\u00e9pondre en toutes circonstances \u00e0 leurs attentes s\u2019illustre \u00e0 travers deux r\u00e8gles que nous suivons fid\u00e8lement, jour apr\u00e8s jour :<\/p>\n<p>1- anticiper l\u2019\u00e9volution des besoins de nos Assur\u00e9s<\/p>\n<p>2- leur apporter des solutions compl\u00e8tes qui les prot\u00e8gent \u00e0 chaque \u00e9tape de la vie.<\/p>\n<h2>DES VALEURS HISTORIQUES<\/h2>\n<p class=\"\">Aujourd\u2019hui, 213 000 b\u00e9n\u00e9ficiaires font confiance \u00e0 l\u2019ASAF &amp; AFPS pour la gestion de leurs contrats Sant\u00e9 et Pr\u00e9voyance.<\/p>\n<p>Leurs sources d\u2019inspiration dans cet objectif ? Les valeurs de proximit\u00e9, d\u2019\u00e9coute et de solidarit\u00e9, port\u00e9es par un savoir-faire reconnu et partag\u00e9es avec notre r\u00e9seau national d\u2019Assureurs Conseil Partenaires.<\/p>\n<p>Cette dynamique s\u2019enrichit chaque ann\u00e9e des derni\u00e8res tendances en mati\u00e8re de protection sociale. Une observation du secteur essentielle, anim\u00e9e par des experts et des Partenaires, afin d\u2019offrir les meilleures prestations au tarif le plus juste. Car prot\u00e9ger efficacement les Adh\u00e9rents passe aussi par l\u2019acc\u00e8s aux pratiques les plus r\u00e9centes et par la pr\u00e9servation de leur budget.<\/p>\n<p>&nbsp;<\/p>\n<p><a href=\"http:\/\/adevie.com\/index.php\/formulaires\/contact\/\"><img loading=\"lazy\" decoding=\"async\" class=\"aligncenter wp-image-645 size-medium\" src=\"http:\/\/adevie.com\/wp-content\/uploads\/2018\/02\/contact-300x107.jpg\" alt=\"\" width=\"300\" height=\"107\" srcset=\"https:\/\/adevie.com\/wp-content\/uploads\/2018\/02\/contact-300x107.jpg 300w, https:\/\/adevie.com\/wp-content\/uploads\/2018\/02\/contact.jpg 674w\" sizes=\"(max-width: 300px) 100vw, 300px\" \/><\/a><\/p>\n","protected":false},"excerpt":{"rendered":"<p>UNE VOCATION L\u2019ASAF (Association Sant\u00e9 et Action Familiale) &amp; AFPS (Action Familiale de Pr\u00e9voyance Sociale) assurent depuis plus de 40 ans la protection sociale de tous les profils de particuliers : Seniors, Travailleurs Non Salari\u00e9s, Familles, Couples\u2026 \u00c0 l\u2019origine de leur cr\u00e9ation, la volont\u00e9 d\u2019accompagner au mieux chaque Adh\u00e9rent au-del\u00e0 des crit\u00e8res d\u2019\u00e2ge et de [&hellip;]<\/p>\n","protected":false},"author":1,"featured_media":107,"parent":76,"menu_order":0,"comment_status":"closed","ping_status":"closed","template":"","meta":{"footnotes":""},"_links":{"self":[{"href":"https:\/\/adevie.com\/index.php\/wp-json\/wp\/v2\/pages\/524"}],"collection":[{"href":"https:\/\/adevie.com\/index.php\/wp-json\/wp\/v2\/pages"}],"about":[{"href":"https:\/\/adevie.com\/index.php\/wp-json\/wp\/v2\/types\/page"}],"author":[{"embeddable":true,"href":"https:\/\/adevie.com\/index.php\/wp-json\/wp\/v2\/users\/1"}],"replies":[{"embeddable":true,"href":"https:\/\/adevie.com\/index.php\/wp-json\/wp\/v2\/comments?post=524"}],"version-history":[{"count":4,"href":"https:\/\/adevie.com\/index.php\/wp-json\/wp\/v2\/pages\/524\/revisions"}],"predecessor-version":[{"id":870,"href":"https:\/\/adevie.com\/index.php\/wp-json\/wp\/v2\/pages\/524\/revisions\/870"}],"up":[{"embeddable":true,"href":"https:\/\/adevie.com\/index.php\/wp-json\/wp\/v2\/pages\/76"}],"wp:featuredmedia":[{"embeddable":true,"href":"https:\/\/adevie.com\/index.php\/wp-json\/wp\/v2\/media\/107"}],"wp:attachment":[{"href":"https:\/\/adevie.com\/index.php\/wp-json\/wp\/v2\/media?parent=524"}],"curies":[{"name":"wp","href":"https:\/\/api.w.org\/{rel}","templated":true}]}}