{"id":616,"date":"2018-02-05T15:21:33","date_gmt":"2018-02-05T14:21:33","guid":{"rendered":"http:\/\/adevie.com\/?page_id=616"},"modified":"2019-03-05T10:42:44","modified_gmt":"2019-03-05T09:42:44","slug":"contrat-sante-labellise","status":"publish","type":"page","link":"https:\/\/adevie.com\/index.php\/produits-2\/sante\/contrat-sante-labellise\/","title":{"rendered":"Contrat Sant\u00e9 Labellis\u00e9"},"content":{"rendered":"\n<div class=\"wp-block-image\"><figure class=\"aligncenter\"><img loading=\"lazy\" decoding=\"async\" width=\"227\" height=\"199\" src=\"http:\/\/adevie.com\/wp-content\/uploads\/2019\/03\/sante4.jpg\" alt=\"\" class=\"wp-image-1022\"\/><\/figure><\/div>\n\n\n<p>\u00a0<\/p>\n<p>B\u00e9n\u00e9ficiez d&rsquo;un contrat Compl\u00e9mentaire Sant\u00e9 Labellis\u00e9 permettant de b\u00e9n\u00e9ficier de la participation mise en place par votre collectivit\u00e9 locale<\/p>\n<p>\u00a0<\/p>\n<p><a href=\"http:\/\/adevie.com\/index.php\/formulaires\/contact\/\"><img loading=\"lazy\" decoding=\"async\" class=\"aligncenter wp-image-645 size-medium\" src=\"http:\/\/adevie.com\/wp-content\/uploads\/2018\/02\/contact-300x107.jpg\" alt=\"\" width=\"300\" height=\"107\" srcset=\"https:\/\/adevie.com\/wp-content\/uploads\/2018\/02\/contact-300x107.jpg 300w, https:\/\/adevie.com\/wp-content\/uploads\/2018\/02\/contact.jpg 674w\" sizes=\"(max-width: 300px) 100vw, 300px\" \/><\/a><\/p>","protected":false},"excerpt":{"rendered":"<p>\u00a0 B\u00e9n\u00e9ficiez d&rsquo;un contrat Compl\u00e9mentaire Sant\u00e9 Labellis\u00e9 permettant de b\u00e9n\u00e9ficier de la participation mise en place par votre collectivit\u00e9 locale \u00a0<\/p>\n","protected":false},"author":1,"featured_media":1022,"parent":325,"menu_order":0,"comment_status":"closed","ping_status":"closed","template":"","meta":{"footnotes":""},"_links":{"self":[{"href":"https:\/\/adevie.com\/index.php\/wp-json\/wp\/v2\/pages\/616"}],"collection":[{"href":"https:\/\/adevie.com\/index.php\/wp-json\/wp\/v2\/pages"}],"about":[{"href":"https:\/\/adevie.com\/index.php\/wp-json\/wp\/v2\/types\/page"}],"author":[{"embeddable":true,"href":"https:\/\/adevie.com\/index.php\/wp-json\/wp\/v2\/users\/1"}],"replies":[{"embeddable":true,"href":"https:\/\/adevie.com\/index.php\/wp-json\/wp\/v2\/comments?post=616"}],"version-history":[{"count":3,"href":"https:\/\/adevie.com\/index.php\/wp-json\/wp\/v2\/pages\/616\/revisions"}],"predecessor-version":[{"id":1023,"href":"https:\/\/adevie.com\/index.php\/wp-json\/wp\/v2\/pages\/616\/revisions\/1023"}],"up":[{"embeddable":true,"href":"https:\/\/adevie.com\/index.php\/wp-json\/wp\/v2\/pages\/325"}],"wp:featuredmedia":[{"embeddable":true,"href":"https:\/\/adevie.com\/index.php\/wp-json\/wp\/v2\/media\/1022"}],"wp:attachment":[{"href":"https:\/\/adevie.com\/index.php\/wp-json\/wp\/v2\/media?parent=616"}],"curies":[{"name":"wp","href":"https:\/\/api.w.org\/{rel}","templated":true}]}}