{"id":842,"date":"2018-02-14T16:56:42","date_gmt":"2018-02-14T15:56:42","guid":{"rendered":"http:\/\/adevie.com\/?page_id=842"},"modified":"2018-02-14T17:06:33","modified_gmt":"2018-02-14T16:06:33","slug":"dommages-ouvrage","status":"publish","type":"page","link":"https:\/\/adevie.com\/index.php\/produits-2\/divers\/dommages-ouvrage\/","title":{"rendered":"Dommages-Ouvrage"},"content":{"rendered":"<h1 dir=\"ltr\" style=\"text-align: center;\"><strong>DOMMAGES-OUVRAGE<\/strong><\/h1>\n<div dir=\"ltr\"><img loading=\"lazy\" decoding=\"async\" class=\"size-medium wp-image-843 aligncenter\" src=\"http:\/\/adevie.com\/wp-content\/uploads\/2018\/02\/DO-300x300.jpg\" alt=\"\" width=\"300\" height=\"300\" srcset=\"https:\/\/adevie.com\/wp-content\/uploads\/2018\/02\/DO-300x300.jpg 300w, https:\/\/adevie.com\/wp-content\/uploads\/2018\/02\/DO-150x150.jpg 150w, https:\/\/adevie.com\/wp-content\/uploads\/2018\/02\/DO.jpg 550w\" sizes=\"(max-width: 300px) 100vw, 300px\" \/><\/div>\n<div dir=\"ltr\"><\/div>\n<blockquote>\n<div dir=\"ltr\">Toute personne qui fait construire ou r\u00e9aliser des travaux de r\u00e9novation par une entreprise doit souscrire une assurance construction dommages-ouvrage.<\/div>\n<div dir=\"ltr\">Elle permet en cas de sinistre de proc\u00e9der aux remboursement ou \u00e0 l\u2019ex\u00e9cution de toutes les r\u00e9parations faisant l&rsquo;objet de la garantie d\u00e9cennale, sans attendre qu&rsquo;intervienne une d\u00e9cision de justice.<\/div>\n<\/blockquote>\n<div dir=\"ltr\"><a href=\"http:\/\/adevie.com\/index.php\/formulaires\/contact\/\"><img loading=\"lazy\" decoding=\"async\" class=\"aligncenter wp-image-645 size-medium\" src=\"http:\/\/adevie.com\/wp-content\/uploads\/2018\/02\/contact-300x107.jpg\" alt=\"\" width=\"300\" height=\"107\" srcset=\"https:\/\/adevie.com\/wp-content\/uploads\/2018\/02\/contact-300x107.jpg 300w, https:\/\/adevie.com\/wp-content\/uploads\/2018\/02\/contact.jpg 674w\" sizes=\"(max-width: 300px) 100vw, 300px\" \/><\/a><\/div>\n","protected":false},"excerpt":{"rendered":"<p>DOMMAGES-OUVRAGE Toute personne qui fait construire ou r\u00e9aliser des travaux de r\u00e9novation par une entreprise doit souscrire une assurance construction dommages-ouvrage. Elle permet en cas de sinistre de proc\u00e9der aux remboursement ou \u00e0 l\u2019ex\u00e9cution de toutes les r\u00e9parations faisant l&rsquo;objet de la garantie d\u00e9cennale, sans attendre qu&rsquo;intervienne une d\u00e9cision de justice.<\/p>\n","protected":false},"author":1,"featured_media":843,"parent":386,"menu_order":0,"comment_status":"closed","ping_status":"closed","template":"","meta":{"footnotes":""},"_links":{"self":[{"href":"https:\/\/adevie.com\/index.php\/wp-json\/wp\/v2\/pages\/842"}],"collection":[{"href":"https:\/\/adevie.com\/index.php\/wp-json\/wp\/v2\/pages"}],"about":[{"href":"https:\/\/adevie.com\/index.php\/wp-json\/wp\/v2\/types\/page"}],"author":[{"embeddable":true,"href":"https:\/\/adevie.com\/index.php\/wp-json\/wp\/v2\/users\/1"}],"replies":[{"embeddable":true,"href":"https:\/\/adevie.com\/index.php\/wp-json\/wp\/v2\/comments?post=842"}],"version-history":[{"count":2,"href":"https:\/\/adevie.com\/index.php\/wp-json\/wp\/v2\/pages\/842\/revisions"}],"predecessor-version":[{"id":854,"href":"https:\/\/adevie.com\/index.php\/wp-json\/wp\/v2\/pages\/842\/revisions\/854"}],"up":[{"embeddable":true,"href":"https:\/\/adevie.com\/index.php\/wp-json\/wp\/v2\/pages\/386"}],"wp:featuredmedia":[{"embeddable":true,"href":"https:\/\/adevie.com\/index.php\/wp-json\/wp\/v2\/media\/843"}],"wp:attachment":[{"href":"https:\/\/adevie.com\/index.php\/wp-json\/wp\/v2\/media?parent=842"}],"curies":[{"name":"wp","href":"https:\/\/api.w.org\/{rel}","templated":true}]}}