{"id":848,"date":"2018-02-14T17:03:35","date_gmt":"2018-02-14T16:03:35","guid":{"rendered":"http:\/\/adevie.com\/?page_id=848"},"modified":"2018-02-14T17:07:09","modified_gmt":"2018-02-14T16:07:09","slug":"decennale","status":"publish","type":"page","link":"https:\/\/adevie.com\/index.php\/produits-2\/professionnel\/decennale\/","title":{"rendered":"D\u00e9cennale"},"content":{"rendered":"<h1 style=\"text-align: center;\">Garantie d\u00e9cennale en assurance construction<\/h1>\n<div class=\"toolbar toolbar-top\" style=\"text-align: center;\"><\/div>\n<header id=\"headerPage\">\n<div class=\"toolbar toolbar-top\">\n<div class=\"toolbar-share\">\n<p><img loading=\"lazy\" decoding=\"async\" class=\"alignnone size-medium wp-image-849 aligncenter\" src=\"http:\/\/adevie.com\/wp-content\/uploads\/2018\/02\/assurance-dommage-ouvrage-300x300.jpg\" alt=\"\" width=\"300\" height=\"300\" srcset=\"https:\/\/adevie.com\/wp-content\/uploads\/2018\/02\/assurance-dommage-ouvrage-300x300.jpg 300w, https:\/\/adevie.com\/wp-content\/uploads\/2018\/02\/assurance-dommage-ouvrage-150x150.jpg 150w, https:\/\/adevie.com\/wp-content\/uploads\/2018\/02\/assurance-dommage-ouvrage.jpg 720w\" sizes=\"(max-width: 300px) 100vw, 300px\" \/><\/p>\n<p>&nbsp;<\/p>\n<blockquote><p>L&rsquo;assurance responsabilit\u00e9 professionnelle \u00e9galement appel\u00e9e <span class=\"expression\"><em>garantie d\u00e9cennale<\/em><\/span> garantit la r\u00e9paration des dommages qui se produisent apr\u00e8s la r\u00e9ception des travaux (fin officielle du chantier), sans attendre une d\u00e9cision de justice.<\/p><\/blockquote>\n<p><a href=\"http:\/\/adevie.com\/index.php\/formulaires\/contact\/\"><img loading=\"lazy\" decoding=\"async\" class=\"aligncenter wp-image-645 size-medium\" src=\"http:\/\/adevie.com\/wp-content\/uploads\/2018\/02\/contact-300x107.jpg\" alt=\"\" width=\"300\" height=\"107\" srcset=\"https:\/\/adevie.com\/wp-content\/uploads\/2018\/02\/contact-300x107.jpg 300w, https:\/\/adevie.com\/wp-content\/uploads\/2018\/02\/contact.jpg 674w\" sizes=\"(max-width: 300px) 100vw, 300px\" \/><\/a><\/p>\n<\/div>\n<\/div>\n<\/header>\n","protected":false},"excerpt":{"rendered":"<p>Garantie d\u00e9cennale en assurance construction &nbsp; L&rsquo;assurance responsabilit\u00e9 professionnelle \u00e9galement appel\u00e9e garantie d\u00e9cennale garantit la r\u00e9paration des dommages qui se produisent apr\u00e8s la r\u00e9ception des travaux (fin officielle du chantier), sans attendre une d\u00e9cision de justice.<\/p>\n","protected":false},"author":1,"featured_media":849,"parent":334,"menu_order":0,"comment_status":"closed","ping_status":"closed","template":"","meta":{"footnotes":""},"_links":{"self":[{"href":"https:\/\/adevie.com\/index.php\/wp-json\/wp\/v2\/pages\/848"}],"collection":[{"href":"https:\/\/adevie.com\/index.php\/wp-json\/wp\/v2\/pages"}],"about":[{"href":"https:\/\/adevie.com\/index.php\/wp-json\/wp\/v2\/types\/page"}],"author":[{"embeddable":true,"href":"https:\/\/adevie.com\/index.php\/wp-json\/wp\/v2\/users\/1"}],"replies":[{"embeddable":true,"href":"https:\/\/adevie.com\/index.php\/wp-json\/wp\/v2\/comments?post=848"}],"version-history":[{"count":2,"href":"https:\/\/adevie.com\/index.php\/wp-json\/wp\/v2\/pages\/848\/revisions"}],"predecessor-version":[{"id":855,"href":"https:\/\/adevie.com\/index.php\/wp-json\/wp\/v2\/pages\/848\/revisions\/855"}],"up":[{"embeddable":true,"href":"https:\/\/adevie.com\/index.php\/wp-json\/wp\/v2\/pages\/334"}],"wp:featuredmedia":[{"embeddable":true,"href":"https:\/\/adevie.com\/index.php\/wp-json\/wp\/v2\/media\/849"}],"wp:attachment":[{"href":"https:\/\/adevie.com\/index.php\/wp-json\/wp\/v2\/media?parent=848"}],"curies":[{"name":"wp","href":"https:\/\/api.w.org\/{rel}","templated":true}]}}