{"id":912,"date":"2018-04-26T17:45:26","date_gmt":"2018-04-26T15:45:26","guid":{"rendered":"http:\/\/adevie.com\/?page_id=912"},"modified":"2018-04-26T17:45:26","modified_gmt":"2018-04-26T15:45:26","slug":"epargne-handicap-et-rente-survie","status":"publish","type":"page","link":"https:\/\/adevie.com\/index.php\/produits-2\/epargne\/assurance-vie\/epargne-handicap-et-rente-survie\/","title":{"rendered":"\u00c9pargne Handicap et Rente Survie"},"content":{"rendered":"<h1><img loading=\"lazy\" decoding=\"async\" class=\"size-medium wp-image-898 aligncenter\" src=\"http:\/\/adevie.com\/wp-content\/uploads\/2018\/03\/Assurance-Vie-400x400-300x300.jpg\" alt=\"\" width=\"300\" height=\"300\" srcset=\"https:\/\/adevie.com\/wp-content\/uploads\/2018\/03\/Assurance-Vie-400x400-300x300.jpg 300w, https:\/\/adevie.com\/wp-content\/uploads\/2018\/03\/Assurance-Vie-400x400-150x150.jpg 150w, https:\/\/adevie.com\/wp-content\/uploads\/2018\/03\/Assurance-Vie-400x400.jpg 400w\" sizes=\"(max-width: 300px) 100vw, 300px\" \/><\/h1>\n<h1 style=\"text-align: center;\">\u00c9pargne Handicap et Rente Survie<\/h1>\n<p>&nbsp;<\/p>\n<p>L&rsquo;Epargne Handicap est un contrat d&rsquo;Assurance-Vie qui est souscrit par une personne handicap\u00e9e.<\/p>\n<p>A terme, il permet le versement d&rsquo;un capital ou d&rsquo;une rente.<\/p>\n<p>Ce contrat permet de b\u00e9n\u00e9ficier d&rsquo;avantages fiscaux \u00e0 condition de le garder au moins 6 ans :<\/p>\n<p>&#8211; d\u00e9ductibilit\u00e9 d&rsquo;une partie des versements<\/p>\n<p>&#8211; la rente n&rsquo;entre pas en compte dans le calcul de l&rsquo;allocation aux adultes handicap\u00e9s.<\/p>\n<p>&nbsp;<\/p>\n<p><a href=\"http:\/\/adevie.com\/index.php\/formulaires\/contact\/\"><img loading=\"lazy\" decoding=\"async\" class=\"aligncenter wp-image-645 size-medium\" src=\"http:\/\/adevie.com\/wp-content\/uploads\/2018\/02\/contact-300x107.jpg\" alt=\"\" width=\"300\" height=\"107\" srcset=\"https:\/\/adevie.com\/wp-content\/uploads\/2018\/02\/contact-300x107.jpg 300w, https:\/\/adevie.com\/wp-content\/uploads\/2018\/02\/contact.jpg 674w\" sizes=\"(max-width: 300px) 100vw, 300px\" \/><\/a><\/p>\n","protected":false},"excerpt":{"rendered":"<p>\u00c9pargne Handicap et Rente Survie &nbsp; L&rsquo;Epargne Handicap est un contrat d&rsquo;Assurance-Vie qui est souscrit par une personne handicap\u00e9e. A terme, il permet le versement d&rsquo;un capital ou d&rsquo;une rente. Ce contrat permet de b\u00e9n\u00e9ficier d&rsquo;avantages fiscaux \u00e0 condition de le garder au moins 6 ans : &#8211; d\u00e9ductibilit\u00e9 d&rsquo;une partie des versements &#8211; la [&hellip;]<\/p>\n","protected":false},"author":1,"featured_media":0,"parent":370,"menu_order":0,"comment_status":"closed","ping_status":"closed","template":"","meta":{"footnotes":""},"_links":{"self":[{"href":"https:\/\/adevie.com\/index.php\/wp-json\/wp\/v2\/pages\/912"}],"collection":[{"href":"https:\/\/adevie.com\/index.php\/wp-json\/wp\/v2\/pages"}],"about":[{"href":"https:\/\/adevie.com\/index.php\/wp-json\/wp\/v2\/types\/page"}],"author":[{"embeddable":true,"href":"https:\/\/adevie.com\/index.php\/wp-json\/wp\/v2\/users\/1"}],"replies":[{"embeddable":true,"href":"https:\/\/adevie.com\/index.php\/wp-json\/wp\/v2\/comments?post=912"}],"version-history":[{"count":1,"href":"https:\/\/adevie.com\/index.php\/wp-json\/wp\/v2\/pages\/912\/revisions"}],"predecessor-version":[{"id":913,"href":"https:\/\/adevie.com\/index.php\/wp-json\/wp\/v2\/pages\/912\/revisions\/913"}],"up":[{"embeddable":true,"href":"https:\/\/adevie.com\/index.php\/wp-json\/wp\/v2\/pages\/370"}],"wp:attachment":[{"href":"https:\/\/adevie.com\/index.php\/wp-json\/wp\/v2\/media?parent=912"}],"curies":[{"name":"wp","href":"https:\/\/api.w.org\/{rel}","templated":true}]}}