{"id":997,"date":"2019-03-05T09:58:39","date_gmt":"2019-03-05T08:58:39","guid":{"rendered":"http:\/\/adevie.com\/?page_id=997"},"modified":"2019-03-05T09:59:39","modified_gmt":"2019-03-05T08:59:39","slug":"protection-juridique","status":"publish","type":"page","link":"https:\/\/adevie.com\/index.php\/produits-2\/divers\/protection-juridique\/","title":{"rendered":"Protection Juridique"},"content":{"rendered":"\n<div class=\"wp-block-image\"><figure class=\"aligncenter is-resized\"><img loading=\"lazy\" decoding=\"async\" src=\"http:\/\/adevie.com\/wp-content\/uploads\/2019\/03\/pj.jpg\" alt=\"\" class=\"wp-image-998\" width=\"140\" height=\"178\" srcset=\"https:\/\/adevie.com\/wp-content\/uploads\/2019\/03\/pj.jpg 307w, https:\/\/adevie.com\/wp-content\/uploads\/2019\/03\/pj-236x300.jpg 236w\" sizes=\"(max-width: 140px) 100vw, 140px\" \/><figcaption>Protection Juridique<\/figcaption><\/figure><\/div>\n\n\n\n<h4 class=\"wp-block-heading\"><strong>Protection Juridique Vie Priv\u00e9e<\/strong><\/h4>\n\n\n\n<p>Vous \u00eates parfois confront\u00e9 \u00e0 des situations pour lesquelles vous auriez besoin d&rsquo;\u00eatre \u00e9paul\u00e9 : colis jamais livr\u00e9, vol annul\u00e9, souci de voisinage, d\u00e9couverte d\u2019un vice cach\u00e9, probl\u00e8me de syndic, point juridique concernant le contrat de travail, harc\u00e8lement sur les r\u00e9seaux sociaux, etc. Difficile de savoir comment r\u00e9agir et faire valoir vos droits. Gr\u00e2ce \u00e0 notre assurance juridique, nous vous conseillons et d\u00e9fendons vos droits en cas de litige.<\/p>\n\n\n\n<h4 class=\"wp-block-heading\"><strong>Protection Juridique Patrimoniale<\/strong><\/h4>\n\n\n\n<p>Vous vous \u00eates constitu\u00e9s un patrimoine immobilier et vous souhaitez vous \u00eatre accompagn\u00e9 dans l&rsquo;\u00e9laboration des baux, recouvrir des loyers impay\u00e9s\u2026 Ce produit est fait pour vous.<\/p>\n\n\n\n<h4 class=\"wp-block-heading\"><strong>Protection Juridique Professionnelle<\/strong><\/h4>\n\n\n\n<p>Vous avez une entreprise et vous \u00eates en relation avec des fournisseurs, clients, salari\u00e9s avec qui les relations peuvent se d\u00e9grader. Nous vous accompagnions avec la Protection Juridique Professionnelle <iframe loading=\"lazy\" width=\"100%\" height=\"450px\" src=\"https:\/\/adevie.oggo-data.net\/iform\/pj\" frameborder=\"0\"> <\/p>\n","protected":false},"excerpt":{"rendered":"<p>Protection Juridique Vie Priv\u00e9e Vous \u00eates parfois confront\u00e9 \u00e0 des situations pour lesquelles vous auriez besoin d&rsquo;\u00eatre \u00e9paul\u00e9 : colis jamais livr\u00e9, vol annul\u00e9, souci de voisinage, d\u00e9couverte d\u2019un vice cach\u00e9, probl\u00e8me de syndic, point juridique concernant le contrat de travail, harc\u00e8lement sur les r\u00e9seaux sociaux, etc. Difficile de savoir comment r\u00e9agir et faire valoir [&hellip;]<\/p>\n","protected":false},"author":1,"featured_media":998,"parent":386,"menu_order":0,"comment_status":"closed","ping_status":"closed","template":"","meta":{"footnotes":""},"_links":{"self":[{"href":"https:\/\/adevie.com\/index.php\/wp-json\/wp\/v2\/pages\/997"}],"collection":[{"href":"https:\/\/adevie.com\/index.php\/wp-json\/wp\/v2\/pages"}],"about":[{"href":"https:\/\/adevie.com\/index.php\/wp-json\/wp\/v2\/types\/page"}],"author":[{"embeddable":true,"href":"https:\/\/adevie.com\/index.php\/wp-json\/wp\/v2\/users\/1"}],"replies":[{"embeddable":true,"href":"https:\/\/adevie.com\/index.php\/wp-json\/wp\/v2\/comments?post=997"}],"version-history":[{"count":2,"href":"https:\/\/adevie.com\/index.php\/wp-json\/wp\/v2\/pages\/997\/revisions"}],"predecessor-version":[{"id":1000,"href":"https:\/\/adevie.com\/index.php\/wp-json\/wp\/v2\/pages\/997\/revisions\/1000"}],"up":[{"embeddable":true,"href":"https:\/\/adevie.com\/index.php\/wp-json\/wp\/v2\/pages\/386"}],"wp:featuredmedia":[{"embeddable":true,"href":"https:\/\/adevie.com\/index.php\/wp-json\/wp\/v2\/media\/998"}],"wp:attachment":[{"href":"https:\/\/adevie.com\/index.php\/wp-json\/wp\/v2\/media?parent=997"}],"curies":[{"name":"wp","href":"https:\/\/api.w.org\/{rel}","templated":true}]}}